{"id":13767,"date":"2025-01-21T08:06:08","date_gmt":"2025-01-21T08:06:08","guid":{"rendered":"https:\/\/awero.ee\/toode\/badefass-hexagon-180-mit-ausenofen\/"},"modified":"2025-01-21T08:06:08","modified_gmt":"2025-01-21T08:06:08","slug":"badefass-hexagon-180-mit-ausenofen","status":"publish","type":"product","link":"https:\/\/awero.ee\/de\/toode\/badefass-hexagon-180-mit-ausenofen\/","title":{"rendered":"Badefass \u201eHexagon 180\u201c mit Au\u00dfenofen"},"content":{"rendered":"<p style=\"text-align: justify;\">: Das Besondere an diesem Badefass sind die pflegeleichte Wanne aus Glasfaserkunststoff, die luxuri\u00f6se Verkleidung aus Thermoholz sowie der Au\u00dfenofen aus hochwertigem Edelstahl (AISI 304). Dadurch werden weniger Zeit und Holz zum Aufheizen ben\u00f6tigt, und Sie kommen schneller in den Genuss der Harmonie.<\/p>\n<p style=\"text-align: justify;\">F\u00fcr das Badefass kann eine <span lang=\"ET\">Vielzah<\/span>l von <b><a href=\"https:\/\/awero.ee\/tootekategooria\/lisavarustus\/\">Zusatzausstattungen<\/a><\/b> bestellt werden: <span lang=\"ET\">LED-Beleuchtung (RGB)<\/span>, Luftsprudelanlage, digitales<span lang=\"ET\"> Wasserthermometer,<\/span> Stereoanlage, Getr\u00e4nkehalter, Filtersystem, w\u00e4rmeisolierte Thermoabdeckung und ein Betonsockel f\u00fcr das Badefass.<\/p>\n","protected":false},"excerpt":{"rendered":"<p>Der Preis enth\u00e4lt die Mehrwertsteuer.<br \/>Das Badefass \u201eHexagon Lux\u201c mit Au\u00dfenofen ist ein hochwertiges, bis ins Detail durchdachtes Badefass mit umfangreicher Zusatzausstattung, das ganzj\u00e4hrig einfach zu nutzen und f\u00fcr jedermann leicht zu pflegen ist.<\/p>\n","protected":false},"featured_media":13772,"template":"","meta":{"_acf_changed":false},"product_brand":[],"product_cat":[1672,1678],"product_tag":[],"class_list":{"0":"post-13767","1":"product","2":"type-product","3":"status-publish","4":"has-post-thumbnail","6":"product_cat-badefasser","7":"product_cat-mit-ausenofen","9":"first","10":"instock","11":"sale","12":"shipping-taxable","13":"product-type-variable"},"acf":[],"yoast_head":"<!-- This site is optimized with the Yoast SEO plugin v26.8 - https:\/\/yoast.com\/product\/yoast-seo-wordpress\/ -->\n<title>Badefass \u201eHexagon 180\u201c mit Au\u00dfenofen - Awero - S\u00fcdamega L\u00f5una-Eestist<\/title>\n<meta name=\"robots\" content=\"index, follow, max-snippet:-1, max-image-preview:large, max-video-preview:-1\" \/>\n<link rel=\"canonical\" href=\"https:\/\/awero.ee\/de\/toode\/badefass-hexagon-180-mit-ausenofen\/\" \/>\n<meta property=\"og:locale\" content=\"de_DE\" \/>\n<meta property=\"og:type\" content=\"article\" \/>\n<meta property=\"og:title\" content=\"Badefass \u201eHexagon 180\u201c mit Au\u00dfenofen - Awero - S\u00fcdamega L\u00f5una-Eestist\" \/>\n<meta property=\"og:description\" content=\"Der Preis enth\u00e4lt die Mehrwertsteuer.Das Badefass \u201eHexagon Lux\u201c mit Au\u00dfenofen ist ein hochwertiges, bis ins Detail durchdachtes Badefass mit umfangreicher Zusatzausstattung, das ganzj\u00e4hrig einfach zu nutzen und f\u00fcr jedermann leicht zu pflegen ist.\" \/>\n<meta property=\"og:url\" content=\"https:\/\/awero.ee\/de\/toode\/badefass-hexagon-180-mit-ausenofen\/\" \/>\n<meta property=\"og:site_name\" content=\"Awero - S\u00fcdamega L\u00f5una-Eestist\" \/>\n<meta property=\"og:image\" content=\"https:\/\/awero.ee\/wp-content\/uploads\/2025\/02\/HEXAGON.jpg\" \/>\n\t<meta property=\"og:image:width\" content=\"2500\" \/>\n\t<meta property=\"og:image:height\" content=\"1667\" \/>\n\t<meta property=\"og:image:type\" content=\"image\/jpeg\" \/>\n<meta name=\"twitter:card\" content=\"summary_large_image\" \/>\n<script type=\"application\/ld+json\" class=\"yoast-schema-graph\">{\"@context\":\"https:\/\/schema.org\",\"@graph\":[{\"@type\":\"WebPage\",\"@id\":\"https:\/\/awero.ee\/de\/toode\/badefass-hexagon-180-mit-ausenofen\/\",\"url\":\"https:\/\/awero.ee\/de\/toode\/badefass-hexagon-180-mit-ausenofen\/\",\"name\":\"Badefass \u201eHexagon 180\u201c mit Au\u00dfenofen - Awero - S\u00fcdamega L\u00f5una-Eestist\",\"isPartOf\":{\"@id\":\"https:\/\/awero.ee\/de\/#website\"},\"primaryImageOfPage\":{\"@id\":\"https:\/\/awero.ee\/de\/toode\/badefass-hexagon-180-mit-ausenofen\/#primaryimage\"},\"image\":{\"@id\":\"https:\/\/awero.ee\/de\/toode\/badefass-hexagon-180-mit-ausenofen\/#primaryimage\"},\"thumbnailUrl\":\"https:\/\/awero.ee\/wp-content\/uploads\/2025\/02\/HEXAGON.jpg\",\"datePublished\":\"2025-01-21T08:06:08+00:00\",\"breadcrumb\":{\"@id\":\"https:\/\/awero.ee\/de\/toode\/badefass-hexagon-180-mit-ausenofen\/#breadcrumb\"},\"inLanguage\":\"de\",\"potentialAction\":[{\"@type\":\"ReadAction\",\"target\":[\"https:\/\/awero.ee\/de\/toode\/badefass-hexagon-180-mit-ausenofen\/\"]}]},{\"@type\":\"ImageObject\",\"inLanguage\":\"de\",\"@id\":\"https:\/\/awero.ee\/de\/toode\/badefass-hexagon-180-mit-ausenofen\/#primaryimage\",\"url\":\"https:\/\/awero.ee\/wp-content\/uploads\/2025\/02\/HEXAGON.jpg\",\"contentUrl\":\"https:\/\/awero.ee\/wp-content\/uploads\/2025\/02\/HEXAGON.jpg\",\"width\":2500,\"height\":1667},{\"@type\":\"BreadcrumbList\",\"@id\":\"https:\/\/awero.ee\/de\/toode\/badefass-hexagon-180-mit-ausenofen\/#breadcrumb\",\"itemListElement\":[{\"@type\":\"ListItem\",\"position\":1,\"name\":\"Home\",\"item\":\"https:\/\/awero.ee\/de\/startseite\/\"},{\"@type\":\"ListItem\",\"position\":2,\"name\":\"Pood\",\"item\":\"https:\/\/awero.ee\/pood\/\"},{\"@type\":\"ListItem\",\"position\":3,\"name\":\"Badefass \u201eHexagon 180\u201c mit Au\u00dfenofen\"}]},{\"@type\":\"WebSite\",\"@id\":\"https:\/\/awero.ee\/de\/#website\",\"url\":\"https:\/\/awero.ee\/de\/\",\"name\":\"Awero - S\u00fcdamega L\u00f5una Eestist\",\"description\":\"\",\"publisher\":{\"@id\":\"https:\/\/awero.ee\/de\/#organization\"},\"potentialAction\":[{\"@type\":\"SearchAction\",\"target\":{\"@type\":\"EntryPoint\",\"urlTemplate\":\"https:\/\/awero.ee\/de\/?s={search_term_string}\"},\"query-input\":{\"@type\":\"PropertyValueSpecification\",\"valueRequired\":true,\"valueName\":\"search_term_string\"}}],\"inLanguage\":\"de\"},{\"@type\":\"Organization\",\"@id\":\"https:\/\/awero.ee\/de\/#organization\",\"name\":\"Awero - S\u00fcdamega L\u00f5una Eestist\",\"url\":\"https:\/\/awero.ee\/de\/\",\"logo\":{\"@type\":\"ImageObject\",\"inLanguage\":\"de\",\"@id\":\"https:\/\/awero.ee\/de\/#\/schema\/logo\/image\/\",\"url\":\"https:\/\/awero.ee\/wp-content\/uploads\/2024\/07\/aweroplaceholder.jpg\",\"contentUrl\":\"https:\/\/awero.ee\/wp-content\/uploads\/2024\/07\/aweroplaceholder.jpg\",\"width\":1250,\"height\":834,\"caption\":\"Awero - S\u00fcdamega L\u00f5una Eestist\"},\"image\":{\"@id\":\"https:\/\/awero.ee\/de\/#\/schema\/logo\/image\/\"}}]}<\/script>\n<!-- \/ Yoast SEO plugin. -->","yoast_head_json":{"title":"Badefass \u201eHexagon 180\u201c mit Au\u00dfenofen - Awero - S\u00fcdamega L\u00f5una-Eestist","robots":{"index":"index","follow":"follow","max-snippet":"max-snippet:-1","max-image-preview":"max-image-preview:large","max-video-preview":"max-video-preview:-1"},"canonical":"https:\/\/awero.ee\/de\/toode\/badefass-hexagon-180-mit-ausenofen\/","og_locale":"de_DE","og_type":"article","og_title":"Badefass \u201eHexagon 180\u201c mit Au\u00dfenofen - Awero - S\u00fcdamega L\u00f5una-Eestist","og_description":"Der Preis enth\u00e4lt die Mehrwertsteuer.Das Badefass \u201eHexagon Lux\u201c mit Au\u00dfenofen ist ein hochwertiges, bis ins Detail durchdachtes Badefass mit umfangreicher Zusatzausstattung, das ganzj\u00e4hrig einfach zu nutzen und f\u00fcr jedermann leicht zu pflegen ist.","og_url":"https:\/\/awero.ee\/de\/toode\/badefass-hexagon-180-mit-ausenofen\/","og_site_name":"Awero - S\u00fcdamega L\u00f5una-Eestist","og_image":[{"width":2500,"height":1667,"url":"https:\/\/awero.ee\/wp-content\/uploads\/2025\/02\/HEXAGON.jpg","type":"image\/jpeg"}],"twitter_card":"summary_large_image","schema":{"@context":"https:\/\/schema.org","@graph":[{"@type":"WebPage","@id":"https:\/\/awero.ee\/de\/toode\/badefass-hexagon-180-mit-ausenofen\/","url":"https:\/\/awero.ee\/de\/toode\/badefass-hexagon-180-mit-ausenofen\/","name":"Badefass \u201eHexagon 180\u201c mit Au\u00dfenofen - Awero - S\u00fcdamega L\u00f5una-Eestist","isPartOf":{"@id":"https:\/\/awero.ee\/de\/#website"},"primaryImageOfPage":{"@id":"https:\/\/awero.ee\/de\/toode\/badefass-hexagon-180-mit-ausenofen\/#primaryimage"},"image":{"@id":"https:\/\/awero.ee\/de\/toode\/badefass-hexagon-180-mit-ausenofen\/#primaryimage"},"thumbnailUrl":"https:\/\/awero.ee\/wp-content\/uploads\/2025\/02\/HEXAGON.jpg","datePublished":"2025-01-21T08:06:08+00:00","breadcrumb":{"@id":"https:\/\/awero.ee\/de\/toode\/badefass-hexagon-180-mit-ausenofen\/#breadcrumb"},"inLanguage":"de","potentialAction":[{"@type":"ReadAction","target":["https:\/\/awero.ee\/de\/toode\/badefass-hexagon-180-mit-ausenofen\/"]}]},{"@type":"ImageObject","inLanguage":"de","@id":"https:\/\/awero.ee\/de\/toode\/badefass-hexagon-180-mit-ausenofen\/#primaryimage","url":"https:\/\/awero.ee\/wp-content\/uploads\/2025\/02\/HEXAGON.jpg","contentUrl":"https:\/\/awero.ee\/wp-content\/uploads\/2025\/02\/HEXAGON.jpg","width":2500,"height":1667},{"@type":"BreadcrumbList","@id":"https:\/\/awero.ee\/de\/toode\/badefass-hexagon-180-mit-ausenofen\/#breadcrumb","itemListElement":[{"@type":"ListItem","position":1,"name":"Home","item":"https:\/\/awero.ee\/de\/startseite\/"},{"@type":"ListItem","position":2,"name":"Pood","item":"https:\/\/awero.ee\/pood\/"},{"@type":"ListItem","position":3,"name":"Badefass \u201eHexagon 180\u201c mit Au\u00dfenofen"}]},{"@type":"WebSite","@id":"https:\/\/awero.ee\/de\/#website","url":"https:\/\/awero.ee\/de\/","name":"Awero - S\u00fcdamega L\u00f5una Eestist","description":"","publisher":{"@id":"https:\/\/awero.ee\/de\/#organization"},"potentialAction":[{"@type":"SearchAction","target":{"@type":"EntryPoint","urlTemplate":"https:\/\/awero.ee\/de\/?s={search_term_string}"},"query-input":{"@type":"PropertyValueSpecification","valueRequired":true,"valueName":"search_term_string"}}],"inLanguage":"de"},{"@type":"Organization","@id":"https:\/\/awero.ee\/de\/#organization","name":"Awero - S\u00fcdamega L\u00f5una Eestist","url":"https:\/\/awero.ee\/de\/","logo":{"@type":"ImageObject","inLanguage":"de","@id":"https:\/\/awero.ee\/de\/#\/schema\/logo\/image\/","url":"https:\/\/awero.ee\/wp-content\/uploads\/2024\/07\/aweroplaceholder.jpg","contentUrl":"https:\/\/awero.ee\/wp-content\/uploads\/2024\/07\/aweroplaceholder.jpg","width":1250,"height":834,"caption":"Awero - S\u00fcdamega L\u00f5una Eestist"},"image":{"@id":"https:\/\/awero.ee\/de\/#\/schema\/logo\/image\/"}}]}},"_links":{"self":[{"href":"https:\/\/awero.ee\/de\/wp-json\/wp\/v2\/product\/13767","targetHints":{"allow":["GET"]}}],"collection":[{"href":"https:\/\/awero.ee\/de\/wp-json\/wp\/v2\/product"}],"about":[{"href":"https:\/\/awero.ee\/de\/wp-json\/wp\/v2\/types\/product"}],"wp:featuredmedia":[{"embeddable":true,"href":"https:\/\/awero.ee\/de\/wp-json\/wp\/v2\/media\/13772"}],"wp:attachment":[{"href":"https:\/\/awero.ee\/de\/wp-json\/wp\/v2\/media?parent=13767"}],"wp:term":[{"taxonomy":"product_brand","embeddable":true,"href":"https:\/\/awero.ee\/de\/wp-json\/wp\/v2\/product_brand?post=13767"},{"taxonomy":"product_cat","embeddable":true,"href":"https:\/\/awero.ee\/de\/wp-json\/wp\/v2\/product_cat?post=13767"},{"taxonomy":"product_tag","embeddable":true,"href":"https:\/\/awero.ee\/de\/wp-json\/wp\/v2\/product_tag?post=13767"}],"curies":[{"name":"wp","href":"https:\/\/api.w.org\/{rel}","templated":true}]}}