{"id":13721,"date":"2025-01-21T08:06:08","date_gmt":"2025-01-21T08:06:08","guid":{"rendered":"https:\/\/awero.ee\/toode\/badefass-delux-200-mit-innenofen\/"},"modified":"2025-01-21T08:06:08","modified_gmt":"2025-01-21T08:06:08","slug":"badefass-delux-200-mit-innenofen","status":"publish","type":"product","link":"https:\/\/awero.ee\/de\/toode\/badefass-delux-200-mit-innenofen\/","title":{"rendered":"Badefass \u201eDeLux 200\u201c mit Innenofen"},"content":{"rendered":"<div style=\"width: 3840px;\" class=\"wp-video\"><video class=\"wp-video-shortcode\" id=\"video-13721-1\" width=\"3840\" height=\"2160\" preload=\"metadata\" controls=\"controls\"><source type=\"video\/mp4\" src=\"https:\/\/awero.ee\/wp-content\/uploads\/2025\/01\/Delux-200-siseahjuga.mp4?_=1\" \/><a href=\"https:\/\/awero.ee\/wp-content\/uploads\/2025\/01\/Delux-200-siseahjuga.mp4\">https:\/\/awero.ee\/wp-content\/uploads\/2025\/01\/Delux-200-siseahjuga.mp4<\/a><\/video><\/div>\n<p style=\"text-align: justify;\">Das Besondere an diesem Badefass sind die <strong>ergonomische<\/strong> und pflegeleichte Wanne aus <strong>Glasfaserkunststoff<\/strong>, die luxuri\u00f6se Verkleidung aus Thermoholz sowie der integrierte Ofen aus hochwertigem Edelstahl (AISI 304). Da das Badefass weniger Zeit und Holz zum Aufheizen ben\u00f6tigt, k\u00f6nnen Sie Harmonie und angenehme Momente schneller genie\u00dfen. <strong> <\/strong><\/p>\n<p style=\"text-align: justify;\"><strong>Das Set enth\u00e4lt:<\/strong><\/p>\n<ul style=\"text-align: justify;\">\n<li>Innenofen aus Edelstahl (25 kW)<\/li>\n<li>2 m hoher Schornstein mit Funkenschutzgitter und Schornsteinkappe<\/li>\n<li>Au\u00dfenverkleidung aus Thermoholz (mit Holzschutzmittel behandelt)<\/li>\n<li>Zweistufige runde Badefass-Treppe<\/li>\n<li><strong>Ergonomische Wanne aus Glasfaserkunststof<\/strong>f (Farbauswahl: grau, wei\u00df, blau).<\/li>\n<\/ul>\n<p style=\"text-align: justify;\">F\u00fcr das Badefass kann eine Vielzahl von <strong><a href=\"https:\/\/awero.ee\/tootekategooria\/lisavarustus\/\">Zusatzausstattungen<\/a><\/strong> bestellt werden: LED-Beleuchtung (RGB), Luftsprudelanlage, digitales Wasserthermometer, Stereoanlage, Getr\u00e4nkehalter, Filtersystem, PVC-Abdeckung und ein Betonsockel f\u00fcr das Badefass.<\/p>\n","protected":false},"excerpt":{"rendered":"<p style=\"text-align: justify;\">Der Preis enth\u00e4lt die Mehrwertsteuer.<\/p>\n<p style=\"text-align: justify;\">Das Badefass <strong>\u201eDeLux 200\u201c <\/strong>mit Innenofen ist ein hochwertiger Spa f\u00fcr zu Hause \u2013 bis ins Detail veredelt, ganzj\u00e4hrig verwendbar und besonders pflegeleicht. Auf Wunsch ist eine gro\u00dfe Auswahl an Zubeh\u00f6r erh\u00e4ltlich. <\/p>\n<p>&nbsp;<\/p>\n","protected":false},"featured_media":13729,"template":"","meta":{"_acf_changed":false},"product_brand":[],"product_cat":[1672,1677],"product_tag":[],"class_list":{"0":"post-13721","1":"product","2":"type-product","3":"status-publish","4":"has-post-thumbnail","6":"product_cat-badefasser","7":"product_cat-mit-innenofen","9":"first","10":"instock","11":"sale","12":"shipping-taxable","13":"product-type-variable"},"acf":[],"yoast_head":"<!-- This site is optimized with the Yoast SEO plugin v26.8 - https:\/\/yoast.com\/product\/yoast-seo-wordpress\/ -->\n<title>Badefass \u201eDeLux 200\u201c mit Innenofen - Awero - S\u00fcdamega L\u00f5una-Eestist<\/title>\n<meta name=\"robots\" content=\"index, follow, max-snippet:-1, max-image-preview:large, max-video-preview:-1\" \/>\n<link rel=\"canonical\" href=\"https:\/\/awero.ee\/de\/toode\/badefass-delux-200-mit-innenofen\/\" \/>\n<meta property=\"og:locale\" content=\"de_DE\" \/>\n<meta property=\"og:type\" content=\"article\" \/>\n<meta property=\"og:title\" content=\"Badefass \u201eDeLux 200\u201c mit Innenofen - Awero - S\u00fcdamega L\u00f5una-Eestist\" \/>\n<meta property=\"og:description\" content=\"Der Preis enth\u00e4lt die Mehrwertsteuer. Das Badefass \u201eDeLux 200\u201c mit Innenofen ist ein hochwertiger Spa f\u00fcr zu Hause \u2013 bis ins Detail veredelt, ganzj\u00e4hrig verwendbar und besonders pflegeleicht. Auf Wunsch ist eine gro\u00dfe Auswahl an Zubeh\u00f6r erh\u00e4ltlich. &nbsp;\" \/>\n<meta property=\"og:url\" content=\"https:\/\/awero.ee\/de\/toode\/badefass-delux-200-mit-innenofen\/\" \/>\n<meta property=\"og:site_name\" content=\"Awero - S\u00fcdamega L\u00f5una-Eestist\" \/>\n<meta property=\"og:image\" content=\"https:\/\/awero.ee\/wp-content\/uploads\/2025\/01\/delux200siseahjuga-scaled.jpg\" \/>\n\t<meta property=\"og:image:width\" content=\"2560\" \/>\n\t<meta property=\"og:image:height\" content=\"1920\" \/>\n\t<meta property=\"og:image:type\" content=\"image\/jpeg\" \/>\n<meta name=\"twitter:card\" content=\"summary_large_image\" \/>\n<meta name=\"twitter:label1\" content=\"Gesch\u00e4tzte Lesezeit\" \/>\n\t<meta name=\"twitter:data1\" content=\"1\u00a0Minute\" \/>\n<script type=\"application\/ld+json\" class=\"yoast-schema-graph\">{\"@context\":\"https:\/\/schema.org\",\"@graph\":[{\"@type\":\"WebPage\",\"@id\":\"https:\/\/awero.ee\/de\/toode\/badefass-delux-200-mit-innenofen\/\",\"url\":\"https:\/\/awero.ee\/de\/toode\/badefass-delux-200-mit-innenofen\/\",\"name\":\"Badefass \u201eDeLux 200\u201c mit Innenofen - Awero - S\u00fcdamega L\u00f5una-Eestist\",\"isPartOf\":{\"@id\":\"https:\/\/awero.ee\/de\/#website\"},\"primaryImageOfPage\":{\"@id\":\"https:\/\/awero.ee\/de\/toode\/badefass-delux-200-mit-innenofen\/#primaryimage\"},\"image\":{\"@id\":\"https:\/\/awero.ee\/de\/toode\/badefass-delux-200-mit-innenofen\/#primaryimage\"},\"thumbnailUrl\":\"https:\/\/awero.ee\/wp-content\/uploads\/2025\/01\/delux200siseahjuga-scaled.jpg\",\"datePublished\":\"2025-01-21T08:06:08+00:00\",\"breadcrumb\":{\"@id\":\"https:\/\/awero.ee\/de\/toode\/badefass-delux-200-mit-innenofen\/#breadcrumb\"},\"inLanguage\":\"de\",\"potentialAction\":[{\"@type\":\"ReadAction\",\"target\":[\"https:\/\/awero.ee\/de\/toode\/badefass-delux-200-mit-innenofen\/\"]}]},{\"@type\":\"ImageObject\",\"inLanguage\":\"de\",\"@id\":\"https:\/\/awero.ee\/de\/toode\/badefass-delux-200-mit-innenofen\/#primaryimage\",\"url\":\"https:\/\/awero.ee\/wp-content\/uploads\/2025\/01\/delux200siseahjuga-scaled.jpg\",\"contentUrl\":\"https:\/\/awero.ee\/wp-content\/uploads\/2025\/01\/delux200siseahjuga-scaled.jpg\",\"width\":2560,\"height\":1920},{\"@type\":\"BreadcrumbList\",\"@id\":\"https:\/\/awero.ee\/de\/toode\/badefass-delux-200-mit-innenofen\/#breadcrumb\",\"itemListElement\":[{\"@type\":\"ListItem\",\"position\":1,\"name\":\"Home\",\"item\":\"https:\/\/awero.ee\/de\/startseite\/\"},{\"@type\":\"ListItem\",\"position\":2,\"name\":\"Pood\",\"item\":\"https:\/\/awero.ee\/pood\/\"},{\"@type\":\"ListItem\",\"position\":3,\"name\":\"Badefass \u201eDeLux 200\u201c mit Innenofen\"}]},{\"@type\":\"WebSite\",\"@id\":\"https:\/\/awero.ee\/de\/#website\",\"url\":\"https:\/\/awero.ee\/de\/\",\"name\":\"Awero - S\u00fcdamega L\u00f5una Eestist\",\"description\":\"\",\"publisher\":{\"@id\":\"https:\/\/awero.ee\/de\/#organization\"},\"potentialAction\":[{\"@type\":\"SearchAction\",\"target\":{\"@type\":\"EntryPoint\",\"urlTemplate\":\"https:\/\/awero.ee\/de\/?s={search_term_string}\"},\"query-input\":{\"@type\":\"PropertyValueSpecification\",\"valueRequired\":true,\"valueName\":\"search_term_string\"}}],\"inLanguage\":\"de\"},{\"@type\":\"Organization\",\"@id\":\"https:\/\/awero.ee\/de\/#organization\",\"name\":\"Awero - S\u00fcdamega L\u00f5una Eestist\",\"url\":\"https:\/\/awero.ee\/de\/\",\"logo\":{\"@type\":\"ImageObject\",\"inLanguage\":\"de\",\"@id\":\"https:\/\/awero.ee\/de\/#\/schema\/logo\/image\/\",\"url\":\"https:\/\/awero.ee\/wp-content\/uploads\/2024\/07\/aweroplaceholder.jpg\",\"contentUrl\":\"https:\/\/awero.ee\/wp-content\/uploads\/2024\/07\/aweroplaceholder.jpg\",\"width\":1250,\"height\":834,\"caption\":\"Awero - S\u00fcdamega L\u00f5una Eestist\"},\"image\":{\"@id\":\"https:\/\/awero.ee\/de\/#\/schema\/logo\/image\/\"}}]}<\/script>\n<!-- \/ Yoast SEO plugin. -->","yoast_head_json":{"title":"Badefass \u201eDeLux 200\u201c mit Innenofen - Awero - S\u00fcdamega L\u00f5una-Eestist","robots":{"index":"index","follow":"follow","max-snippet":"max-snippet:-1","max-image-preview":"max-image-preview:large","max-video-preview":"max-video-preview:-1"},"canonical":"https:\/\/awero.ee\/de\/toode\/badefass-delux-200-mit-innenofen\/","og_locale":"de_DE","og_type":"article","og_title":"Badefass \u201eDeLux 200\u201c mit Innenofen - Awero - S\u00fcdamega L\u00f5una-Eestist","og_description":"Der Preis enth\u00e4lt die Mehrwertsteuer. Das Badefass \u201eDeLux 200\u201c mit Innenofen ist ein hochwertiger Spa f\u00fcr zu Hause \u2013 bis ins Detail veredelt, ganzj\u00e4hrig verwendbar und besonders pflegeleicht. Auf Wunsch ist eine gro\u00dfe Auswahl an Zubeh\u00f6r erh\u00e4ltlich. &nbsp;","og_url":"https:\/\/awero.ee\/de\/toode\/badefass-delux-200-mit-innenofen\/","og_site_name":"Awero - S\u00fcdamega L\u00f5una-Eestist","og_image":[{"width":2560,"height":1920,"url":"https:\/\/awero.ee\/wp-content\/uploads\/2025\/01\/delux200siseahjuga-scaled.jpg","type":"image\/jpeg"}],"twitter_card":"summary_large_image","twitter_misc":{"Gesch\u00e4tzte Lesezeit":"1\u00a0Minute"},"schema":{"@context":"https:\/\/schema.org","@graph":[{"@type":"WebPage","@id":"https:\/\/awero.ee\/de\/toode\/badefass-delux-200-mit-innenofen\/","url":"https:\/\/awero.ee\/de\/toode\/badefass-delux-200-mit-innenofen\/","name":"Badefass \u201eDeLux 200\u201c mit Innenofen - Awero - S\u00fcdamega L\u00f5una-Eestist","isPartOf":{"@id":"https:\/\/awero.ee\/de\/#website"},"primaryImageOfPage":{"@id":"https:\/\/awero.ee\/de\/toode\/badefass-delux-200-mit-innenofen\/#primaryimage"},"image":{"@id":"https:\/\/awero.ee\/de\/toode\/badefass-delux-200-mit-innenofen\/#primaryimage"},"thumbnailUrl":"https:\/\/awero.ee\/wp-content\/uploads\/2025\/01\/delux200siseahjuga-scaled.jpg","datePublished":"2025-01-21T08:06:08+00:00","breadcrumb":{"@id":"https:\/\/awero.ee\/de\/toode\/badefass-delux-200-mit-innenofen\/#breadcrumb"},"inLanguage":"de","potentialAction":[{"@type":"ReadAction","target":["https:\/\/awero.ee\/de\/toode\/badefass-delux-200-mit-innenofen\/"]}]},{"@type":"ImageObject","inLanguage":"de","@id":"https:\/\/awero.ee\/de\/toode\/badefass-delux-200-mit-innenofen\/#primaryimage","url":"https:\/\/awero.ee\/wp-content\/uploads\/2025\/01\/delux200siseahjuga-scaled.jpg","contentUrl":"https:\/\/awero.ee\/wp-content\/uploads\/2025\/01\/delux200siseahjuga-scaled.jpg","width":2560,"height":1920},{"@type":"BreadcrumbList","@id":"https:\/\/awero.ee\/de\/toode\/badefass-delux-200-mit-innenofen\/#breadcrumb","itemListElement":[{"@type":"ListItem","position":1,"name":"Home","item":"https:\/\/awero.ee\/de\/startseite\/"},{"@type":"ListItem","position":2,"name":"Pood","item":"https:\/\/awero.ee\/pood\/"},{"@type":"ListItem","position":3,"name":"Badefass \u201eDeLux 200\u201c mit Innenofen"}]},{"@type":"WebSite","@id":"https:\/\/awero.ee\/de\/#website","url":"https:\/\/awero.ee\/de\/","name":"Awero - S\u00fcdamega L\u00f5una Eestist","description":"","publisher":{"@id":"https:\/\/awero.ee\/de\/#organization"},"potentialAction":[{"@type":"SearchAction","target":{"@type":"EntryPoint","urlTemplate":"https:\/\/awero.ee\/de\/?s={search_term_string}"},"query-input":{"@type":"PropertyValueSpecification","valueRequired":true,"valueName":"search_term_string"}}],"inLanguage":"de"},{"@type":"Organization","@id":"https:\/\/awero.ee\/de\/#organization","name":"Awero - S\u00fcdamega L\u00f5una Eestist","url":"https:\/\/awero.ee\/de\/","logo":{"@type":"ImageObject","inLanguage":"de","@id":"https:\/\/awero.ee\/de\/#\/schema\/logo\/image\/","url":"https:\/\/awero.ee\/wp-content\/uploads\/2024\/07\/aweroplaceholder.jpg","contentUrl":"https:\/\/awero.ee\/wp-content\/uploads\/2024\/07\/aweroplaceholder.jpg","width":1250,"height":834,"caption":"Awero - S\u00fcdamega L\u00f5una Eestist"},"image":{"@id":"https:\/\/awero.ee\/de\/#\/schema\/logo\/image\/"}}]}},"_links":{"self":[{"href":"https:\/\/awero.ee\/de\/wp-json\/wp\/v2\/product\/13721","targetHints":{"allow":["GET"]}}],"collection":[{"href":"https:\/\/awero.ee\/de\/wp-json\/wp\/v2\/product"}],"about":[{"href":"https:\/\/awero.ee\/de\/wp-json\/wp\/v2\/types\/product"}],"wp:featuredmedia":[{"embeddable":true,"href":"https:\/\/awero.ee\/de\/wp-json\/wp\/v2\/media\/13729"}],"wp:attachment":[{"href":"https:\/\/awero.ee\/de\/wp-json\/wp\/v2\/media?parent=13721"}],"wp:term":[{"taxonomy":"product_brand","embeddable":true,"href":"https:\/\/awero.ee\/de\/wp-json\/wp\/v2\/product_brand?post=13721"},{"taxonomy":"product_cat","embeddable":true,"href":"https:\/\/awero.ee\/de\/wp-json\/wp\/v2\/product_cat?post=13721"},{"taxonomy":"product_tag","embeddable":true,"href":"https:\/\/awero.ee\/de\/wp-json\/wp\/v2\/product_tag?post=13721"}],"curies":[{"name":"wp","href":"https:\/\/api.w.org\/{rel}","templated":true}]}}