{"id":13651,"date":"2024-12-12T12:07:18","date_gmt":"2024-12-12T12:07:18","guid":{"rendered":"https:\/\/awero.ee\/toode\/kumblustunni-soojustus-pur-vahuga-2\/"},"modified":"2026-04-06T10:20:42","modified_gmt":"2026-04-06T10:20:42","slug":"kumblustunni-soojustus-pur-vahuga-2","status":"publish","type":"product","link":"https:\/\/awero.ee\/de\/toode\/kumblustunni-soojustus-pur-vahuga-2\/","title":{"rendered":"Badezuber-Isolierung mit PUR-Schaum"},"content":{"rendered":"<p>Polyurethan-D\u00e4mmstoff bietet durch seine luftdichte Isolierung eine lang anhaltende W\u00e4rmespeicherung. So bleibt das Wasser im Badefass l\u00e4nger warm und erm\u00f6glicht l\u00e4ngere, angenehmere Badeerlebnisse. Weniger W\u00e4rmeverlust bedeutet zudem niedrigere Heizkosten und ein umweltfreundlicheres Badeerlebnis.  <\/p>\n<p>Ideal geeignet f\u00fcr den Innen- und Au\u00dfenbereich.<\/p>\n","protected":false},"excerpt":{"rendered":"<p>Der Preis enth\u00e4lt 22 Prozent Mehrwertsteuer. Die Isolierung des Badefasses mit Polyurethan-D\u00e4mmstoff (PUR-Schaumstoff) bietet eine einfache M\u00f6glichkeit, entspannende Badeerlebnisse l\u00e4nger zu genie\u00dfen. PUR-Schaumstoff hilft, die Wassertemperatur zu halten und den Energieverbrauch zu senken. Entdecken Sie die neue Generation von Badef\u00e4ssern, die W\u00e4rme und Komfort verbindet!  <\/p>\n","protected":false},"featured_media":13653,"template":"","meta":{"_acf_changed":false},"product_brand":[],"product_cat":[1681],"product_tag":[],"class_list":{"0":"post-13651","1":"product","2":"type-product","3":"status-publish","4":"has-post-thumbnail","6":"product_cat-zusatzausstattungen","8":"first","9":"instock","10":"shipping-taxable","11":"product-type-variable"},"acf":[],"yoast_head":"<!-- This site is optimized with the Yoast SEO plugin v26.8 - https:\/\/yoast.com\/product\/yoast-seo-wordpress\/ -->\n<title>Badezuber-Isolierung mit PUR-Schaum - Awero - S\u00fcdamega L\u00f5una-Eestist<\/title>\n<meta name=\"robots\" content=\"index, follow, max-snippet:-1, max-image-preview:large, max-video-preview:-1\" \/>\n<link rel=\"canonical\" href=\"https:\/\/awero.ee\/de\/toode\/kumblustunni-soojustus-pur-vahuga-2\/\" \/>\n<meta property=\"og:locale\" content=\"de_DE\" \/>\n<meta property=\"og:type\" content=\"article\" \/>\n<meta property=\"og:title\" content=\"Badezuber-Isolierung mit PUR-Schaum - Awero - S\u00fcdamega L\u00f5una-Eestist\" \/>\n<meta property=\"og:description\" content=\"Der Preis enth\u00e4lt 22 Prozent Mehrwertsteuer. Die Isolierung des Badefasses mit Polyurethan-D\u00e4mmstoff (PUR-Schaumstoff) bietet eine einfache M\u00f6glichkeit, entspannende Badeerlebnisse l\u00e4nger zu genie\u00dfen. PUR-Schaumstoff hilft, die Wassertemperatur zu halten und den Energieverbrauch zu senken. Entdecken Sie die neue Generation von Badef\u00e4ssern, die W\u00e4rme und Komfort verbindet!\" \/>\n<meta property=\"og:url\" content=\"https:\/\/awero.ee\/de\/toode\/kumblustunni-soojustus-pur-vahuga-2\/\" \/>\n<meta property=\"og:site_name\" content=\"Awero - S\u00fcdamega L\u00f5una-Eestist\" \/>\n<meta property=\"article:modified_time\" content=\"2026-04-06T10:20:42+00:00\" \/>\n<meta property=\"og:image\" content=\"https:\/\/awero.ee\/wp-content\/uploads\/2024\/12\/PUR-vahuga-soojustamine.jpg\" \/>\n\t<meta property=\"og:image:width\" content=\"1600\" \/>\n\t<meta property=\"og:image:height\" content=\"1600\" \/>\n\t<meta property=\"og:image:type\" content=\"image\/jpeg\" \/>\n<meta name=\"twitter:card\" content=\"summary_large_image\" \/>\n<script type=\"application\/ld+json\" class=\"yoast-schema-graph\">{\"@context\":\"https:\/\/schema.org\",\"@graph\":[{\"@type\":\"WebPage\",\"@id\":\"https:\/\/awero.ee\/de\/toode\/kumblustunni-soojustus-pur-vahuga-2\/\",\"url\":\"https:\/\/awero.ee\/de\/toode\/kumblustunni-soojustus-pur-vahuga-2\/\",\"name\":\"Badezuber-Isolierung mit PUR-Schaum - Awero - S\u00fcdamega L\u00f5una-Eestist\",\"isPartOf\":{\"@id\":\"https:\/\/awero.ee\/de\/#website\"},\"primaryImageOfPage\":{\"@id\":\"https:\/\/awero.ee\/de\/toode\/kumblustunni-soojustus-pur-vahuga-2\/#primaryimage\"},\"image\":{\"@id\":\"https:\/\/awero.ee\/de\/toode\/kumblustunni-soojustus-pur-vahuga-2\/#primaryimage\"},\"thumbnailUrl\":\"https:\/\/awero.ee\/wp-content\/uploads\/2024\/12\/PUR-vahuga-soojustamine.jpg\",\"datePublished\":\"2024-12-12T12:07:18+00:00\",\"dateModified\":\"2026-04-06T10:20:42+00:00\",\"breadcrumb\":{\"@id\":\"https:\/\/awero.ee\/de\/toode\/kumblustunni-soojustus-pur-vahuga-2\/#breadcrumb\"},\"inLanguage\":\"de\",\"potentialAction\":[{\"@type\":\"ReadAction\",\"target\":[\"https:\/\/awero.ee\/de\/toode\/kumblustunni-soojustus-pur-vahuga-2\/\"]}]},{\"@type\":\"ImageObject\",\"inLanguage\":\"de\",\"@id\":\"https:\/\/awero.ee\/de\/toode\/kumblustunni-soojustus-pur-vahuga-2\/#primaryimage\",\"url\":\"https:\/\/awero.ee\/wp-content\/uploads\/2024\/12\/PUR-vahuga-soojustamine.jpg\",\"contentUrl\":\"https:\/\/awero.ee\/wp-content\/uploads\/2024\/12\/PUR-vahuga-soojustamine.jpg\",\"width\":1600,\"height\":1600},{\"@type\":\"BreadcrumbList\",\"@id\":\"https:\/\/awero.ee\/de\/toode\/kumblustunni-soojustus-pur-vahuga-2\/#breadcrumb\",\"itemListElement\":[{\"@type\":\"ListItem\",\"position\":1,\"name\":\"Home\",\"item\":\"https:\/\/awero.ee\/de\/startseite\/\"},{\"@type\":\"ListItem\",\"position\":2,\"name\":\"Pood\",\"item\":\"https:\/\/awero.ee\/pood\/\"},{\"@type\":\"ListItem\",\"position\":3,\"name\":\"Badezuber-Isolierung mit PUR-Schaum\"}]},{\"@type\":\"WebSite\",\"@id\":\"https:\/\/awero.ee\/de\/#website\",\"url\":\"https:\/\/awero.ee\/de\/\",\"name\":\"Awero - S\u00fcdamega L\u00f5una Eestist\",\"description\":\"\",\"publisher\":{\"@id\":\"https:\/\/awero.ee\/de\/#organization\"},\"potentialAction\":[{\"@type\":\"SearchAction\",\"target\":{\"@type\":\"EntryPoint\",\"urlTemplate\":\"https:\/\/awero.ee\/de\/?s={search_term_string}\"},\"query-input\":{\"@type\":\"PropertyValueSpecification\",\"valueRequired\":true,\"valueName\":\"search_term_string\"}}],\"inLanguage\":\"de\"},{\"@type\":\"Organization\",\"@id\":\"https:\/\/awero.ee\/de\/#organization\",\"name\":\"Awero - S\u00fcdamega L\u00f5una Eestist\",\"url\":\"https:\/\/awero.ee\/de\/\",\"logo\":{\"@type\":\"ImageObject\",\"inLanguage\":\"de\",\"@id\":\"https:\/\/awero.ee\/de\/#\/schema\/logo\/image\/\",\"url\":\"https:\/\/awero.ee\/wp-content\/uploads\/2024\/07\/aweroplaceholder.jpg\",\"contentUrl\":\"https:\/\/awero.ee\/wp-content\/uploads\/2024\/07\/aweroplaceholder.jpg\",\"width\":1250,\"height\":834,\"caption\":\"Awero - S\u00fcdamega L\u00f5una Eestist\"},\"image\":{\"@id\":\"https:\/\/awero.ee\/de\/#\/schema\/logo\/image\/\"}}]}<\/script>\n<!-- \/ Yoast SEO plugin. -->","yoast_head_json":{"title":"Badezuber-Isolierung mit PUR-Schaum - Awero - S\u00fcdamega L\u00f5una-Eestist","robots":{"index":"index","follow":"follow","max-snippet":"max-snippet:-1","max-image-preview":"max-image-preview:large","max-video-preview":"max-video-preview:-1"},"canonical":"https:\/\/awero.ee\/de\/toode\/kumblustunni-soojustus-pur-vahuga-2\/","og_locale":"de_DE","og_type":"article","og_title":"Badezuber-Isolierung mit PUR-Schaum - Awero - S\u00fcdamega L\u00f5una-Eestist","og_description":"Der Preis enth\u00e4lt 22 Prozent Mehrwertsteuer. Die Isolierung des Badefasses mit Polyurethan-D\u00e4mmstoff (PUR-Schaumstoff) bietet eine einfache M\u00f6glichkeit, entspannende Badeerlebnisse l\u00e4nger zu genie\u00dfen. PUR-Schaumstoff hilft, die Wassertemperatur zu halten und den Energieverbrauch zu senken. Entdecken Sie die neue Generation von Badef\u00e4ssern, die W\u00e4rme und Komfort verbindet!","og_url":"https:\/\/awero.ee\/de\/toode\/kumblustunni-soojustus-pur-vahuga-2\/","og_site_name":"Awero - S\u00fcdamega L\u00f5una-Eestist","article_modified_time":"2026-04-06T10:20:42+00:00","og_image":[{"width":1600,"height":1600,"url":"https:\/\/awero.ee\/wp-content\/uploads\/2024\/12\/PUR-vahuga-soojustamine.jpg","type":"image\/jpeg"}],"twitter_card":"summary_large_image","schema":{"@context":"https:\/\/schema.org","@graph":[{"@type":"WebPage","@id":"https:\/\/awero.ee\/de\/toode\/kumblustunni-soojustus-pur-vahuga-2\/","url":"https:\/\/awero.ee\/de\/toode\/kumblustunni-soojustus-pur-vahuga-2\/","name":"Badezuber-Isolierung mit PUR-Schaum - Awero - S\u00fcdamega L\u00f5una-Eestist","isPartOf":{"@id":"https:\/\/awero.ee\/de\/#website"},"primaryImageOfPage":{"@id":"https:\/\/awero.ee\/de\/toode\/kumblustunni-soojustus-pur-vahuga-2\/#primaryimage"},"image":{"@id":"https:\/\/awero.ee\/de\/toode\/kumblustunni-soojustus-pur-vahuga-2\/#primaryimage"},"thumbnailUrl":"https:\/\/awero.ee\/wp-content\/uploads\/2024\/12\/PUR-vahuga-soojustamine.jpg","datePublished":"2024-12-12T12:07:18+00:00","dateModified":"2026-04-06T10:20:42+00:00","breadcrumb":{"@id":"https:\/\/awero.ee\/de\/toode\/kumblustunni-soojustus-pur-vahuga-2\/#breadcrumb"},"inLanguage":"de","potentialAction":[{"@type":"ReadAction","target":["https:\/\/awero.ee\/de\/toode\/kumblustunni-soojustus-pur-vahuga-2\/"]}]},{"@type":"ImageObject","inLanguage":"de","@id":"https:\/\/awero.ee\/de\/toode\/kumblustunni-soojustus-pur-vahuga-2\/#primaryimage","url":"https:\/\/awero.ee\/wp-content\/uploads\/2024\/12\/PUR-vahuga-soojustamine.jpg","contentUrl":"https:\/\/awero.ee\/wp-content\/uploads\/2024\/12\/PUR-vahuga-soojustamine.jpg","width":1600,"height":1600},{"@type":"BreadcrumbList","@id":"https:\/\/awero.ee\/de\/toode\/kumblustunni-soojustus-pur-vahuga-2\/#breadcrumb","itemListElement":[{"@type":"ListItem","position":1,"name":"Home","item":"https:\/\/awero.ee\/de\/startseite\/"},{"@type":"ListItem","position":2,"name":"Pood","item":"https:\/\/awero.ee\/pood\/"},{"@type":"ListItem","position":3,"name":"Badezuber-Isolierung mit PUR-Schaum"}]},{"@type":"WebSite","@id":"https:\/\/awero.ee\/de\/#website","url":"https:\/\/awero.ee\/de\/","name":"Awero - S\u00fcdamega L\u00f5una Eestist","description":"","publisher":{"@id":"https:\/\/awero.ee\/de\/#organization"},"potentialAction":[{"@type":"SearchAction","target":{"@type":"EntryPoint","urlTemplate":"https:\/\/awero.ee\/de\/?s={search_term_string}"},"query-input":{"@type":"PropertyValueSpecification","valueRequired":true,"valueName":"search_term_string"}}],"inLanguage":"de"},{"@type":"Organization","@id":"https:\/\/awero.ee\/de\/#organization","name":"Awero - S\u00fcdamega L\u00f5una Eestist","url":"https:\/\/awero.ee\/de\/","logo":{"@type":"ImageObject","inLanguage":"de","@id":"https:\/\/awero.ee\/de\/#\/schema\/logo\/image\/","url":"https:\/\/awero.ee\/wp-content\/uploads\/2024\/07\/aweroplaceholder.jpg","contentUrl":"https:\/\/awero.ee\/wp-content\/uploads\/2024\/07\/aweroplaceholder.jpg","width":1250,"height":834,"caption":"Awero - S\u00fcdamega L\u00f5una Eestist"},"image":{"@id":"https:\/\/awero.ee\/de\/#\/schema\/logo\/image\/"}}]}},"_links":{"self":[{"href":"https:\/\/awero.ee\/de\/wp-json\/wp\/v2\/product\/13651","targetHints":{"allow":["GET"]}}],"collection":[{"href":"https:\/\/awero.ee\/de\/wp-json\/wp\/v2\/product"}],"about":[{"href":"https:\/\/awero.ee\/de\/wp-json\/wp\/v2\/types\/product"}],"wp:featuredmedia":[{"embeddable":true,"href":"https:\/\/awero.ee\/de\/wp-json\/wp\/v2\/media\/13653"}],"wp:attachment":[{"href":"https:\/\/awero.ee\/de\/wp-json\/wp\/v2\/media?parent=13651"}],"wp:term":[{"taxonomy":"product_brand","embeddable":true,"href":"https:\/\/awero.ee\/de\/wp-json\/wp\/v2\/product_brand?post=13651"},{"taxonomy":"product_cat","embeddable":true,"href":"https:\/\/awero.ee\/de\/wp-json\/wp\/v2\/product_cat?post=13651"},{"taxonomy":"product_tag","embeddable":true,"href":"https:\/\/awero.ee\/de\/wp-json\/wp\/v2\/product_tag?post=13651"}],"curies":[{"name":"wp","href":"https:\/\/api.w.org\/{rel}","templated":true}]}}