{"id":13638,"date":"2024-12-12T12:06:56","date_gmt":"2024-12-12T12:06:56","guid":{"rendered":"https:\/\/awero.ee\/toode\/dosierer-fur-combitab-wasserreinigungstabletten\/"},"modified":"2024-12-12T12:06:56","modified_gmt":"2024-12-12T12:06:56","slug":"dosierer-fur-combitab-wasserreinigungstabletten","status":"publish","type":"product","link":"https:\/\/awero.ee\/de\/toode\/dosierer-fur-combitab-wasserreinigungstabletten\/","title":{"rendered":"Dosierer f\u00fcr CombiTab-Wasserreinigungstabletten"},"content":{"rendered":"<p>Der Dosierer f\u00fcr Wasserreinigungstabletten wurde entwickelt, um die Anwendung von Wasserreinigungsmitteln zu vereinfachen und die Wasserqualit\u00e4t im Badefass zu gew\u00e4hrleisten. Mit dem Dosierer l\u00e4sst sich die passende Menge an Reinigungstabletten entsprechend dem Wasservolumen und den jeweiligen Anforderungen dosieren. Dar\u00fcber hinaus tr\u00e4gt er dazu bei, den Reinigungsprozess effizienter zu gestalten und die Verschwendung von Wasserreinigungsmitteln zu reduzieren. Das Design des Dosierers ist einfach und benutzerfreundlich.   <\/p>\n<p>Der Dosierer ist ideal f\u00fcr Wasserreinigungstabletten geeignet und erm\u00f6glicht deren genaue und komfortable Dosierung. Zur Einstellung und Pflege des Dosierers sind die auf der Produktverpackung enthaltenen Anweisungen und Empfehlungen sorgf\u00e4ltig zu befolgen. Bewahren Sie den Dosierer au\u00dferhalb der Reichweite von Kindern auf.  <\/p>\n","protected":false},"excerpt":{"rendered":"<p>Der Dosierer f\u00fcr Wasserreinigungstabletten ist ein praktisches Ger\u00e4t, mit dem Sie das Wasserreinigungsmittel exakt dosieren k\u00f6nnen. Er gew\u00e4hrleistet die optimale Verwendung der Wasserreinigungsmittel und tr\u00e4gt dazu bei, die Wasserqualit\u00e4t zu erhalten. <\/p>\n","protected":false},"featured_media":13640,"template":"","meta":{"_acf_changed":false},"product_brand":[],"product_cat":[1681],"product_tag":[],"class_list":{"0":"post-13638","1":"product","2":"type-product","3":"status-publish","4":"has-post-thumbnail","6":"product_cat-zusatzausstattungen","8":"first","9":"outofstock","10":"shipping-taxable","11":"product-type-simple"},"acf":[],"yoast_head":"<!-- This site is optimized with the Yoast SEO plugin v26.8 - https:\/\/yoast.com\/product\/yoast-seo-wordpress\/ -->\n<title>Dosierer f\u00fcr CombiTab-Wasserreinigungstabletten - Awero - S\u00fcdamega L\u00f5una-Eestist<\/title>\n<meta name=\"robots\" content=\"index, follow, max-snippet:-1, max-image-preview:large, max-video-preview:-1\" \/>\n<link rel=\"canonical\" href=\"https:\/\/awero.ee\/de\/toode\/dosierer-fur-combitab-wasserreinigungstabletten\/\" \/>\n<meta property=\"og:locale\" content=\"de_DE\" \/>\n<meta property=\"og:type\" content=\"article\" \/>\n<meta property=\"og:title\" content=\"Dosierer f\u00fcr CombiTab-Wasserreinigungstabletten - Awero - S\u00fcdamega L\u00f5una-Eestist\" \/>\n<meta property=\"og:description\" content=\"Der Dosierer f\u00fcr Wasserreinigungstabletten ist ein praktisches Ger\u00e4t, mit dem Sie das Wasserreinigungsmittel exakt dosieren k\u00f6nnen. Er gew\u00e4hrleistet die optimale Verwendung der Wasserreinigungsmittel und tr\u00e4gt dazu bei, die Wasserqualit\u00e4t zu erhalten.\" \/>\n<meta property=\"og:url\" content=\"https:\/\/awero.ee\/de\/toode\/dosierer-fur-combitab-wasserreinigungstabletten\/\" \/>\n<meta property=\"og:site_name\" content=\"Awero - S\u00fcdamega L\u00f5una-Eestist\" \/>\n<meta property=\"og:image\" content=\"https:\/\/awero.ee\/wp-content\/uploads\/2024\/12\/Dosaator.jpg\" \/>\n\t<meta property=\"og:image:width\" content=\"780\" \/>\n\t<meta property=\"og:image:height\" content=\"708\" \/>\n\t<meta property=\"og:image:type\" content=\"image\/jpeg\" \/>\n<meta name=\"twitter:card\" content=\"summary_large_image\" \/>\n<meta name=\"twitter:label1\" content=\"Gesch\u00e4tzte Lesezeit\" \/>\n\t<meta name=\"twitter:data1\" content=\"1\u00a0Minute\" \/>\n<script type=\"application\/ld+json\" class=\"yoast-schema-graph\">{\"@context\":\"https:\/\/schema.org\",\"@graph\":[{\"@type\":\"WebPage\",\"@id\":\"https:\/\/awero.ee\/de\/toode\/dosierer-fur-combitab-wasserreinigungstabletten\/\",\"url\":\"https:\/\/awero.ee\/de\/toode\/dosierer-fur-combitab-wasserreinigungstabletten\/\",\"name\":\"Dosierer f\u00fcr CombiTab-Wasserreinigungstabletten - Awero - S\u00fcdamega L\u00f5una-Eestist\",\"isPartOf\":{\"@id\":\"https:\/\/awero.ee\/de\/#website\"},\"primaryImageOfPage\":{\"@id\":\"https:\/\/awero.ee\/de\/toode\/dosierer-fur-combitab-wasserreinigungstabletten\/#primaryimage\"},\"image\":{\"@id\":\"https:\/\/awero.ee\/de\/toode\/dosierer-fur-combitab-wasserreinigungstabletten\/#primaryimage\"},\"thumbnailUrl\":\"https:\/\/awero.ee\/wp-content\/uploads\/2024\/12\/Dosaator.jpg\",\"datePublished\":\"2024-12-12T12:06:56+00:00\",\"breadcrumb\":{\"@id\":\"https:\/\/awero.ee\/de\/toode\/dosierer-fur-combitab-wasserreinigungstabletten\/#breadcrumb\"},\"inLanguage\":\"de\",\"potentialAction\":[{\"@type\":\"ReadAction\",\"target\":[\"https:\/\/awero.ee\/de\/toode\/dosierer-fur-combitab-wasserreinigungstabletten\/\"]}]},{\"@type\":\"ImageObject\",\"inLanguage\":\"de\",\"@id\":\"https:\/\/awero.ee\/de\/toode\/dosierer-fur-combitab-wasserreinigungstabletten\/#primaryimage\",\"url\":\"https:\/\/awero.ee\/wp-content\/uploads\/2024\/12\/Dosaator.jpg\",\"contentUrl\":\"https:\/\/awero.ee\/wp-content\/uploads\/2024\/12\/Dosaator.jpg\",\"width\":780,\"height\":708},{\"@type\":\"BreadcrumbList\",\"@id\":\"https:\/\/awero.ee\/de\/toode\/dosierer-fur-combitab-wasserreinigungstabletten\/#breadcrumb\",\"itemListElement\":[{\"@type\":\"ListItem\",\"position\":1,\"name\":\"Home\",\"item\":\"https:\/\/awero.ee\/de\/startseite\/\"},{\"@type\":\"ListItem\",\"position\":2,\"name\":\"Pood\",\"item\":\"https:\/\/awero.ee\/pood\/\"},{\"@type\":\"ListItem\",\"position\":3,\"name\":\"Dosierer f\u00fcr CombiTab-Wasserreinigungstabletten\"}]},{\"@type\":\"WebSite\",\"@id\":\"https:\/\/awero.ee\/de\/#website\",\"url\":\"https:\/\/awero.ee\/de\/\",\"name\":\"Awero - S\u00fcdamega L\u00f5una Eestist\",\"description\":\"\",\"publisher\":{\"@id\":\"https:\/\/awero.ee\/de\/#organization\"},\"potentialAction\":[{\"@type\":\"SearchAction\",\"target\":{\"@type\":\"EntryPoint\",\"urlTemplate\":\"https:\/\/awero.ee\/de\/?s={search_term_string}\"},\"query-input\":{\"@type\":\"PropertyValueSpecification\",\"valueRequired\":true,\"valueName\":\"search_term_string\"}}],\"inLanguage\":\"de\"},{\"@type\":\"Organization\",\"@id\":\"https:\/\/awero.ee\/de\/#organization\",\"name\":\"Awero - S\u00fcdamega L\u00f5una Eestist\",\"url\":\"https:\/\/awero.ee\/de\/\",\"logo\":{\"@type\":\"ImageObject\",\"inLanguage\":\"de\",\"@id\":\"https:\/\/awero.ee\/de\/#\/schema\/logo\/image\/\",\"url\":\"https:\/\/awero.ee\/wp-content\/uploads\/2024\/07\/aweroplaceholder.jpg\",\"contentUrl\":\"https:\/\/awero.ee\/wp-content\/uploads\/2024\/07\/aweroplaceholder.jpg\",\"width\":1250,\"height\":834,\"caption\":\"Awero - S\u00fcdamega L\u00f5una Eestist\"},\"image\":{\"@id\":\"https:\/\/awero.ee\/de\/#\/schema\/logo\/image\/\"}}]}<\/script>\n<!-- \/ Yoast SEO plugin. -->","yoast_head_json":{"title":"Dosierer f\u00fcr CombiTab-Wasserreinigungstabletten - Awero - S\u00fcdamega L\u00f5una-Eestist","robots":{"index":"index","follow":"follow","max-snippet":"max-snippet:-1","max-image-preview":"max-image-preview:large","max-video-preview":"max-video-preview:-1"},"canonical":"https:\/\/awero.ee\/de\/toode\/dosierer-fur-combitab-wasserreinigungstabletten\/","og_locale":"de_DE","og_type":"article","og_title":"Dosierer f\u00fcr CombiTab-Wasserreinigungstabletten - Awero - S\u00fcdamega L\u00f5una-Eestist","og_description":"Der Dosierer f\u00fcr Wasserreinigungstabletten ist ein praktisches Ger\u00e4t, mit dem Sie das Wasserreinigungsmittel exakt dosieren k\u00f6nnen. Er gew\u00e4hrleistet die optimale Verwendung der Wasserreinigungsmittel und tr\u00e4gt dazu bei, die Wasserqualit\u00e4t zu erhalten.","og_url":"https:\/\/awero.ee\/de\/toode\/dosierer-fur-combitab-wasserreinigungstabletten\/","og_site_name":"Awero - S\u00fcdamega L\u00f5una-Eestist","og_image":[{"width":780,"height":708,"url":"https:\/\/awero.ee\/wp-content\/uploads\/2024\/12\/Dosaator.jpg","type":"image\/jpeg"}],"twitter_card":"summary_large_image","twitter_misc":{"Gesch\u00e4tzte Lesezeit":"1\u00a0Minute"},"schema":{"@context":"https:\/\/schema.org","@graph":[{"@type":"WebPage","@id":"https:\/\/awero.ee\/de\/toode\/dosierer-fur-combitab-wasserreinigungstabletten\/","url":"https:\/\/awero.ee\/de\/toode\/dosierer-fur-combitab-wasserreinigungstabletten\/","name":"Dosierer f\u00fcr CombiTab-Wasserreinigungstabletten - Awero - S\u00fcdamega L\u00f5una-Eestist","isPartOf":{"@id":"https:\/\/awero.ee\/de\/#website"},"primaryImageOfPage":{"@id":"https:\/\/awero.ee\/de\/toode\/dosierer-fur-combitab-wasserreinigungstabletten\/#primaryimage"},"image":{"@id":"https:\/\/awero.ee\/de\/toode\/dosierer-fur-combitab-wasserreinigungstabletten\/#primaryimage"},"thumbnailUrl":"https:\/\/awero.ee\/wp-content\/uploads\/2024\/12\/Dosaator.jpg","datePublished":"2024-12-12T12:06:56+00:00","breadcrumb":{"@id":"https:\/\/awero.ee\/de\/toode\/dosierer-fur-combitab-wasserreinigungstabletten\/#breadcrumb"},"inLanguage":"de","potentialAction":[{"@type":"ReadAction","target":["https:\/\/awero.ee\/de\/toode\/dosierer-fur-combitab-wasserreinigungstabletten\/"]}]},{"@type":"ImageObject","inLanguage":"de","@id":"https:\/\/awero.ee\/de\/toode\/dosierer-fur-combitab-wasserreinigungstabletten\/#primaryimage","url":"https:\/\/awero.ee\/wp-content\/uploads\/2024\/12\/Dosaator.jpg","contentUrl":"https:\/\/awero.ee\/wp-content\/uploads\/2024\/12\/Dosaator.jpg","width":780,"height":708},{"@type":"BreadcrumbList","@id":"https:\/\/awero.ee\/de\/toode\/dosierer-fur-combitab-wasserreinigungstabletten\/#breadcrumb","itemListElement":[{"@type":"ListItem","position":1,"name":"Home","item":"https:\/\/awero.ee\/de\/startseite\/"},{"@type":"ListItem","position":2,"name":"Pood","item":"https:\/\/awero.ee\/pood\/"},{"@type":"ListItem","position":3,"name":"Dosierer f\u00fcr CombiTab-Wasserreinigungstabletten"}]},{"@type":"WebSite","@id":"https:\/\/awero.ee\/de\/#website","url":"https:\/\/awero.ee\/de\/","name":"Awero - S\u00fcdamega L\u00f5una Eestist","description":"","publisher":{"@id":"https:\/\/awero.ee\/de\/#organization"},"potentialAction":[{"@type":"SearchAction","target":{"@type":"EntryPoint","urlTemplate":"https:\/\/awero.ee\/de\/?s={search_term_string}"},"query-input":{"@type":"PropertyValueSpecification","valueRequired":true,"valueName":"search_term_string"}}],"inLanguage":"de"},{"@type":"Organization","@id":"https:\/\/awero.ee\/de\/#organization","name":"Awero - S\u00fcdamega L\u00f5una Eestist","url":"https:\/\/awero.ee\/de\/","logo":{"@type":"ImageObject","inLanguage":"de","@id":"https:\/\/awero.ee\/de\/#\/schema\/logo\/image\/","url":"https:\/\/awero.ee\/wp-content\/uploads\/2024\/07\/aweroplaceholder.jpg","contentUrl":"https:\/\/awero.ee\/wp-content\/uploads\/2024\/07\/aweroplaceholder.jpg","width":1250,"height":834,"caption":"Awero - S\u00fcdamega L\u00f5una Eestist"},"image":{"@id":"https:\/\/awero.ee\/de\/#\/schema\/logo\/image\/"}}]}},"_links":{"self":[{"href":"https:\/\/awero.ee\/de\/wp-json\/wp\/v2\/product\/13638","targetHints":{"allow":["GET"]}}],"collection":[{"href":"https:\/\/awero.ee\/de\/wp-json\/wp\/v2\/product"}],"about":[{"href":"https:\/\/awero.ee\/de\/wp-json\/wp\/v2\/types\/product"}],"wp:featuredmedia":[{"embeddable":true,"href":"https:\/\/awero.ee\/de\/wp-json\/wp\/v2\/media\/13640"}],"wp:attachment":[{"href":"https:\/\/awero.ee\/de\/wp-json\/wp\/v2\/media?parent=13638"}],"wp:term":[{"taxonomy":"product_brand","embeddable":true,"href":"https:\/\/awero.ee\/de\/wp-json\/wp\/v2\/product_brand?post=13638"},{"taxonomy":"product_cat","embeddable":true,"href":"https:\/\/awero.ee\/de\/wp-json\/wp\/v2\/product_cat?post=13638"},{"taxonomy":"product_tag","embeddable":true,"href":"https:\/\/awero.ee\/de\/wp-json\/wp\/v2\/product_tag?post=13638"}],"curies":[{"name":"wp","href":"https:\/\/api.w.org\/{rel}","templated":true}]}}