{"id":13633,"date":"2024-12-12T12:06:56","date_gmt":"2024-12-12T12:06:56","guid":{"rendered":"https:\/\/awero.ee\/toode\/wasserreinigungstabletten-combitab-800-g\/"},"modified":"2024-12-12T12:06:56","modified_gmt":"2024-12-12T12:06:56","slug":"wasserreinigungstabletten-combitab-800-g","status":"publish","type":"product","link":"https:\/\/awero.ee\/de\/toode\/wasserreinigungstabletten-combitab-800-g\/","title":{"rendered":"Wasserreinigungstabletten CombiTab (800 g)"},"content":{"rendered":"<div align=\"justify\">\n<p>CombiTab-Wasserreinigungstabletten sorgen f\u00fcr sauberes und klares Badefasswasser, ohne die typischen Nachteile von Chlor wie Ger\u00fcche oder Unannehmlichkeiten. Die chlorfreie Zusammensetzung macht sie hautfreundlich und sicher f\u00fcr Anwender und Umwelt. Der enthaltene aktive Sauerstoff wirkt schnell und effektiv gegen Bakterien, Viren und andere Mikroorganismen. Die CombiTab-Tabletten verursachen keine unangenehmen Ger\u00fcche und reizen weder Haut noch Augen.   <\/p>\n<p><strong>Anwendung<\/strong><\/p>\n<p>Eine Packung enth\u00e4lt 800 g Wasserreinigungstabletten (20 g pro Tablette). Die Anwendung der CombiTab-Tabletten ist einfach: Sie werden gem\u00e4\u00df den Angaben auf der Verpackung dem Wasser des Badefasses zugesetzt und entfalten dort ihre Wirkung. <\/p>\n<p>F\u00fcr Schwimmb\u00e4der gilt als Richtwert eine t\u00e4gliche Zugabe von einer Tablette je 3.000 Liter Wasser. Bei hohen Wassertemperaturen und h\u00e4ufigem Baden sollte die Dosierung erh\u00f6ht werden. F\u00fcr Whirlpools\/Badef\u00e4sser bis 1.000 Liter mit hei\u00dfem Wasser wird eine Tablette alle drei Tage empfohlen, bei h\u00e4ufiger Nutzung alle zwei Tage. Lassen Sie das Filtersystem nach dem Baden mindestens zwei Stunden laufen. Achten Sie darauf, dass die CombiTab-Tabletten bei der Lagerung vor Feuchtigkeit gesch\u00fctzt werden m\u00fcssen. Das Produkt ist in der Originalverpackung, au\u00dferhalb der Reichweite von Kindern und vor direkter Sonneneinstrahlung gesch\u00fctzt aufzubewahren. Lesen Sie vor der Anwendung immer das Etikett und die Produktinformationen.      <\/p>\n<\/div>\n","protected":false},"excerpt":{"rendered":"<div align=\"justify\">\n<p>Mit den CombiTab-Wasserreinigungstabletten halten Sie das Wasser in Ihrem Badefass effektiv und bequem sauber und sorgen f\u00fcr ein angenehmes, sorgenfreies Badeerlebnis. Die Tabletten sind chlorfrei und enthalten als Wirkstoff aktiven Sauerstoff, der eine wirksame Wasserreinigung und Desinfektion erm\u00f6glicht. <\/p>\n<\/div>\n","protected":false},"featured_media":13636,"template":"","meta":{"_acf_changed":false},"product_brand":[],"product_cat":[1681],"product_tag":[],"class_list":{"0":"post-13633","1":"product","2":"type-product","3":"status-publish","4":"has-post-thumbnail","6":"product_cat-zusatzausstattungen","8":"first","9":"instock","10":"shipping-taxable","11":"product-type-simple"},"acf":[],"yoast_head":"<!-- This site is optimized with the Yoast SEO plugin v26.8 - https:\/\/yoast.com\/product\/yoast-seo-wordpress\/ -->\n<title>Wasserreinigungstabletten CombiTab (800 g) - Awero - S\u00fcdamega L\u00f5una-Eestist<\/title>\n<meta name=\"robots\" content=\"index, follow, max-snippet:-1, max-image-preview:large, max-video-preview:-1\" \/>\n<link rel=\"canonical\" href=\"https:\/\/awero.ee\/de\/toode\/wasserreinigungstabletten-combitab-800-g\/\" \/>\n<meta property=\"og:locale\" content=\"de_DE\" \/>\n<meta property=\"og:type\" content=\"article\" \/>\n<meta property=\"og:title\" content=\"Wasserreinigungstabletten CombiTab (800 g) - Awero - S\u00fcdamega L\u00f5una-Eestist\" \/>\n<meta property=\"og:description\" content=\"Mit den CombiTab-Wasserreinigungstabletten halten Sie das Wasser in Ihrem Badefass effektiv und bequem sauber und sorgen f\u00fcr ein angenehmes, sorgenfreies Badeerlebnis. Die Tabletten sind chlorfrei und enthalten als Wirkstoff aktiven Sauerstoff, der eine wirksame Wasserreinigung und Desinfektion erm\u00f6glicht.\" \/>\n<meta property=\"og:url\" content=\"https:\/\/awero.ee\/de\/toode\/wasserreinigungstabletten-combitab-800-g\/\" \/>\n<meta property=\"og:site_name\" content=\"Awero - S\u00fcdamega L\u00f5una-Eestist\" \/>\n<meta property=\"og:image\" content=\"https:\/\/awero.ee\/wp-content\/uploads\/2024\/12\/CombiTab-veepuhastustabletid.jpg\" \/>\n\t<meta property=\"og:image:width\" content=\"816\" \/>\n\t<meta property=\"og:image:height\" content=\"826\" \/>\n\t<meta property=\"og:image:type\" content=\"image\/jpeg\" \/>\n<meta name=\"twitter:card\" content=\"summary_large_image\" \/>\n<meta name=\"twitter:label1\" content=\"Gesch\u00e4tzte Lesezeit\" \/>\n\t<meta name=\"twitter:data1\" content=\"1\u00a0Minute\" \/>\n<script type=\"application\/ld+json\" class=\"yoast-schema-graph\">{\"@context\":\"https:\/\/schema.org\",\"@graph\":[{\"@type\":\"WebPage\",\"@id\":\"https:\/\/awero.ee\/de\/toode\/wasserreinigungstabletten-combitab-800-g\/\",\"url\":\"https:\/\/awero.ee\/de\/toode\/wasserreinigungstabletten-combitab-800-g\/\",\"name\":\"Wasserreinigungstabletten CombiTab (800 g) - Awero - S\u00fcdamega L\u00f5una-Eestist\",\"isPartOf\":{\"@id\":\"https:\/\/awero.ee\/de\/#website\"},\"primaryImageOfPage\":{\"@id\":\"https:\/\/awero.ee\/de\/toode\/wasserreinigungstabletten-combitab-800-g\/#primaryimage\"},\"image\":{\"@id\":\"https:\/\/awero.ee\/de\/toode\/wasserreinigungstabletten-combitab-800-g\/#primaryimage\"},\"thumbnailUrl\":\"https:\/\/awero.ee\/wp-content\/uploads\/2024\/12\/CombiTab-veepuhastustabletid.jpg\",\"datePublished\":\"2024-12-12T12:06:56+00:00\",\"breadcrumb\":{\"@id\":\"https:\/\/awero.ee\/de\/toode\/wasserreinigungstabletten-combitab-800-g\/#breadcrumb\"},\"inLanguage\":\"de\",\"potentialAction\":[{\"@type\":\"ReadAction\",\"target\":[\"https:\/\/awero.ee\/de\/toode\/wasserreinigungstabletten-combitab-800-g\/\"]}]},{\"@type\":\"ImageObject\",\"inLanguage\":\"de\",\"@id\":\"https:\/\/awero.ee\/de\/toode\/wasserreinigungstabletten-combitab-800-g\/#primaryimage\",\"url\":\"https:\/\/awero.ee\/wp-content\/uploads\/2024\/12\/CombiTab-veepuhastustabletid.jpg\",\"contentUrl\":\"https:\/\/awero.ee\/wp-content\/uploads\/2024\/12\/CombiTab-veepuhastustabletid.jpg\",\"width\":816,\"height\":826},{\"@type\":\"BreadcrumbList\",\"@id\":\"https:\/\/awero.ee\/de\/toode\/wasserreinigungstabletten-combitab-800-g\/#breadcrumb\",\"itemListElement\":[{\"@type\":\"ListItem\",\"position\":1,\"name\":\"Home\",\"item\":\"https:\/\/awero.ee\/de\/startseite\/\"},{\"@type\":\"ListItem\",\"position\":2,\"name\":\"Pood\",\"item\":\"https:\/\/awero.ee\/pood\/\"},{\"@type\":\"ListItem\",\"position\":3,\"name\":\"Wasserreinigungstabletten CombiTab (800 g)\"}]},{\"@type\":\"WebSite\",\"@id\":\"https:\/\/awero.ee\/de\/#website\",\"url\":\"https:\/\/awero.ee\/de\/\",\"name\":\"Awero - S\u00fcdamega L\u00f5una Eestist\",\"description\":\"\",\"publisher\":{\"@id\":\"https:\/\/awero.ee\/de\/#organization\"},\"potentialAction\":[{\"@type\":\"SearchAction\",\"target\":{\"@type\":\"EntryPoint\",\"urlTemplate\":\"https:\/\/awero.ee\/de\/?s={search_term_string}\"},\"query-input\":{\"@type\":\"PropertyValueSpecification\",\"valueRequired\":true,\"valueName\":\"search_term_string\"}}],\"inLanguage\":\"de\"},{\"@type\":\"Organization\",\"@id\":\"https:\/\/awero.ee\/de\/#organization\",\"name\":\"Awero - S\u00fcdamega L\u00f5una Eestist\",\"url\":\"https:\/\/awero.ee\/de\/\",\"logo\":{\"@type\":\"ImageObject\",\"inLanguage\":\"de\",\"@id\":\"https:\/\/awero.ee\/de\/#\/schema\/logo\/image\/\",\"url\":\"https:\/\/awero.ee\/wp-content\/uploads\/2024\/07\/aweroplaceholder.jpg\",\"contentUrl\":\"https:\/\/awero.ee\/wp-content\/uploads\/2024\/07\/aweroplaceholder.jpg\",\"width\":1250,\"height\":834,\"caption\":\"Awero - S\u00fcdamega L\u00f5una Eestist\"},\"image\":{\"@id\":\"https:\/\/awero.ee\/de\/#\/schema\/logo\/image\/\"}}]}<\/script>\n<!-- \/ Yoast SEO plugin. -->","yoast_head_json":{"title":"Wasserreinigungstabletten CombiTab (800 g) - Awero - S\u00fcdamega L\u00f5una-Eestist","robots":{"index":"index","follow":"follow","max-snippet":"max-snippet:-1","max-image-preview":"max-image-preview:large","max-video-preview":"max-video-preview:-1"},"canonical":"https:\/\/awero.ee\/de\/toode\/wasserreinigungstabletten-combitab-800-g\/","og_locale":"de_DE","og_type":"article","og_title":"Wasserreinigungstabletten CombiTab (800 g) - Awero - S\u00fcdamega L\u00f5una-Eestist","og_description":"Mit den CombiTab-Wasserreinigungstabletten halten Sie das Wasser in Ihrem Badefass effektiv und bequem sauber und sorgen f\u00fcr ein angenehmes, sorgenfreies Badeerlebnis. Die Tabletten sind chlorfrei und enthalten als Wirkstoff aktiven Sauerstoff, der eine wirksame Wasserreinigung und Desinfektion erm\u00f6glicht.","og_url":"https:\/\/awero.ee\/de\/toode\/wasserreinigungstabletten-combitab-800-g\/","og_site_name":"Awero - S\u00fcdamega L\u00f5una-Eestist","og_image":[{"width":816,"height":826,"url":"https:\/\/awero.ee\/wp-content\/uploads\/2024\/12\/CombiTab-veepuhastustabletid.jpg","type":"image\/jpeg"}],"twitter_card":"summary_large_image","twitter_misc":{"Gesch\u00e4tzte Lesezeit":"1\u00a0Minute"},"schema":{"@context":"https:\/\/schema.org","@graph":[{"@type":"WebPage","@id":"https:\/\/awero.ee\/de\/toode\/wasserreinigungstabletten-combitab-800-g\/","url":"https:\/\/awero.ee\/de\/toode\/wasserreinigungstabletten-combitab-800-g\/","name":"Wasserreinigungstabletten CombiTab (800 g) - Awero - S\u00fcdamega L\u00f5una-Eestist","isPartOf":{"@id":"https:\/\/awero.ee\/de\/#website"},"primaryImageOfPage":{"@id":"https:\/\/awero.ee\/de\/toode\/wasserreinigungstabletten-combitab-800-g\/#primaryimage"},"image":{"@id":"https:\/\/awero.ee\/de\/toode\/wasserreinigungstabletten-combitab-800-g\/#primaryimage"},"thumbnailUrl":"https:\/\/awero.ee\/wp-content\/uploads\/2024\/12\/CombiTab-veepuhastustabletid.jpg","datePublished":"2024-12-12T12:06:56+00:00","breadcrumb":{"@id":"https:\/\/awero.ee\/de\/toode\/wasserreinigungstabletten-combitab-800-g\/#breadcrumb"},"inLanguage":"de","potentialAction":[{"@type":"ReadAction","target":["https:\/\/awero.ee\/de\/toode\/wasserreinigungstabletten-combitab-800-g\/"]}]},{"@type":"ImageObject","inLanguage":"de","@id":"https:\/\/awero.ee\/de\/toode\/wasserreinigungstabletten-combitab-800-g\/#primaryimage","url":"https:\/\/awero.ee\/wp-content\/uploads\/2024\/12\/CombiTab-veepuhastustabletid.jpg","contentUrl":"https:\/\/awero.ee\/wp-content\/uploads\/2024\/12\/CombiTab-veepuhastustabletid.jpg","width":816,"height":826},{"@type":"BreadcrumbList","@id":"https:\/\/awero.ee\/de\/toode\/wasserreinigungstabletten-combitab-800-g\/#breadcrumb","itemListElement":[{"@type":"ListItem","position":1,"name":"Home","item":"https:\/\/awero.ee\/de\/startseite\/"},{"@type":"ListItem","position":2,"name":"Pood","item":"https:\/\/awero.ee\/pood\/"},{"@type":"ListItem","position":3,"name":"Wasserreinigungstabletten CombiTab (800 g)"}]},{"@type":"WebSite","@id":"https:\/\/awero.ee\/de\/#website","url":"https:\/\/awero.ee\/de\/","name":"Awero - S\u00fcdamega L\u00f5una Eestist","description":"","publisher":{"@id":"https:\/\/awero.ee\/de\/#organization"},"potentialAction":[{"@type":"SearchAction","target":{"@type":"EntryPoint","urlTemplate":"https:\/\/awero.ee\/de\/?s={search_term_string}"},"query-input":{"@type":"PropertyValueSpecification","valueRequired":true,"valueName":"search_term_string"}}],"inLanguage":"de"},{"@type":"Organization","@id":"https:\/\/awero.ee\/de\/#organization","name":"Awero - S\u00fcdamega L\u00f5una Eestist","url":"https:\/\/awero.ee\/de\/","logo":{"@type":"ImageObject","inLanguage":"de","@id":"https:\/\/awero.ee\/de\/#\/schema\/logo\/image\/","url":"https:\/\/awero.ee\/wp-content\/uploads\/2024\/07\/aweroplaceholder.jpg","contentUrl":"https:\/\/awero.ee\/wp-content\/uploads\/2024\/07\/aweroplaceholder.jpg","width":1250,"height":834,"caption":"Awero - S\u00fcdamega L\u00f5una Eestist"},"image":{"@id":"https:\/\/awero.ee\/de\/#\/schema\/logo\/image\/"}}]}},"_links":{"self":[{"href":"https:\/\/awero.ee\/de\/wp-json\/wp\/v2\/product\/13633","targetHints":{"allow":["GET"]}}],"collection":[{"href":"https:\/\/awero.ee\/de\/wp-json\/wp\/v2\/product"}],"about":[{"href":"https:\/\/awero.ee\/de\/wp-json\/wp\/v2\/types\/product"}],"wp:featuredmedia":[{"embeddable":true,"href":"https:\/\/awero.ee\/de\/wp-json\/wp\/v2\/media\/13636"}],"wp:attachment":[{"href":"https:\/\/awero.ee\/de\/wp-json\/wp\/v2\/media?parent=13633"}],"wp:term":[{"taxonomy":"product_brand","embeddable":true,"href":"https:\/\/awero.ee\/de\/wp-json\/wp\/v2\/product_brand?post=13633"},{"taxonomy":"product_cat","embeddable":true,"href":"https:\/\/awero.ee\/de\/wp-json\/wp\/v2\/product_cat?post=13633"},{"taxonomy":"product_tag","embeddable":true,"href":"https:\/\/awero.ee\/de\/wp-json\/wp\/v2\/product_tag?post=13633"}],"curies":[{"name":"wp","href":"https:\/\/api.w.org\/{rel}","templated":true}]}}