{"id":13620,"date":"2024-12-12T12:06:34","date_gmt":"2024-12-12T12:06:34","guid":{"rendered":"https:\/\/awero.ee\/toode\/wasserfiltersystem-mit-filterkugeln-filtermax\/"},"modified":"2024-12-12T12:06:34","modified_gmt":"2024-12-12T12:06:34","slug":"wasserfiltersystem-mit-filterkugeln-filtermax","status":"publish","type":"product","link":"https:\/\/awero.ee\/de\/toode\/wasserfiltersystem-mit-filterkugeln-filtermax\/","title":{"rendered":"Wasserfiltersystem mit Filterkugeln FilterMax"},"content":{"rendered":"<p data-start=\"148\" data-end=\"470\">\u201eDas Wasserfiltersystem FilterMax mit Filterb\u00e4llen ist eine moderne, erschwingliche und effiziente L\u00f6sung sowohl f\u00fcr die Pflege von Poolwasser als auch von Badef\u00e4ssern. Dieses kompakte System vereint einen Vorfilter, eine Umw\u00e4lzpumpe und einen robusten, UV-best\u00e4ndigen Beh\u00e4lter und bietet eine zuverl\u00e4ssige und komfortable Wasseraufbereitung f\u00fcr den Einsatz zu Hause. <\/p>\n<p data-start=\"472\" data-end=\"871\">\u201eDas Herz des Filtersystems sind innovative Filterb\u00e4lle, die eine Feinfiltration von bis zu 3 Mikron gew\u00e4hrleisten \u2013 deutlich saubereres Wasser im Vergleich zu herk\u00f6mmlichen Sandfiltersystemen. Die Filterb\u00e4lle sind leicht, wiederverwendbar und waschbar (mit dem Schlauch oder in der Waschmaschine bei 30 \u00b0C, ohne Waschmittel und ohne Schleudern), was die Wartung schnell und einfach macht und den Wasser- sowie Energieverbrauch reduziert. Eine R\u00fccksp\u00fclung ist \u00fcberhaupt nicht erforderlich.  <\/p>\n<p data-start=\"873\" data-end=\"1302\">FilterMax eignet sich f\u00fcr Pools und Badef\u00e4sser mit einem Volumen von bis zu 25 m\u00b3 und gew\u00e4hrleistet eine effiziente Filtration sowie eine kontinuierliche Wasserzirkulation. Das Ger\u00e4t arbeitet mit niedrigem Druck, wodurch es leise, energieeffizient und schonend f\u00fcr die Systemkomponenten ist. Das kompakte Design und das geringe Gewicht erleichtern die Installation und Lagerung.  <\/p>\n<p data-start=\"873\" data-end=\"1302\">Im Lieferumfang sind alle notwendigen Teile und Anschl\u00fcsse enthalten, sodass das System sofort installiert und in Betrieb genommen werden kann.<\/p>\n<h3 data-start=\"1309\" data-end=\"1330\">Zus\u00e4tzliche Informationen:<\/h3>\n<ul data-start=\"1331\" data-end=\"1785\">\n<li style=\"list-style-type: none;\" data-start=\"1331\" data-end=\"1380\">\n<ul data-start=\"158\" data-end=\"592\">\n<li data-start=\"158\" data-end=\"187\">\n<p data-start=\"160\" data-end=\"187\"><strong data-start=\"160\" data-end=\"174\">Kapazit\u00e4t: <\/strong>bis zu 25 m\u00b3<\/p>\n<\/li>\n<li data-start=\"188\" data-end=\"237\">\n<p data-start=\"190\" data-end=\"237\"><strong data-start=\"190\" data-end=\"214\">Filterleistung:<\/strong> 4,8 m\u00b3\/h (166 L\/min)<\/p>\n<\/li>\n<li data-start=\"238\" data-end=\"265\">\n<p data-start=\"240\" data-end=\"265\"><strong data-start=\"240\" data-end=\"258\">Pumpenleistung<\/strong>: 80 W<\/p>\n<\/li>\n<li data-start=\"266\" data-end=\"294\">\n<p data-start=\"268\" data-end=\"294\"><strong data-start=\"268\" data-end=\"278\">Stromversorgung: <\/strong>230 V \u2013 50 Hz<\/p>\n<\/li>\n<li data-start=\"295\" data-end=\"351\">\n<p data-start=\"297\" data-end=\"351\"><strong data-start=\"297\" data-end=\"318\">Maximaler Druck: <\/strong>1 bar (Arbeitsbereich 0,2\u20130,5 bar)<\/p>\n<\/li>\n<li data-start=\"352\" data-end=\"397\">\n<p data-start=\"354\" data-end=\"397\"><strong data-start=\"354\" data-end=\"379\">Tankgr\u00f6\u00dfe und -volumen:<\/strong> \u00d8 250 mm \/ 12 L<\/p>\n<\/li>\n<li data-start=\"398\" data-end=\"472\">\n<p data-start=\"400\" data-end=\"472\"><strong data-start=\"400\" data-end=\"426\">Filtermaterialmenge:<\/strong> 250 g Filterb\u00e4lle (\u2248 9 kg Sand\u00e4quivalent)<\/p>\n<\/li>\n<li data-start=\"473\" data-end=\"509\">\n<p data-start=\"475\" data-end=\"509\">Maximale F\u00f6rderh\u00f6he: 6 m<\/p>\n<\/li>\n<li data-start=\"510\" data-end=\"535\">\n<p data-start=\"512\" data-end=\"535\"><strong data-start=\"512\" data-end=\"528\">Schutzklasse<\/strong>: IPX8<\/p>\n<\/li>\n<li data-start=\"536\" data-end=\"569\">\n<p data-start=\"538\" data-end=\"569\"><strong data-start=\"538\" data-end=\"549\">Abmessungen: <\/strong>33 \u00d7 39,5 \u00d7 38 cm<\/p>\n<\/li>\n<li data-start=\"570\" data-end=\"592\">\n<p data-start=\"572\" data-end=\"592\"><strong data-start=\"572\" data-end=\"585\">Nettogewicht: <\/strong>6 kg<\/p>\n<\/li>\n<li data-start=\"570\" data-end=\"592\"><strong>Betriebsbereich:<\/strong> +5\u2026+35 \u00b0C<\/li>\n<\/ul>\n<\/li>\n<\/ul>\n<h3 data-start=\"2200\" data-end=\"2221\"><\/h3>\n<h3 data-start=\"69\" data-end=\"92\">\u26a0 Sicherheit und Wartung<\/h3>\n<ul>\n<li style=\"list-style-type: none;\">\n<ul data-start=\"93\" data-end=\"866\">\n<li data-start=\"93\" data-end=\"196\">\n<p data-start=\"69\" data-end=\"92\"><strong data-start=\"95\" data-end=\"122\">\u26a0 Im Winter nicht verwenden<\/strong> \u2013 aus Frostgefahr muss das System entleert und an einem trockenen Ort gelagert werden.<\/p>\n<\/li>\n<li data-start=\"197\" data-end=\"241\">\n<p data-start=\"199\" data-end=\"241\">Die Pumpe darf niemals ohne Wasser betrieben werden.<\/p>\n<\/li>\n<li data-start=\"242\" data-end=\"314\">\n<p data-start=\"244\" data-end=\"314\">Vor dem \u00d6ffnen des Deckels oder Filters immer das Ger\u00e4t vom Stromnetz trennen.<\/p>\n<\/li>\n<li data-start=\"315\" data-end=\"406\">\n<p data-start=\"317\" data-end=\"406\">Es d\u00fcrfen nur Filterb\u00e4lle verwendet werden \u2013 die Verwendung anderer Materialien kann das System besch\u00e4digen.<\/p>\n<\/li>\n<li data-start=\"407\" data-end=\"511\">\n<p data-start=\"409\" data-end=\"511\">Regelm\u00e4\u00dfige Wartung erforderlich: Reinigung des Vorfilters und der Filterb\u00e4lle sowie \u00dcberwachung des Drucks am Manometer.<\/p>\n<\/li>\n<li data-start=\"512\" data-end=\"602\">\n<p data-start=\"514\" data-end=\"602\">Wenn der Druck am Manometer den roten Bereich erreicht, m\u00fcssen die Filterb\u00e4lle gereinigt werden.<\/p>\n<\/li>\n<li data-start=\"603\" data-end=\"698\">\n<p data-start=\"605\" data-end=\"698\">Die Filterb\u00e4lle mit einem Schlauch oder in der Waschmaschine bei 30 \u00b0C waschen (ohne Waschmittel und ohne Schleudern).<\/p>\n<\/li>\n<li data-start=\"699\" data-end=\"759\">\n<p data-start=\"701\" data-end=\"759\"><strong data-start=\"701\" data-end=\"757\">\u26a0 W\u00e4hrend des Betriebs des Systems sollte man sich nicht im Wasser aufhalten.<\/strong><\/p>\n<\/li>\n<li data-start=\"760\" data-end=\"866\">\n<p data-start=\"762\" data-end=\"866\">Der sichere Betrieb der Pumpe ist nur gew\u00e4hrleistet, wenn die Installations- und Gebrauchsanweisungen korrekt befolgt werden.<\/p>\n<\/li>\n<\/ul>\n<\/li>\n<\/ul>\n<p>&nbsp;<\/p>\n<p>&nbsp;<\/p>\n","protected":false},"excerpt":{"rendered":"<p data-start=\"125\" data-end=\"430\">Das Wasserfiltersystem FilterMax mit Filterb\u00e4llen ist eine erschwingliche und effiziente L\u00f6sung, die sauberes Wasser in Badef\u00e4ssern oder kleinen Gartenpools mit einem Volumen von bis zu 25 m\u00b3 gew\u00e4hrleistet. Dank der einfachen Bedienung und der hervorragenden Filterleistung macht dieses System die Wasserpflege komfortabel und problemlos. <\/p>\n<p data-start=\"432\" data-end=\"618\">Wichtig: Aufgrund der Frostgefahr nicht f\u00fcr den Winterbetrieb geeignet.<br \/>\nBetriebsbereich: +5\u2026+35 \u00b0C. Das Ger\u00e4t muss entleert und an einem trockenen Ort gelagert werden. F\u00fcr detailliertere Informationen und Ratschl\u00e4ge wenden Sie sich bitte an unsere Spezialisten.  <\/p>\n<p>Zum Filtersystem empfehlen wir auch die Wasserreinigungstabletten CombiTab (800 g) sowie den Dosierer CombiTab f\u00fcr die Wasserreinigungstabletten<\/p>\n","protected":false},"featured_media":13631,"template":"","meta":{"_acf_changed":false},"product_brand":[],"product_cat":[1681],"product_tag":[],"class_list":{"0":"post-13620","1":"product","2":"type-product","3":"status-publish","4":"has-post-thumbnail","6":"product_cat-zusatzausstattungen","8":"first","9":"instock","10":"shipping-taxable","11":"product-type-simple"},"acf":[],"yoast_head":"<!-- This site is optimized with the Yoast SEO plugin v26.8 - https:\/\/yoast.com\/product\/yoast-seo-wordpress\/ -->\n<title>Wasserfiltersystem mit Filterkugeln FilterMax - Awero - S\u00fcdamega L\u00f5una-Eestist<\/title>\n<meta name=\"robots\" content=\"index, follow, max-snippet:-1, max-image-preview:large, max-video-preview:-1\" \/>\n<link rel=\"canonical\" href=\"https:\/\/awero.ee\/de\/toode\/wasserfiltersystem-mit-filterkugeln-filtermax\/\" \/>\n<meta property=\"og:locale\" content=\"de_DE\" \/>\n<meta property=\"og:type\" content=\"article\" \/>\n<meta property=\"og:title\" content=\"Wasserfiltersystem mit Filterkugeln FilterMax - Awero - S\u00fcdamega L\u00f5una-Eestist\" \/>\n<meta property=\"og:description\" content=\"Das Wasserfiltersystem FilterMax mit Filterb\u00e4llen ist eine erschwingliche und effiziente L\u00f6sung, die sauberes Wasser in Badef\u00e4ssern oder kleinen Gartenpools mit einem Volumen von bis zu 25 m\u00b3 gew\u00e4hrleistet. Dank der einfachen Bedienung und der hervorragenden Filterleistung macht dieses System die Wasserpflege komfortabel und problemlos. Wichtig: Aufgrund der Frostgefahr nicht f\u00fcr den Winterbetrieb geeignet. Betriebsbereich: +5\u2026+35 \u00b0C. Das Ger\u00e4t muss entleert und an einem trockenen Ort gelagert werden. F\u00fcr detailliertere Informationen und Ratschl\u00e4ge wenden Sie sich bitte an unsere Spezialisten.  Zum Filtersystem empfehlen wir auch die Wasserreinigungstabletten CombiTab (800 g) sowie den Dosierer CombiTab f\u00fcr die Wasserreinigungstabletten\" \/>\n<meta property=\"og:url\" content=\"https:\/\/awero.ee\/de\/toode\/wasserfiltersystem-mit-filterkugeln-filtermax\/\" \/>\n<meta property=\"og:site_name\" content=\"Awero - S\u00fcdamega L\u00f5una-Eestist\" \/>\n<meta property=\"og:image\" content=\"https:\/\/awero.ee\/wp-content\/uploads\/2024\/12\/Filtrisusteem-uus.jpg\" \/>\n\t<meta property=\"og:image:width\" content=\"1315\" \/>\n\t<meta property=\"og:image:height\" content=\"1293\" \/>\n\t<meta property=\"og:image:type\" content=\"image\/jpeg\" \/>\n<meta name=\"twitter:card\" content=\"summary_large_image\" \/>\n<meta name=\"twitter:label1\" content=\"Gesch\u00e4tzte Lesezeit\" \/>\n\t<meta name=\"twitter:data1\" content=\"2\u00a0Minuten\" \/>\n<script type=\"application\/ld+json\" class=\"yoast-schema-graph\">{\"@context\":\"https:\/\/schema.org\",\"@graph\":[{\"@type\":\"WebPage\",\"@id\":\"https:\/\/awero.ee\/de\/toode\/wasserfiltersystem-mit-filterkugeln-filtermax\/\",\"url\":\"https:\/\/awero.ee\/de\/toode\/wasserfiltersystem-mit-filterkugeln-filtermax\/\",\"name\":\"Wasserfiltersystem mit Filterkugeln FilterMax - Awero - S\u00fcdamega L\u00f5una-Eestist\",\"isPartOf\":{\"@id\":\"https:\/\/awero.ee\/de\/#website\"},\"primaryImageOfPage\":{\"@id\":\"https:\/\/awero.ee\/de\/toode\/wasserfiltersystem-mit-filterkugeln-filtermax\/#primaryimage\"},\"image\":{\"@id\":\"https:\/\/awero.ee\/de\/toode\/wasserfiltersystem-mit-filterkugeln-filtermax\/#primaryimage\"},\"thumbnailUrl\":\"https:\/\/awero.ee\/wp-content\/uploads\/2024\/12\/Filtrisusteem-uus.jpg\",\"datePublished\":\"2024-12-12T12:06:34+00:00\",\"breadcrumb\":{\"@id\":\"https:\/\/awero.ee\/de\/toode\/wasserfiltersystem-mit-filterkugeln-filtermax\/#breadcrumb\"},\"inLanguage\":\"de\",\"potentialAction\":[{\"@type\":\"ReadAction\",\"target\":[\"https:\/\/awero.ee\/de\/toode\/wasserfiltersystem-mit-filterkugeln-filtermax\/\"]}]},{\"@type\":\"ImageObject\",\"inLanguage\":\"de\",\"@id\":\"https:\/\/awero.ee\/de\/toode\/wasserfiltersystem-mit-filterkugeln-filtermax\/#primaryimage\",\"url\":\"https:\/\/awero.ee\/wp-content\/uploads\/2024\/12\/Filtrisusteem-uus.jpg\",\"contentUrl\":\"https:\/\/awero.ee\/wp-content\/uploads\/2024\/12\/Filtrisusteem-uus.jpg\",\"width\":1315,\"height\":1293},{\"@type\":\"BreadcrumbList\",\"@id\":\"https:\/\/awero.ee\/de\/toode\/wasserfiltersystem-mit-filterkugeln-filtermax\/#breadcrumb\",\"itemListElement\":[{\"@type\":\"ListItem\",\"position\":1,\"name\":\"Home\",\"item\":\"https:\/\/awero.ee\/de\/startseite\/\"},{\"@type\":\"ListItem\",\"position\":2,\"name\":\"Pood\",\"item\":\"https:\/\/awero.ee\/pood\/\"},{\"@type\":\"ListItem\",\"position\":3,\"name\":\"Wasserfiltersystem mit Filterkugeln FilterMax\"}]},{\"@type\":\"WebSite\",\"@id\":\"https:\/\/awero.ee\/de\/#website\",\"url\":\"https:\/\/awero.ee\/de\/\",\"name\":\"Awero - S\u00fcdamega L\u00f5una Eestist\",\"description\":\"\",\"publisher\":{\"@id\":\"https:\/\/awero.ee\/de\/#organization\"},\"potentialAction\":[{\"@type\":\"SearchAction\",\"target\":{\"@type\":\"EntryPoint\",\"urlTemplate\":\"https:\/\/awero.ee\/de\/?s={search_term_string}\"},\"query-input\":{\"@type\":\"PropertyValueSpecification\",\"valueRequired\":true,\"valueName\":\"search_term_string\"}}],\"inLanguage\":\"de\"},{\"@type\":\"Organization\",\"@id\":\"https:\/\/awero.ee\/de\/#organization\",\"name\":\"Awero - S\u00fcdamega L\u00f5una Eestist\",\"url\":\"https:\/\/awero.ee\/de\/\",\"logo\":{\"@type\":\"ImageObject\",\"inLanguage\":\"de\",\"@id\":\"https:\/\/awero.ee\/de\/#\/schema\/logo\/image\/\",\"url\":\"https:\/\/awero.ee\/wp-content\/uploads\/2024\/07\/aweroplaceholder.jpg\",\"contentUrl\":\"https:\/\/awero.ee\/wp-content\/uploads\/2024\/07\/aweroplaceholder.jpg\",\"width\":1250,\"height\":834,\"caption\":\"Awero - S\u00fcdamega L\u00f5una Eestist\"},\"image\":{\"@id\":\"https:\/\/awero.ee\/de\/#\/schema\/logo\/image\/\"}}]}<\/script>\n<!-- \/ Yoast SEO plugin. -->","yoast_head_json":{"title":"Wasserfiltersystem mit Filterkugeln FilterMax - Awero - S\u00fcdamega L\u00f5una-Eestist","robots":{"index":"index","follow":"follow","max-snippet":"max-snippet:-1","max-image-preview":"max-image-preview:large","max-video-preview":"max-video-preview:-1"},"canonical":"https:\/\/awero.ee\/de\/toode\/wasserfiltersystem-mit-filterkugeln-filtermax\/","og_locale":"de_DE","og_type":"article","og_title":"Wasserfiltersystem mit Filterkugeln FilterMax - Awero - S\u00fcdamega L\u00f5una-Eestist","og_description":"Das Wasserfiltersystem FilterMax mit Filterb\u00e4llen ist eine erschwingliche und effiziente L\u00f6sung, die sauberes Wasser in Badef\u00e4ssern oder kleinen Gartenpools mit einem Volumen von bis zu 25 m\u00b3 gew\u00e4hrleistet. Dank der einfachen Bedienung und der hervorragenden Filterleistung macht dieses System die Wasserpflege komfortabel und problemlos. Wichtig: Aufgrund der Frostgefahr nicht f\u00fcr den Winterbetrieb geeignet. Betriebsbereich: +5\u2026+35 \u00b0C. Das Ger\u00e4t muss entleert und an einem trockenen Ort gelagert werden. F\u00fcr detailliertere Informationen und Ratschl\u00e4ge wenden Sie sich bitte an unsere Spezialisten.  Zum Filtersystem empfehlen wir auch die Wasserreinigungstabletten CombiTab (800 g) sowie den Dosierer CombiTab f\u00fcr die Wasserreinigungstabletten","og_url":"https:\/\/awero.ee\/de\/toode\/wasserfiltersystem-mit-filterkugeln-filtermax\/","og_site_name":"Awero - S\u00fcdamega L\u00f5una-Eestist","og_image":[{"width":1315,"height":1293,"url":"https:\/\/awero.ee\/wp-content\/uploads\/2024\/12\/Filtrisusteem-uus.jpg","type":"image\/jpeg"}],"twitter_card":"summary_large_image","twitter_misc":{"Gesch\u00e4tzte Lesezeit":"2\u00a0Minuten"},"schema":{"@context":"https:\/\/schema.org","@graph":[{"@type":"WebPage","@id":"https:\/\/awero.ee\/de\/toode\/wasserfiltersystem-mit-filterkugeln-filtermax\/","url":"https:\/\/awero.ee\/de\/toode\/wasserfiltersystem-mit-filterkugeln-filtermax\/","name":"Wasserfiltersystem mit Filterkugeln FilterMax - Awero - S\u00fcdamega L\u00f5una-Eestist","isPartOf":{"@id":"https:\/\/awero.ee\/de\/#website"},"primaryImageOfPage":{"@id":"https:\/\/awero.ee\/de\/toode\/wasserfiltersystem-mit-filterkugeln-filtermax\/#primaryimage"},"image":{"@id":"https:\/\/awero.ee\/de\/toode\/wasserfiltersystem-mit-filterkugeln-filtermax\/#primaryimage"},"thumbnailUrl":"https:\/\/awero.ee\/wp-content\/uploads\/2024\/12\/Filtrisusteem-uus.jpg","datePublished":"2024-12-12T12:06:34+00:00","breadcrumb":{"@id":"https:\/\/awero.ee\/de\/toode\/wasserfiltersystem-mit-filterkugeln-filtermax\/#breadcrumb"},"inLanguage":"de","potentialAction":[{"@type":"ReadAction","target":["https:\/\/awero.ee\/de\/toode\/wasserfiltersystem-mit-filterkugeln-filtermax\/"]}]},{"@type":"ImageObject","inLanguage":"de","@id":"https:\/\/awero.ee\/de\/toode\/wasserfiltersystem-mit-filterkugeln-filtermax\/#primaryimage","url":"https:\/\/awero.ee\/wp-content\/uploads\/2024\/12\/Filtrisusteem-uus.jpg","contentUrl":"https:\/\/awero.ee\/wp-content\/uploads\/2024\/12\/Filtrisusteem-uus.jpg","width":1315,"height":1293},{"@type":"BreadcrumbList","@id":"https:\/\/awero.ee\/de\/toode\/wasserfiltersystem-mit-filterkugeln-filtermax\/#breadcrumb","itemListElement":[{"@type":"ListItem","position":1,"name":"Home","item":"https:\/\/awero.ee\/de\/startseite\/"},{"@type":"ListItem","position":2,"name":"Pood","item":"https:\/\/awero.ee\/pood\/"},{"@type":"ListItem","position":3,"name":"Wasserfiltersystem mit Filterkugeln FilterMax"}]},{"@type":"WebSite","@id":"https:\/\/awero.ee\/de\/#website","url":"https:\/\/awero.ee\/de\/","name":"Awero - S\u00fcdamega L\u00f5una Eestist","description":"","publisher":{"@id":"https:\/\/awero.ee\/de\/#organization"},"potentialAction":[{"@type":"SearchAction","target":{"@type":"EntryPoint","urlTemplate":"https:\/\/awero.ee\/de\/?s={search_term_string}"},"query-input":{"@type":"PropertyValueSpecification","valueRequired":true,"valueName":"search_term_string"}}],"inLanguage":"de"},{"@type":"Organization","@id":"https:\/\/awero.ee\/de\/#organization","name":"Awero - S\u00fcdamega L\u00f5una Eestist","url":"https:\/\/awero.ee\/de\/","logo":{"@type":"ImageObject","inLanguage":"de","@id":"https:\/\/awero.ee\/de\/#\/schema\/logo\/image\/","url":"https:\/\/awero.ee\/wp-content\/uploads\/2024\/07\/aweroplaceholder.jpg","contentUrl":"https:\/\/awero.ee\/wp-content\/uploads\/2024\/07\/aweroplaceholder.jpg","width":1250,"height":834,"caption":"Awero - S\u00fcdamega L\u00f5una Eestist"},"image":{"@id":"https:\/\/awero.ee\/de\/#\/schema\/logo\/image\/"}}]}},"_links":{"self":[{"href":"https:\/\/awero.ee\/de\/wp-json\/wp\/v2\/product\/13620","targetHints":{"allow":["GET"]}}],"collection":[{"href":"https:\/\/awero.ee\/de\/wp-json\/wp\/v2\/product"}],"about":[{"href":"https:\/\/awero.ee\/de\/wp-json\/wp\/v2\/types\/product"}],"wp:featuredmedia":[{"embeddable":true,"href":"https:\/\/awero.ee\/de\/wp-json\/wp\/v2\/media\/13631"}],"wp:attachment":[{"href":"https:\/\/awero.ee\/de\/wp-json\/wp\/v2\/media?parent=13620"}],"wp:term":[{"taxonomy":"product_brand","embeddable":true,"href":"https:\/\/awero.ee\/de\/wp-json\/wp\/v2\/product_brand?post=13620"},{"taxonomy":"product_cat","embeddable":true,"href":"https:\/\/awero.ee\/de\/wp-json\/wp\/v2\/product_cat?post=13620"},{"taxonomy":"product_tag","embeddable":true,"href":"https:\/\/awero.ee\/de\/wp-json\/wp\/v2\/product_tag?post=13620"}],"curies":[{"name":"wp","href":"https:\/\/api.w.org\/{rel}","templated":true}]}}