{"id":13614,"date":"2024-12-12T12:00:46","date_gmt":"2024-12-12T12:00:46","guid":{"rendered":"https:\/\/awero.ee\/toode\/kopfstutze\/"},"modified":"2024-12-12T12:00:46","modified_gmt":"2024-12-12T12:00:46","slug":"kopfstutze","status":"publish","type":"product","link":"https:\/\/awero.ee\/de\/toode\/kopfstutze\/","title":{"rendered":"Kopfst\u00fctze"},"content":{"rendered":"<p>Die Kopfst\u00fctze ist aus einem weichen, wasserfesten Material gefertigt und st\u00fctzt Kopf und Nacken angenehm ab. Dank des ergonomischen Designs k\u00f6nnen Druck und Verspannungen reduziert werden, sodass Sie das entspannende Baderlebnis in vollen Z\u00fcgen genie\u00dfen k\u00f6nnen. Dar\u00fcber hinaus wertet die Kopfst\u00fctze das Badefass optisch auf und sorgt f\u00fcr eine entspannende und luxuri\u00f6se Atmosph\u00e4re. Die Befestigung erfolgt \u00fcber Saugn\u00e4pfe am Badefass.   <\/p>\n<p><strong>Zus\u00e4tzliche Informationen: <\/strong><\/p>\n<p>Passt zu den meisten Badef\u00e4sser und l\u00e4sst sich je nach Bedarf leicht anbringen und entfernen. Die Kopfst\u00fctze l\u00e4sst sich einfach mit Wasser reinigen und ist sowohl f\u00fcr den Innen- als auch f\u00fcr den Au\u00dfenbereich geeignet. <\/p>\n","protected":false},"excerpt":{"rendered":"<p><strong>Der Preis enth\u00e4lt die Mehrwertsteuer.<\/strong><\/p>\n<p>Die Kopfst\u00fctze ist eine gro\u00dfartige Erg\u00e4nzung f\u00fcr Badef\u00e4sser. Sie sorgt f\u00fcr ein angenehmes und entspannendes Erlebnis und verleiht dem Badefass einen stilvollen Touch. Egal, ob Sie einen gem\u00fctlichen Abend im Freien mit Freunden verbringen oder sich eine Auszeit allein g\u00f6nnen \u2013 mit diesem Kopfkissen wird das Badefass-Erlebnis noch angenehmer und bequemer.  <\/p>\n","protected":false},"featured_media":2237,"template":"","meta":{"_acf_changed":false},"product_brand":[],"product_cat":[1681],"product_tag":[],"class_list":{"0":"post-13614","1":"product","2":"type-product","3":"status-publish","4":"has-post-thumbnail","6":"product_cat-zusatzausstattungen","8":"first","9":"instock","10":"shipping-taxable","11":"product-type-simple"},"acf":[],"yoast_head":"<!-- This site is optimized with the Yoast SEO plugin v26.8 - https:\/\/yoast.com\/product\/yoast-seo-wordpress\/ -->\n<title>Kopfst\u00fctze - Awero - S\u00fcdamega L\u00f5una-Eestist<\/title>\n<meta name=\"robots\" content=\"index, follow, max-snippet:-1, max-image-preview:large, max-video-preview:-1\" \/>\n<link rel=\"canonical\" href=\"https:\/\/awero.ee\/de\/toode\/kopfstutze\/\" \/>\n<meta property=\"og:locale\" content=\"de_DE\" \/>\n<meta property=\"og:type\" content=\"article\" \/>\n<meta property=\"og:title\" content=\"Kopfst\u00fctze - Awero - S\u00fcdamega L\u00f5una-Eestist\" \/>\n<meta property=\"og:description\" content=\"Der Preis enth\u00e4lt die Mehrwertsteuer. Die Kopfst\u00fctze ist eine gro\u00dfartige Erg\u00e4nzung f\u00fcr Badef\u00e4sser. Sie sorgt f\u00fcr ein angenehmes und entspannendes Erlebnis und verleiht dem Badefass einen stilvollen Touch. Egal, ob Sie einen gem\u00fctlichen Abend im Freien mit Freunden verbringen oder sich eine Auszeit allein g\u00f6nnen \u2013 mit diesem Kopfkissen wird das Badefass-Erlebnis noch angenehmer und bequemer.\" \/>\n<meta property=\"og:url\" content=\"https:\/\/awero.ee\/de\/toode\/kopfstutze\/\" \/>\n<meta property=\"og:site_name\" content=\"Awero - S\u00fcdamega L\u00f5una-Eestist\" \/>\n<meta property=\"og:image\" content=\"https:\/\/awero.ee\/wp-content\/uploads\/2024\/12\/Peapadi.jpg\" \/>\n\t<meta property=\"og:image:width\" content=\"339\" \/>\n\t<meta property=\"og:image:height\" content=\"320\" \/>\n\t<meta property=\"og:image:type\" content=\"image\/jpeg\" \/>\n<meta name=\"twitter:card\" content=\"summary_large_image\" \/>\n<meta name=\"twitter:label1\" content=\"Gesch\u00e4tzte Lesezeit\" \/>\n\t<meta name=\"twitter:data1\" content=\"1\u00a0Minute\" \/>\n<script type=\"application\/ld+json\" class=\"yoast-schema-graph\">{\"@context\":\"https:\/\/schema.org\",\"@graph\":[{\"@type\":\"WebPage\",\"@id\":\"https:\/\/awero.ee\/de\/toode\/kopfstutze\/\",\"url\":\"https:\/\/awero.ee\/de\/toode\/kopfstutze\/\",\"name\":\"Kopfst\u00fctze - Awero - S\u00fcdamega L\u00f5una-Eestist\",\"isPartOf\":{\"@id\":\"https:\/\/awero.ee\/de\/#website\"},\"primaryImageOfPage\":{\"@id\":\"https:\/\/awero.ee\/de\/toode\/kopfstutze\/#primaryimage\"},\"image\":{\"@id\":\"https:\/\/awero.ee\/de\/toode\/kopfstutze\/#primaryimage\"},\"thumbnailUrl\":\"https:\/\/awero.ee\/wp-content\/uploads\/2024\/12\/Peapadi.jpg\",\"datePublished\":\"2024-12-12T12:00:46+00:00\",\"breadcrumb\":{\"@id\":\"https:\/\/awero.ee\/de\/toode\/kopfstutze\/#breadcrumb\"},\"inLanguage\":\"de\",\"potentialAction\":[{\"@type\":\"ReadAction\",\"target\":[\"https:\/\/awero.ee\/de\/toode\/kopfstutze\/\"]}]},{\"@type\":\"ImageObject\",\"inLanguage\":\"de\",\"@id\":\"https:\/\/awero.ee\/de\/toode\/kopfstutze\/#primaryimage\",\"url\":\"https:\/\/awero.ee\/wp-content\/uploads\/2024\/12\/Peapadi.jpg\",\"contentUrl\":\"https:\/\/awero.ee\/wp-content\/uploads\/2024\/12\/Peapadi.jpg\",\"width\":339,\"height\":320},{\"@type\":\"BreadcrumbList\",\"@id\":\"https:\/\/awero.ee\/de\/toode\/kopfstutze\/#breadcrumb\",\"itemListElement\":[{\"@type\":\"ListItem\",\"position\":1,\"name\":\"Home\",\"item\":\"https:\/\/awero.ee\/de\/startseite\/\"},{\"@type\":\"ListItem\",\"position\":2,\"name\":\"Pood\",\"item\":\"https:\/\/awero.ee\/pood\/\"},{\"@type\":\"ListItem\",\"position\":3,\"name\":\"Kopfst\u00fctze\"}]},{\"@type\":\"WebSite\",\"@id\":\"https:\/\/awero.ee\/de\/#website\",\"url\":\"https:\/\/awero.ee\/de\/\",\"name\":\"Awero - S\u00fcdamega L\u00f5una Eestist\",\"description\":\"\",\"publisher\":{\"@id\":\"https:\/\/awero.ee\/de\/#organization\"},\"potentialAction\":[{\"@type\":\"SearchAction\",\"target\":{\"@type\":\"EntryPoint\",\"urlTemplate\":\"https:\/\/awero.ee\/de\/?s={search_term_string}\"},\"query-input\":{\"@type\":\"PropertyValueSpecification\",\"valueRequired\":true,\"valueName\":\"search_term_string\"}}],\"inLanguage\":\"de\"},{\"@type\":\"Organization\",\"@id\":\"https:\/\/awero.ee\/de\/#organization\",\"name\":\"Awero - S\u00fcdamega L\u00f5una Eestist\",\"url\":\"https:\/\/awero.ee\/de\/\",\"logo\":{\"@type\":\"ImageObject\",\"inLanguage\":\"de\",\"@id\":\"https:\/\/awero.ee\/de\/#\/schema\/logo\/image\/\",\"url\":\"https:\/\/awero.ee\/wp-content\/uploads\/2024\/07\/aweroplaceholder.jpg\",\"contentUrl\":\"https:\/\/awero.ee\/wp-content\/uploads\/2024\/07\/aweroplaceholder.jpg\",\"width\":1250,\"height\":834,\"caption\":\"Awero - S\u00fcdamega L\u00f5una Eestist\"},\"image\":{\"@id\":\"https:\/\/awero.ee\/de\/#\/schema\/logo\/image\/\"}}]}<\/script>\n<!-- \/ Yoast SEO plugin. -->","yoast_head_json":{"title":"Kopfst\u00fctze - Awero - S\u00fcdamega L\u00f5una-Eestist","robots":{"index":"index","follow":"follow","max-snippet":"max-snippet:-1","max-image-preview":"max-image-preview:large","max-video-preview":"max-video-preview:-1"},"canonical":"https:\/\/awero.ee\/de\/toode\/kopfstutze\/","og_locale":"de_DE","og_type":"article","og_title":"Kopfst\u00fctze - Awero - S\u00fcdamega L\u00f5una-Eestist","og_description":"Der Preis enth\u00e4lt die Mehrwertsteuer. Die Kopfst\u00fctze ist eine gro\u00dfartige Erg\u00e4nzung f\u00fcr Badef\u00e4sser. Sie sorgt f\u00fcr ein angenehmes und entspannendes Erlebnis und verleiht dem Badefass einen stilvollen Touch. Egal, ob Sie einen gem\u00fctlichen Abend im Freien mit Freunden verbringen oder sich eine Auszeit allein g\u00f6nnen \u2013 mit diesem Kopfkissen wird das Badefass-Erlebnis noch angenehmer und bequemer.","og_url":"https:\/\/awero.ee\/de\/toode\/kopfstutze\/","og_site_name":"Awero - S\u00fcdamega L\u00f5una-Eestist","og_image":[{"width":339,"height":320,"url":"https:\/\/awero.ee\/wp-content\/uploads\/2024\/12\/Peapadi.jpg","type":"image\/jpeg"}],"twitter_card":"summary_large_image","twitter_misc":{"Gesch\u00e4tzte Lesezeit":"1\u00a0Minute"},"schema":{"@context":"https:\/\/schema.org","@graph":[{"@type":"WebPage","@id":"https:\/\/awero.ee\/de\/toode\/kopfstutze\/","url":"https:\/\/awero.ee\/de\/toode\/kopfstutze\/","name":"Kopfst\u00fctze - Awero - S\u00fcdamega L\u00f5una-Eestist","isPartOf":{"@id":"https:\/\/awero.ee\/de\/#website"},"primaryImageOfPage":{"@id":"https:\/\/awero.ee\/de\/toode\/kopfstutze\/#primaryimage"},"image":{"@id":"https:\/\/awero.ee\/de\/toode\/kopfstutze\/#primaryimage"},"thumbnailUrl":"https:\/\/awero.ee\/wp-content\/uploads\/2024\/12\/Peapadi.jpg","datePublished":"2024-12-12T12:00:46+00:00","breadcrumb":{"@id":"https:\/\/awero.ee\/de\/toode\/kopfstutze\/#breadcrumb"},"inLanguage":"de","potentialAction":[{"@type":"ReadAction","target":["https:\/\/awero.ee\/de\/toode\/kopfstutze\/"]}]},{"@type":"ImageObject","inLanguage":"de","@id":"https:\/\/awero.ee\/de\/toode\/kopfstutze\/#primaryimage","url":"https:\/\/awero.ee\/wp-content\/uploads\/2024\/12\/Peapadi.jpg","contentUrl":"https:\/\/awero.ee\/wp-content\/uploads\/2024\/12\/Peapadi.jpg","width":339,"height":320},{"@type":"BreadcrumbList","@id":"https:\/\/awero.ee\/de\/toode\/kopfstutze\/#breadcrumb","itemListElement":[{"@type":"ListItem","position":1,"name":"Home","item":"https:\/\/awero.ee\/de\/startseite\/"},{"@type":"ListItem","position":2,"name":"Pood","item":"https:\/\/awero.ee\/pood\/"},{"@type":"ListItem","position":3,"name":"Kopfst\u00fctze"}]},{"@type":"WebSite","@id":"https:\/\/awero.ee\/de\/#website","url":"https:\/\/awero.ee\/de\/","name":"Awero - S\u00fcdamega L\u00f5una Eestist","description":"","publisher":{"@id":"https:\/\/awero.ee\/de\/#organization"},"potentialAction":[{"@type":"SearchAction","target":{"@type":"EntryPoint","urlTemplate":"https:\/\/awero.ee\/de\/?s={search_term_string}"},"query-input":{"@type":"PropertyValueSpecification","valueRequired":true,"valueName":"search_term_string"}}],"inLanguage":"de"},{"@type":"Organization","@id":"https:\/\/awero.ee\/de\/#organization","name":"Awero - S\u00fcdamega L\u00f5una Eestist","url":"https:\/\/awero.ee\/de\/","logo":{"@type":"ImageObject","inLanguage":"de","@id":"https:\/\/awero.ee\/de\/#\/schema\/logo\/image\/","url":"https:\/\/awero.ee\/wp-content\/uploads\/2024\/07\/aweroplaceholder.jpg","contentUrl":"https:\/\/awero.ee\/wp-content\/uploads\/2024\/07\/aweroplaceholder.jpg","width":1250,"height":834,"caption":"Awero - S\u00fcdamega L\u00f5una Eestist"},"image":{"@id":"https:\/\/awero.ee\/de\/#\/schema\/logo\/image\/"}}]}},"_links":{"self":[{"href":"https:\/\/awero.ee\/de\/wp-json\/wp\/v2\/product\/13614","targetHints":{"allow":["GET"]}}],"collection":[{"href":"https:\/\/awero.ee\/de\/wp-json\/wp\/v2\/product"}],"about":[{"href":"https:\/\/awero.ee\/de\/wp-json\/wp\/v2\/types\/product"}],"wp:featuredmedia":[{"embeddable":true,"href":"https:\/\/awero.ee\/de\/wp-json\/wp\/v2\/media\/2237"}],"wp:attachment":[{"href":"https:\/\/awero.ee\/de\/wp-json\/wp\/v2\/media?parent=13614"}],"wp:term":[{"taxonomy":"product_brand","embeddable":true,"href":"https:\/\/awero.ee\/de\/wp-json\/wp\/v2\/product_brand?post=13614"},{"taxonomy":"product_cat","embeddable":true,"href":"https:\/\/awero.ee\/de\/wp-json\/wp\/v2\/product_cat?post=13614"},{"taxonomy":"product_tag","embeddable":true,"href":"https:\/\/awero.ee\/de\/wp-json\/wp\/v2\/product_tag?post=13614"}],"curies":[{"name":"wp","href":"https:\/\/api.w.org\/{rel}","templated":true}]}}