{"id":13605,"date":"2024-12-12T12:00:46","date_gmt":"2024-12-12T12:00:46","guid":{"rendered":"https:\/\/awero.ee\/toode\/zweistufige-runde-badefass-treppe\/"},"modified":"2024-12-12T12:00:46","modified_gmt":"2024-12-12T12:00:46","slug":"zweistufige-runde-badefass-treppe","status":"publish","type":"product","link":"https:\/\/awero.ee\/de\/toode\/zweistufige-runde-badefass-treppe\/","title":{"rendered":"Zweistufige runde Badefass-Treppe"},"content":{"rendered":"<p>Die Treppe besteht aus zwei unterschiedlich gro\u00dfen Stufen, die aufeinander gesetzt werden und sich bei Bedarf miteinander verbinden lassen.<\/p>\n<p><strong>Gr\u00f6\u00dfere Stufe der Treppe:<\/strong> 835 mm (Breite) x 440 mm (Tiefe) x 310 mm (H\u00f6he)<\/p>\n<p><strong>Kleinere Stufe der Treppe:<\/strong> 500 mm (Breite) x 275 mm (Tiefe) x 310 mm (H\u00f6he)<\/p>\n<p>Ist die Treppe unbehandelt, empfehlen wir, sie mit einem speziellen Holzschutzmittel zu streichen oder zu \u00f6len. Das hilft, die Sch\u00f6nheit und Haltbarkeit des Holzes zu erhalten und es vor Feuchtigkeit und UV-Strahlung zu sch\u00fctzen. Es wird empfohlen, die Treppe einmal j\u00e4hrlich nachzubehandeln.  <\/p>\n<p>Reinigen Sie die Treppe regelm\u00e4\u00dfig mit einer weichen B\u00fcrste oder einem Tuch, um Staub, Schmutz und andere Verunreinigungen zu entfernen.<\/p>\n<p><strong>NB!<\/strong> <strong>Aufgrund seiner Gr\u00f6\u00dfe passt das Produkt nicht in Packstationen.<\/strong> Der Versand der Treppe kann per Kurier erfolgen. Bitte kontaktieren Sie vor der Bestellung unsere Vertriebsexperten.<\/p>\n","protected":false},"excerpt":{"rendered":"<p><strong>Der Preis enth\u00e4lt die Mehrwertsteuer.<\/strong><\/p>\n<p>Die Badefass-Treppe erleichtert das Ein- und Aussteigen und sorgt dabei f\u00fcr Komfort und Sicherheit. Sie ist aus strapazierf\u00e4higem und langlebigem Thermoholz gefertigt. Bestellen Sie Ihre Treppe noch heute und kommen Sie Ihrem pers\u00f6nlichen Badefass-Paradies einen Schritt n\u00e4her!  <\/p>\n","protected":false},"featured_media":2641,"template":"","meta":{"_acf_changed":false},"product_brand":[],"product_cat":[1681],"product_tag":[],"class_list":{"0":"post-13605","1":"product","2":"type-product","3":"status-publish","4":"has-post-thumbnail","6":"product_cat-zusatzausstattungen","8":"first","9":"instock","10":"shipping-taxable","11":"product-type-simple"},"acf":[],"yoast_head":"<!-- This site is optimized with the Yoast SEO plugin v27.5 - https:\/\/yoast.com\/product\/yoast-seo-wordpress\/ -->\n<title>Zweistufige runde Badefass-Treppe - Awero - S\u00fcdamega L\u00f5una-Eestist<\/title>\n<meta name=\"robots\" content=\"index, follow, max-snippet:-1, max-image-preview:large, max-video-preview:-1\" \/>\n<link rel=\"canonical\" href=\"https:\/\/awero.ee\/de\/toode\/zweistufige-runde-badefass-treppe\/\" \/>\n<meta property=\"og:locale\" content=\"de_DE\" \/>\n<meta property=\"og:type\" content=\"article\" \/>\n<meta property=\"og:title\" content=\"Zweistufige runde Badefass-Treppe - Awero - S\u00fcdamega L\u00f5una-Eestist\" \/>\n<meta property=\"og:description\" content=\"Der Preis enth\u00e4lt die Mehrwertsteuer. Die Badefass-Treppe erleichtert das Ein- und Aussteigen und sorgt dabei f\u00fcr Komfort und Sicherheit. Sie ist aus strapazierf\u00e4higem und langlebigem Thermoholz gefertigt. Bestellen Sie Ihre Treppe noch heute und kommen Sie Ihrem pers\u00f6nlichen Badefass-Paradies einen Schritt n\u00e4her!\" \/>\n<meta property=\"og:url\" content=\"https:\/\/awero.ee\/de\/toode\/zweistufige-runde-badefass-treppe\/\" \/>\n<meta property=\"og:site_name\" content=\"Awero - S\u00fcdamega L\u00f5una-Eestist\" \/>\n<meta property=\"og:image\" content=\"https:\/\/awero.ee\/wp-content\/uploads\/2024\/12\/Trepp_2_w.png\" \/>\n\t<meta property=\"og:image:width\" content=\"969\" \/>\n\t<meta property=\"og:image:height\" content=\"646\" \/>\n\t<meta property=\"og:image:type\" content=\"image\/png\" \/>\n<meta name=\"twitter:card\" content=\"summary_large_image\" \/>\n<meta name=\"twitter:label1\" content=\"Gesch\u00e4tzte Lesezeit\" \/>\n\t<meta name=\"twitter:data1\" content=\"1\u00a0Minute\" \/>\n<script type=\"application\/ld+json\" class=\"yoast-schema-graph\">{\"@context\":\"https:\\\/\\\/schema.org\",\"@graph\":[{\"@type\":\"WebPage\",\"@id\":\"https:\\\/\\\/awero.ee\\\/de\\\/toode\\\/zweistufige-runde-badefass-treppe\\\/\",\"url\":\"https:\\\/\\\/awero.ee\\\/de\\\/toode\\\/zweistufige-runde-badefass-treppe\\\/\",\"name\":\"Zweistufige runde Badefass-Treppe - Awero - S\u00fcdamega L\u00f5una-Eestist\",\"isPartOf\":{\"@id\":\"https:\\\/\\\/awero.ee\\\/de\\\/#website\"},\"primaryImageOfPage\":{\"@id\":\"https:\\\/\\\/awero.ee\\\/de\\\/toode\\\/zweistufige-runde-badefass-treppe\\\/#primaryimage\"},\"image\":{\"@id\":\"https:\\\/\\\/awero.ee\\\/de\\\/toode\\\/zweistufige-runde-badefass-treppe\\\/#primaryimage\"},\"thumbnailUrl\":\"https:\\\/\\\/awero.ee\\\/wp-content\\\/uploads\\\/2024\\\/12\\\/Trepp_2_w.png\",\"datePublished\":\"2024-12-12T12:00:46+00:00\",\"breadcrumb\":{\"@id\":\"https:\\\/\\\/awero.ee\\\/de\\\/toode\\\/zweistufige-runde-badefass-treppe\\\/#breadcrumb\"},\"inLanguage\":\"de\",\"potentialAction\":[{\"@type\":\"ReadAction\",\"target\":[\"https:\\\/\\\/awero.ee\\\/de\\\/toode\\\/zweistufige-runde-badefass-treppe\\\/\"]}]},{\"@type\":\"ImageObject\",\"inLanguage\":\"de\",\"@id\":\"https:\\\/\\\/awero.ee\\\/de\\\/toode\\\/zweistufige-runde-badefass-treppe\\\/#primaryimage\",\"url\":\"https:\\\/\\\/awero.ee\\\/wp-content\\\/uploads\\\/2024\\\/12\\\/Trepp_2_w.png\",\"contentUrl\":\"https:\\\/\\\/awero.ee\\\/wp-content\\\/uploads\\\/2024\\\/12\\\/Trepp_2_w.png\",\"width\":969,\"height\":646},{\"@type\":\"BreadcrumbList\",\"@id\":\"https:\\\/\\\/awero.ee\\\/de\\\/toode\\\/zweistufige-runde-badefass-treppe\\\/#breadcrumb\",\"itemListElement\":[{\"@type\":\"ListItem\",\"position\":1,\"name\":\"Home\",\"item\":\"https:\\\/\\\/awero.ee\\\/de\\\/startseite\\\/\"},{\"@type\":\"ListItem\",\"position\":2,\"name\":\"Pood\",\"item\":\"https:\\\/\\\/awero.ee\\\/pood\\\/\"},{\"@type\":\"ListItem\",\"position\":3,\"name\":\"Zweistufige runde Badefass-Treppe\"}]},{\"@type\":\"WebSite\",\"@id\":\"https:\\\/\\\/awero.ee\\\/de\\\/#website\",\"url\":\"https:\\\/\\\/awero.ee\\\/de\\\/\",\"name\":\"Awero - S\u00fcdamega L\u00f5una Eestist\",\"description\":\"\",\"publisher\":{\"@id\":\"https:\\\/\\\/awero.ee\\\/de\\\/#organization\"},\"potentialAction\":[{\"@type\":\"SearchAction\",\"target\":{\"@type\":\"EntryPoint\",\"urlTemplate\":\"https:\\\/\\\/awero.ee\\\/de\\\/?s={search_term_string}\"},\"query-input\":{\"@type\":\"PropertyValueSpecification\",\"valueRequired\":true,\"valueName\":\"search_term_string\"}}],\"inLanguage\":\"de\"},{\"@type\":\"Organization\",\"@id\":\"https:\\\/\\\/awero.ee\\\/de\\\/#organization\",\"name\":\"Awero - S\u00fcdamega L\u00f5una Eestist\",\"url\":\"https:\\\/\\\/awero.ee\\\/de\\\/\",\"logo\":{\"@type\":\"ImageObject\",\"inLanguage\":\"de\",\"@id\":\"https:\\\/\\\/awero.ee\\\/de\\\/#\\\/schema\\\/logo\\\/image\\\/\",\"url\":\"https:\\\/\\\/awero.ee\\\/wp-content\\\/uploads\\\/2024\\\/07\\\/aweroplaceholder.jpg\",\"contentUrl\":\"https:\\\/\\\/awero.ee\\\/wp-content\\\/uploads\\\/2024\\\/07\\\/aweroplaceholder.jpg\",\"width\":1250,\"height\":834,\"caption\":\"Awero - S\u00fcdamega L\u00f5una Eestist\"},\"image\":{\"@id\":\"https:\\\/\\\/awero.ee\\\/de\\\/#\\\/schema\\\/logo\\\/image\\\/\"}}]}<\/script>\n<!-- \/ Yoast SEO plugin. -->","yoast_head_json":{"title":"Zweistufige runde Badefass-Treppe - Awero - S\u00fcdamega L\u00f5una-Eestist","robots":{"index":"index","follow":"follow","max-snippet":"max-snippet:-1","max-image-preview":"max-image-preview:large","max-video-preview":"max-video-preview:-1"},"canonical":"https:\/\/awero.ee\/de\/toode\/zweistufige-runde-badefass-treppe\/","og_locale":"de_DE","og_type":"article","og_title":"Zweistufige runde Badefass-Treppe - Awero - S\u00fcdamega L\u00f5una-Eestist","og_description":"Der Preis enth\u00e4lt die Mehrwertsteuer. Die Badefass-Treppe erleichtert das Ein- und Aussteigen und sorgt dabei f\u00fcr Komfort und Sicherheit. Sie ist aus strapazierf\u00e4higem und langlebigem Thermoholz gefertigt. Bestellen Sie Ihre Treppe noch heute und kommen Sie Ihrem pers\u00f6nlichen Badefass-Paradies einen Schritt n\u00e4her!","og_url":"https:\/\/awero.ee\/de\/toode\/zweistufige-runde-badefass-treppe\/","og_site_name":"Awero - S\u00fcdamega L\u00f5una-Eestist","og_image":[{"width":969,"height":646,"url":"https:\/\/awero.ee\/wp-content\/uploads\/2024\/12\/Trepp_2_w.png","type":"image\/png"}],"twitter_card":"summary_large_image","twitter_misc":{"Gesch\u00e4tzte Lesezeit":"1\u00a0Minute"},"schema":{"@context":"https:\/\/schema.org","@graph":[{"@type":"WebPage","@id":"https:\/\/awero.ee\/de\/toode\/zweistufige-runde-badefass-treppe\/","url":"https:\/\/awero.ee\/de\/toode\/zweistufige-runde-badefass-treppe\/","name":"Zweistufige runde Badefass-Treppe - Awero - S\u00fcdamega L\u00f5una-Eestist","isPartOf":{"@id":"https:\/\/awero.ee\/de\/#website"},"primaryImageOfPage":{"@id":"https:\/\/awero.ee\/de\/toode\/zweistufige-runde-badefass-treppe\/#primaryimage"},"image":{"@id":"https:\/\/awero.ee\/de\/toode\/zweistufige-runde-badefass-treppe\/#primaryimage"},"thumbnailUrl":"https:\/\/awero.ee\/wp-content\/uploads\/2024\/12\/Trepp_2_w.png","datePublished":"2024-12-12T12:00:46+00:00","breadcrumb":{"@id":"https:\/\/awero.ee\/de\/toode\/zweistufige-runde-badefass-treppe\/#breadcrumb"},"inLanguage":"de","potentialAction":[{"@type":"ReadAction","target":["https:\/\/awero.ee\/de\/toode\/zweistufige-runde-badefass-treppe\/"]}]},{"@type":"ImageObject","inLanguage":"de","@id":"https:\/\/awero.ee\/de\/toode\/zweistufige-runde-badefass-treppe\/#primaryimage","url":"https:\/\/awero.ee\/wp-content\/uploads\/2024\/12\/Trepp_2_w.png","contentUrl":"https:\/\/awero.ee\/wp-content\/uploads\/2024\/12\/Trepp_2_w.png","width":969,"height":646},{"@type":"BreadcrumbList","@id":"https:\/\/awero.ee\/de\/toode\/zweistufige-runde-badefass-treppe\/#breadcrumb","itemListElement":[{"@type":"ListItem","position":1,"name":"Home","item":"https:\/\/awero.ee\/de\/startseite\/"},{"@type":"ListItem","position":2,"name":"Pood","item":"https:\/\/awero.ee\/pood\/"},{"@type":"ListItem","position":3,"name":"Zweistufige runde Badefass-Treppe"}]},{"@type":"WebSite","@id":"https:\/\/awero.ee\/de\/#website","url":"https:\/\/awero.ee\/de\/","name":"Awero - S\u00fcdamega L\u00f5una Eestist","description":"","publisher":{"@id":"https:\/\/awero.ee\/de\/#organization"},"potentialAction":[{"@type":"SearchAction","target":{"@type":"EntryPoint","urlTemplate":"https:\/\/awero.ee\/de\/?s={search_term_string}"},"query-input":{"@type":"PropertyValueSpecification","valueRequired":true,"valueName":"search_term_string"}}],"inLanguage":"de"},{"@type":"Organization","@id":"https:\/\/awero.ee\/de\/#organization","name":"Awero - S\u00fcdamega L\u00f5una Eestist","url":"https:\/\/awero.ee\/de\/","logo":{"@type":"ImageObject","inLanguage":"de","@id":"https:\/\/awero.ee\/de\/#\/schema\/logo\/image\/","url":"https:\/\/awero.ee\/wp-content\/uploads\/2024\/07\/aweroplaceholder.jpg","contentUrl":"https:\/\/awero.ee\/wp-content\/uploads\/2024\/07\/aweroplaceholder.jpg","width":1250,"height":834,"caption":"Awero - S\u00fcdamega L\u00f5una Eestist"},"image":{"@id":"https:\/\/awero.ee\/de\/#\/schema\/logo\/image\/"}}]}},"_links":{"self":[{"href":"https:\/\/awero.ee\/de\/wp-json\/wp\/v2\/product\/13605","targetHints":{"allow":["GET"]}}],"collection":[{"href":"https:\/\/awero.ee\/de\/wp-json\/wp\/v2\/product"}],"about":[{"href":"https:\/\/awero.ee\/de\/wp-json\/wp\/v2\/types\/product"}],"wp:featuredmedia":[{"embeddable":true,"href":"https:\/\/awero.ee\/de\/wp-json\/wp\/v2\/media\/2641"}],"wp:attachment":[{"href":"https:\/\/awero.ee\/de\/wp-json\/wp\/v2\/media?parent=13605"}],"wp:term":[{"taxonomy":"product_brand","embeddable":true,"href":"https:\/\/awero.ee\/de\/wp-json\/wp\/v2\/product_brand?post=13605"},{"taxonomy":"product_cat","embeddable":true,"href":"https:\/\/awero.ee\/de\/wp-json\/wp\/v2\/product_cat?post=13605"},{"taxonomy":"product_tag","embeddable":true,"href":"https:\/\/awero.ee\/de\/wp-json\/wp\/v2\/product_tag?post=13605"}],"curies":[{"name":"wp","href":"https:\/\/api.w.org\/{rel}","templated":true}]}}