{"id":13586,"date":"2024-12-12T12:00:46","date_gmt":"2024-12-12T12:00:46","guid":{"rendered":"https:\/\/awero.ee\/toode\/led-beleuchtung\/"},"modified":"2024-12-12T12:00:46","modified_gmt":"2024-12-12T12:00:46","slug":"led-beleuchtung","status":"publish","type":"product","link":"https:\/\/awero.ee\/de\/toode\/led-beleuchtung\/","title":{"rendered":"LED-Beleuchtung"},"content":{"rendered":"<p>Die LED-Beleuchtung f\u00fcr Badef\u00e4sser besteht aus im Au\u00dfenbereich best\u00e4ndigen Materialien. Die Leuchte ist mit mehrfarbigen LED-Lampen (RGB) ausgestattet, mit denen Sie je nach Stimmung zwischen verschiedenen Lichtmodi und Farbt\u00f6nen w\u00e4hlen k\u00f6nnen. Die LED-Leuchte kann an Badef\u00e4sser mit Kunststoffwanne angebracht werden.  <\/p>\n<p>Bedeutung der Modellauswahl:<\/p>\n<ul>\n<li>IconTub \u2013 Leuchte mit 2 Lampen + 1 Schalter<\/li>\n<li>Ofuro \u2013 Leuchte mit 1 Lampe + 1 Knopf<\/li>\n<li>Durchmesser 200 cm \u2013 Leuchte mit 1 Lampe + 1 Knopf<\/li>\n<li>Durchmesser 220 cm \u2013 Leuchte mit 2 Lampen + 1 Knopf<\/li>\n<li>MulliXKing \u2013 Leuchte mit 3 Lampen + 1 Knopf<\/li>\n<\/ul>\n<p>Die LED-Technologie sorgt f\u00fcr einen geringen Energieverbrauch und eine l\u00e4ngere Lebensdauer im Vergleich zu herk\u00f6mmlichen Leuchten.<\/p>\n","protected":false},"excerpt":{"rendered":"<p>Die LED-Beleuchtung f\u00fcr das Badefass ist ein gro\u00dfartiges Zubeh\u00f6r, das Ihr Badeerlebnis noch angenehmer und einzigartiger macht. Ob romantisches Abendlicht oder eine fr\u00f6hliche Farbkombination \u2013 mit dieser Beleuchtung schaffen Sie in Ihrem Badefass genau die passende Atmosph\u00e4re. <\/p>\n","protected":false},"featured_media":13597,"template":"","meta":{"_acf_changed":false},"product_brand":[],"product_cat":[1681],"product_tag":[],"class_list":{"0":"post-13586","1":"product","2":"type-product","3":"status-publish","4":"has-post-thumbnail","6":"product_cat-zusatzausstattungen","8":"first","9":"instock","10":"shipping-taxable","11":"product-type-variable"},"acf":[],"yoast_head":"<!-- This site is optimized with the Yoast SEO plugin v26.8 - https:\/\/yoast.com\/product\/yoast-seo-wordpress\/ -->\n<title>LED-Beleuchtung - Awero - S\u00fcdamega L\u00f5una-Eestist<\/title>\n<meta name=\"robots\" content=\"index, follow, max-snippet:-1, max-image-preview:large, max-video-preview:-1\" \/>\n<link rel=\"canonical\" href=\"https:\/\/awero.ee\/de\/toode\/led-beleuchtung\/\" \/>\n<meta property=\"og:locale\" content=\"de_DE\" \/>\n<meta property=\"og:type\" content=\"article\" \/>\n<meta property=\"og:title\" content=\"LED-Beleuchtung - Awero - S\u00fcdamega L\u00f5una-Eestist\" \/>\n<meta property=\"og:description\" content=\"Die LED-Beleuchtung f\u00fcr das Badefass ist ein gro\u00dfartiges Zubeh\u00f6r, das Ihr Badeerlebnis noch angenehmer und einzigartiger macht. Ob romantisches Abendlicht oder eine fr\u00f6hliche Farbkombination \u2013 mit dieser Beleuchtung schaffen Sie in Ihrem Badefass genau die passende Atmosph\u00e4re.\" \/>\n<meta property=\"og:url\" content=\"https:\/\/awero.ee\/de\/toode\/led-beleuchtung\/\" \/>\n<meta property=\"og:site_name\" content=\"Awero - S\u00fcdamega L\u00f5una-Eestist\" \/>\n<meta property=\"og:image\" content=\"https:\/\/awero.ee\/wp-content\/uploads\/2024\/12\/LED-valgustus-1.jpg\" \/>\n\t<meta property=\"og:image:width\" content=\"1080\" \/>\n\t<meta property=\"og:image:height\" content=\"809\" \/>\n\t<meta property=\"og:image:type\" content=\"image\/jpeg\" \/>\n<meta name=\"twitter:card\" content=\"summary_large_image\" \/>\n<script type=\"application\/ld+json\" class=\"yoast-schema-graph\">{\"@context\":\"https:\/\/schema.org\",\"@graph\":[{\"@type\":\"WebPage\",\"@id\":\"https:\/\/awero.ee\/de\/toode\/led-beleuchtung\/\",\"url\":\"https:\/\/awero.ee\/de\/toode\/led-beleuchtung\/\",\"name\":\"LED-Beleuchtung - Awero - S\u00fcdamega L\u00f5una-Eestist\",\"isPartOf\":{\"@id\":\"https:\/\/awero.ee\/de\/#website\"},\"primaryImageOfPage\":{\"@id\":\"https:\/\/awero.ee\/de\/toode\/led-beleuchtung\/#primaryimage\"},\"image\":{\"@id\":\"https:\/\/awero.ee\/de\/toode\/led-beleuchtung\/#primaryimage\"},\"thumbnailUrl\":\"https:\/\/awero.ee\/wp-content\/uploads\/2024\/12\/LED-valgustus-1.jpg\",\"datePublished\":\"2024-12-12T12:00:46+00:00\",\"breadcrumb\":{\"@id\":\"https:\/\/awero.ee\/de\/toode\/led-beleuchtung\/#breadcrumb\"},\"inLanguage\":\"de\",\"potentialAction\":[{\"@type\":\"ReadAction\",\"target\":[\"https:\/\/awero.ee\/de\/toode\/led-beleuchtung\/\"]}]},{\"@type\":\"ImageObject\",\"inLanguage\":\"de\",\"@id\":\"https:\/\/awero.ee\/de\/toode\/led-beleuchtung\/#primaryimage\",\"url\":\"https:\/\/awero.ee\/wp-content\/uploads\/2024\/12\/LED-valgustus-1.jpg\",\"contentUrl\":\"https:\/\/awero.ee\/wp-content\/uploads\/2024\/12\/LED-valgustus-1.jpg\",\"width\":1080,\"height\":809},{\"@type\":\"BreadcrumbList\",\"@id\":\"https:\/\/awero.ee\/de\/toode\/led-beleuchtung\/#breadcrumb\",\"itemListElement\":[{\"@type\":\"ListItem\",\"position\":1,\"name\":\"Home\",\"item\":\"https:\/\/awero.ee\/de\/startseite\/\"},{\"@type\":\"ListItem\",\"position\":2,\"name\":\"Pood\",\"item\":\"https:\/\/awero.ee\/pood\/\"},{\"@type\":\"ListItem\",\"position\":3,\"name\":\"LED-Beleuchtung\"}]},{\"@type\":\"WebSite\",\"@id\":\"https:\/\/awero.ee\/de\/#website\",\"url\":\"https:\/\/awero.ee\/de\/\",\"name\":\"Awero - S\u00fcdamega L\u00f5una Eestist\",\"description\":\"\",\"publisher\":{\"@id\":\"https:\/\/awero.ee\/de\/#organization\"},\"potentialAction\":[{\"@type\":\"SearchAction\",\"target\":{\"@type\":\"EntryPoint\",\"urlTemplate\":\"https:\/\/awero.ee\/de\/?s={search_term_string}\"},\"query-input\":{\"@type\":\"PropertyValueSpecification\",\"valueRequired\":true,\"valueName\":\"search_term_string\"}}],\"inLanguage\":\"de\"},{\"@type\":\"Organization\",\"@id\":\"https:\/\/awero.ee\/de\/#organization\",\"name\":\"Awero - S\u00fcdamega L\u00f5una Eestist\",\"url\":\"https:\/\/awero.ee\/de\/\",\"logo\":{\"@type\":\"ImageObject\",\"inLanguage\":\"de\",\"@id\":\"https:\/\/awero.ee\/de\/#\/schema\/logo\/image\/\",\"url\":\"https:\/\/awero.ee\/wp-content\/uploads\/2024\/07\/aweroplaceholder.jpg\",\"contentUrl\":\"https:\/\/awero.ee\/wp-content\/uploads\/2024\/07\/aweroplaceholder.jpg\",\"width\":1250,\"height\":834,\"caption\":\"Awero - S\u00fcdamega L\u00f5una Eestist\"},\"image\":{\"@id\":\"https:\/\/awero.ee\/de\/#\/schema\/logo\/image\/\"}}]}<\/script>\n<!-- \/ Yoast SEO plugin. -->","yoast_head_json":{"title":"LED-Beleuchtung - Awero - S\u00fcdamega L\u00f5una-Eestist","robots":{"index":"index","follow":"follow","max-snippet":"max-snippet:-1","max-image-preview":"max-image-preview:large","max-video-preview":"max-video-preview:-1"},"canonical":"https:\/\/awero.ee\/de\/toode\/led-beleuchtung\/","og_locale":"de_DE","og_type":"article","og_title":"LED-Beleuchtung - Awero - S\u00fcdamega L\u00f5una-Eestist","og_description":"Die LED-Beleuchtung f\u00fcr das Badefass ist ein gro\u00dfartiges Zubeh\u00f6r, das Ihr Badeerlebnis noch angenehmer und einzigartiger macht. Ob romantisches Abendlicht oder eine fr\u00f6hliche Farbkombination \u2013 mit dieser Beleuchtung schaffen Sie in Ihrem Badefass genau die passende Atmosph\u00e4re.","og_url":"https:\/\/awero.ee\/de\/toode\/led-beleuchtung\/","og_site_name":"Awero - S\u00fcdamega L\u00f5una-Eestist","og_image":[{"width":1080,"height":809,"url":"https:\/\/awero.ee\/wp-content\/uploads\/2024\/12\/LED-valgustus-1.jpg","type":"image\/jpeg"}],"twitter_card":"summary_large_image","schema":{"@context":"https:\/\/schema.org","@graph":[{"@type":"WebPage","@id":"https:\/\/awero.ee\/de\/toode\/led-beleuchtung\/","url":"https:\/\/awero.ee\/de\/toode\/led-beleuchtung\/","name":"LED-Beleuchtung - Awero - S\u00fcdamega L\u00f5una-Eestist","isPartOf":{"@id":"https:\/\/awero.ee\/de\/#website"},"primaryImageOfPage":{"@id":"https:\/\/awero.ee\/de\/toode\/led-beleuchtung\/#primaryimage"},"image":{"@id":"https:\/\/awero.ee\/de\/toode\/led-beleuchtung\/#primaryimage"},"thumbnailUrl":"https:\/\/awero.ee\/wp-content\/uploads\/2024\/12\/LED-valgustus-1.jpg","datePublished":"2024-12-12T12:00:46+00:00","breadcrumb":{"@id":"https:\/\/awero.ee\/de\/toode\/led-beleuchtung\/#breadcrumb"},"inLanguage":"de","potentialAction":[{"@type":"ReadAction","target":["https:\/\/awero.ee\/de\/toode\/led-beleuchtung\/"]}]},{"@type":"ImageObject","inLanguage":"de","@id":"https:\/\/awero.ee\/de\/toode\/led-beleuchtung\/#primaryimage","url":"https:\/\/awero.ee\/wp-content\/uploads\/2024\/12\/LED-valgustus-1.jpg","contentUrl":"https:\/\/awero.ee\/wp-content\/uploads\/2024\/12\/LED-valgustus-1.jpg","width":1080,"height":809},{"@type":"BreadcrumbList","@id":"https:\/\/awero.ee\/de\/toode\/led-beleuchtung\/#breadcrumb","itemListElement":[{"@type":"ListItem","position":1,"name":"Home","item":"https:\/\/awero.ee\/de\/startseite\/"},{"@type":"ListItem","position":2,"name":"Pood","item":"https:\/\/awero.ee\/pood\/"},{"@type":"ListItem","position":3,"name":"LED-Beleuchtung"}]},{"@type":"WebSite","@id":"https:\/\/awero.ee\/de\/#website","url":"https:\/\/awero.ee\/de\/","name":"Awero - S\u00fcdamega L\u00f5una Eestist","description":"","publisher":{"@id":"https:\/\/awero.ee\/de\/#organization"},"potentialAction":[{"@type":"SearchAction","target":{"@type":"EntryPoint","urlTemplate":"https:\/\/awero.ee\/de\/?s={search_term_string}"},"query-input":{"@type":"PropertyValueSpecification","valueRequired":true,"valueName":"search_term_string"}}],"inLanguage":"de"},{"@type":"Organization","@id":"https:\/\/awero.ee\/de\/#organization","name":"Awero - S\u00fcdamega L\u00f5una Eestist","url":"https:\/\/awero.ee\/de\/","logo":{"@type":"ImageObject","inLanguage":"de","@id":"https:\/\/awero.ee\/de\/#\/schema\/logo\/image\/","url":"https:\/\/awero.ee\/wp-content\/uploads\/2024\/07\/aweroplaceholder.jpg","contentUrl":"https:\/\/awero.ee\/wp-content\/uploads\/2024\/07\/aweroplaceholder.jpg","width":1250,"height":834,"caption":"Awero - S\u00fcdamega L\u00f5una Eestist"},"image":{"@id":"https:\/\/awero.ee\/de\/#\/schema\/logo\/image\/"}}]}},"_links":{"self":[{"href":"https:\/\/awero.ee\/de\/wp-json\/wp\/v2\/product\/13586","targetHints":{"allow":["GET"]}}],"collection":[{"href":"https:\/\/awero.ee\/de\/wp-json\/wp\/v2\/product"}],"about":[{"href":"https:\/\/awero.ee\/de\/wp-json\/wp\/v2\/types\/product"}],"wp:featuredmedia":[{"embeddable":true,"href":"https:\/\/awero.ee\/de\/wp-json\/wp\/v2\/media\/13597"}],"wp:attachment":[{"href":"https:\/\/awero.ee\/de\/wp-json\/wp\/v2\/media?parent=13586"}],"wp:term":[{"taxonomy":"product_brand","embeddable":true,"href":"https:\/\/awero.ee\/de\/wp-json\/wp\/v2\/product_brand?post=13586"},{"taxonomy":"product_cat","embeddable":true,"href":"https:\/\/awero.ee\/de\/wp-json\/wp\/v2\/product_cat?post=13586"},{"taxonomy":"product_tag","embeddable":true,"href":"https:\/\/awero.ee\/de\/wp-json\/wp\/v2\/product_tag?post=13586"}],"curies":[{"name":"wp","href":"https:\/\/api.w.org\/{rel}","templated":true}]}}