{"id":13576,"date":"2024-12-12T12:00:46","date_gmt":"2024-12-12T12:00:46","guid":{"rendered":"https:\/\/awero.ee\/toode\/digitales-wasserthermometer-fur-badefasser\/"},"modified":"2024-12-12T12:00:46","modified_gmt":"2024-12-12T12:00:46","slug":"digitales-wasserthermometer-fur-badefasser","status":"publish","type":"product","link":"https:\/\/awero.ee\/de\/toode\/digitales-wasserthermometer-fur-badefasser\/","title":{"rendered":"Digitales Wasserthermometer f\u00fcr Badef\u00e4sser"},"content":{"rendered":"<p>Das digitale Wasserthermometer f\u00fcr Badef\u00e4sser bietet eine schnelle L\u00f6sung zur Messung der Wassertemperatur. Es ist einfach zu bedienen und liefert Ihnen schnell Informationen \u00fcber die Wassertemperatur. <\/p>\n<p>So werden Ihre Badeerlebnisse und das Aufheizen des Wassers noch angenehmer.<\/p>\n<p>Das Thermometer ist mit einem hochwertigen Digitaldisplay ausgestattet, das die Wassertemperatur numerisch anzeigt. Da der Sensor keinen direkten Kontakt mit dem Wasser hat, kann die Temperaturabweichung \u00b15 \u00b0C betragen.<\/p>\n","protected":false},"excerpt":{"rendered":"<p data-start=\"148\" data-end=\"347\">Das digitale Thermometer ist ein <strong data-start=\"262\" data-end=\"299\">praktisches <\/strong>Ger\u00e4t, mit dem Sie die Wassertemperatur in Ihrem Badefass \u00fcberwachen k\u00f6nnen. <\/p>\n<p data-start=\"349\" data-end=\"517\">So genie\u00dfen Sie die ideale <strong data-start=\"358\" data-end=\"390\">Wassertemperatur und entspannte Momente <\/strong>in Ihrem Badefass. <\/p>\n","protected":false},"featured_media":13584,"template":"","meta":{"_acf_changed":false},"product_brand":[],"product_cat":[1681],"product_tag":[],"class_list":{"0":"post-13576","1":"product","2":"type-product","3":"status-publish","4":"has-post-thumbnail","6":"product_cat-zusatzausstattungen","8":"first","9":"instock","10":"shipping-taxable","11":"product-type-simple"},"acf":[],"yoast_head":"<!-- This site is optimized with the Yoast SEO plugin v26.8 - https:\/\/yoast.com\/product\/yoast-seo-wordpress\/ -->\n<title>Digitales Wasserthermometer f\u00fcr Badef\u00e4sser - Awero - S\u00fcdamega L\u00f5una-Eestist<\/title>\n<meta name=\"robots\" content=\"index, follow, max-snippet:-1, max-image-preview:large, max-video-preview:-1\" \/>\n<link rel=\"canonical\" href=\"https:\/\/awero.ee\/de\/toode\/digitales-wasserthermometer-fur-badefasser\/\" \/>\n<meta property=\"og:locale\" content=\"de_DE\" \/>\n<meta property=\"og:type\" content=\"article\" \/>\n<meta property=\"og:title\" content=\"Digitales Wasserthermometer f\u00fcr Badef\u00e4sser - Awero - S\u00fcdamega L\u00f5una-Eestist\" \/>\n<meta property=\"og:description\" content=\"Das digitale Thermometer ist ein praktisches Ger\u00e4t, mit dem Sie die Wassertemperatur in Ihrem Badefass \u00fcberwachen k\u00f6nnen. So genie\u00dfen Sie die ideale Wassertemperatur und entspannte Momente in Ihrem Badefass.\" \/>\n<meta property=\"og:url\" content=\"https:\/\/awero.ee\/de\/toode\/digitales-wasserthermometer-fur-badefasser\/\" \/>\n<meta property=\"og:site_name\" content=\"Awero - S\u00fcdamega L\u00f5una-Eestist\" \/>\n<meta property=\"og:image\" content=\"https:\/\/awero.ee\/wp-content\/uploads\/2024\/12\/Untitled-design-e1768898753904.png\" \/>\n\t<meta property=\"og:image:width\" content=\"1600\" \/>\n\t<meta property=\"og:image:height\" content=\"1216\" \/>\n\t<meta property=\"og:image:type\" content=\"image\/png\" \/>\n<meta name=\"twitter:card\" content=\"summary_large_image\" \/>\n<script type=\"application\/ld+json\" class=\"yoast-schema-graph\">{\"@context\":\"https:\/\/schema.org\",\"@graph\":[{\"@type\":\"WebPage\",\"@id\":\"https:\/\/awero.ee\/de\/toode\/digitales-wasserthermometer-fur-badefasser\/\",\"url\":\"https:\/\/awero.ee\/de\/toode\/digitales-wasserthermometer-fur-badefasser\/\",\"name\":\"Digitales Wasserthermometer f\u00fcr Badef\u00e4sser - Awero - S\u00fcdamega L\u00f5una-Eestist\",\"isPartOf\":{\"@id\":\"https:\/\/awero.ee\/de\/#website\"},\"primaryImageOfPage\":{\"@id\":\"https:\/\/awero.ee\/de\/toode\/digitales-wasserthermometer-fur-badefasser\/#primaryimage\"},\"image\":{\"@id\":\"https:\/\/awero.ee\/de\/toode\/digitales-wasserthermometer-fur-badefasser\/#primaryimage\"},\"thumbnailUrl\":\"https:\/\/awero.ee\/wp-content\/uploads\/2024\/12\/Untitled-design-e1768898753904.png\",\"datePublished\":\"2024-12-12T12:00:46+00:00\",\"breadcrumb\":{\"@id\":\"https:\/\/awero.ee\/de\/toode\/digitales-wasserthermometer-fur-badefasser\/#breadcrumb\"},\"inLanguage\":\"de\",\"potentialAction\":[{\"@type\":\"ReadAction\",\"target\":[\"https:\/\/awero.ee\/de\/toode\/digitales-wasserthermometer-fur-badefasser\/\"]}]},{\"@type\":\"ImageObject\",\"inLanguage\":\"de\",\"@id\":\"https:\/\/awero.ee\/de\/toode\/digitales-wasserthermometer-fur-badefasser\/#primaryimage\",\"url\":\"https:\/\/awero.ee\/wp-content\/uploads\/2024\/12\/Untitled-design-e1768898753904.png\",\"contentUrl\":\"https:\/\/awero.ee\/wp-content\/uploads\/2024\/12\/Untitled-design-e1768898753904.png\",\"width\":1600,\"height\":1216},{\"@type\":\"BreadcrumbList\",\"@id\":\"https:\/\/awero.ee\/de\/toode\/digitales-wasserthermometer-fur-badefasser\/#breadcrumb\",\"itemListElement\":[{\"@type\":\"ListItem\",\"position\":1,\"name\":\"Home\",\"item\":\"https:\/\/awero.ee\/de\/startseite\/\"},{\"@type\":\"ListItem\",\"position\":2,\"name\":\"Pood\",\"item\":\"https:\/\/awero.ee\/pood\/\"},{\"@type\":\"ListItem\",\"position\":3,\"name\":\"Digitales Wasserthermometer f\u00fcr Badef\u00e4sser\"}]},{\"@type\":\"WebSite\",\"@id\":\"https:\/\/awero.ee\/de\/#website\",\"url\":\"https:\/\/awero.ee\/de\/\",\"name\":\"Awero - S\u00fcdamega L\u00f5una Eestist\",\"description\":\"\",\"publisher\":{\"@id\":\"https:\/\/awero.ee\/de\/#organization\"},\"potentialAction\":[{\"@type\":\"SearchAction\",\"target\":{\"@type\":\"EntryPoint\",\"urlTemplate\":\"https:\/\/awero.ee\/de\/?s={search_term_string}\"},\"query-input\":{\"@type\":\"PropertyValueSpecification\",\"valueRequired\":true,\"valueName\":\"search_term_string\"}}],\"inLanguage\":\"de\"},{\"@type\":\"Organization\",\"@id\":\"https:\/\/awero.ee\/de\/#organization\",\"name\":\"Awero - S\u00fcdamega L\u00f5una Eestist\",\"url\":\"https:\/\/awero.ee\/de\/\",\"logo\":{\"@type\":\"ImageObject\",\"inLanguage\":\"de\",\"@id\":\"https:\/\/awero.ee\/de\/#\/schema\/logo\/image\/\",\"url\":\"https:\/\/awero.ee\/wp-content\/uploads\/2024\/07\/aweroplaceholder.jpg\",\"contentUrl\":\"https:\/\/awero.ee\/wp-content\/uploads\/2024\/07\/aweroplaceholder.jpg\",\"width\":1250,\"height\":834,\"caption\":\"Awero - S\u00fcdamega L\u00f5una Eestist\"},\"image\":{\"@id\":\"https:\/\/awero.ee\/de\/#\/schema\/logo\/image\/\"}}]}<\/script>\n<!-- \/ Yoast SEO plugin. -->","yoast_head_json":{"title":"Digitales Wasserthermometer f\u00fcr Badef\u00e4sser - Awero - S\u00fcdamega L\u00f5una-Eestist","robots":{"index":"index","follow":"follow","max-snippet":"max-snippet:-1","max-image-preview":"max-image-preview:large","max-video-preview":"max-video-preview:-1"},"canonical":"https:\/\/awero.ee\/de\/toode\/digitales-wasserthermometer-fur-badefasser\/","og_locale":"de_DE","og_type":"article","og_title":"Digitales Wasserthermometer f\u00fcr Badef\u00e4sser - Awero - S\u00fcdamega L\u00f5una-Eestist","og_description":"Das digitale Thermometer ist ein praktisches Ger\u00e4t, mit dem Sie die Wassertemperatur in Ihrem Badefass \u00fcberwachen k\u00f6nnen. So genie\u00dfen Sie die ideale Wassertemperatur und entspannte Momente in Ihrem Badefass.","og_url":"https:\/\/awero.ee\/de\/toode\/digitales-wasserthermometer-fur-badefasser\/","og_site_name":"Awero - S\u00fcdamega L\u00f5una-Eestist","og_image":[{"width":1600,"height":1216,"url":"https:\/\/awero.ee\/wp-content\/uploads\/2024\/12\/Untitled-design-e1768898753904.png","type":"image\/png"}],"twitter_card":"summary_large_image","schema":{"@context":"https:\/\/schema.org","@graph":[{"@type":"WebPage","@id":"https:\/\/awero.ee\/de\/toode\/digitales-wasserthermometer-fur-badefasser\/","url":"https:\/\/awero.ee\/de\/toode\/digitales-wasserthermometer-fur-badefasser\/","name":"Digitales Wasserthermometer f\u00fcr Badef\u00e4sser - Awero - S\u00fcdamega L\u00f5una-Eestist","isPartOf":{"@id":"https:\/\/awero.ee\/de\/#website"},"primaryImageOfPage":{"@id":"https:\/\/awero.ee\/de\/toode\/digitales-wasserthermometer-fur-badefasser\/#primaryimage"},"image":{"@id":"https:\/\/awero.ee\/de\/toode\/digitales-wasserthermometer-fur-badefasser\/#primaryimage"},"thumbnailUrl":"https:\/\/awero.ee\/wp-content\/uploads\/2024\/12\/Untitled-design-e1768898753904.png","datePublished":"2024-12-12T12:00:46+00:00","breadcrumb":{"@id":"https:\/\/awero.ee\/de\/toode\/digitales-wasserthermometer-fur-badefasser\/#breadcrumb"},"inLanguage":"de","potentialAction":[{"@type":"ReadAction","target":["https:\/\/awero.ee\/de\/toode\/digitales-wasserthermometer-fur-badefasser\/"]}]},{"@type":"ImageObject","inLanguage":"de","@id":"https:\/\/awero.ee\/de\/toode\/digitales-wasserthermometer-fur-badefasser\/#primaryimage","url":"https:\/\/awero.ee\/wp-content\/uploads\/2024\/12\/Untitled-design-e1768898753904.png","contentUrl":"https:\/\/awero.ee\/wp-content\/uploads\/2024\/12\/Untitled-design-e1768898753904.png","width":1600,"height":1216},{"@type":"BreadcrumbList","@id":"https:\/\/awero.ee\/de\/toode\/digitales-wasserthermometer-fur-badefasser\/#breadcrumb","itemListElement":[{"@type":"ListItem","position":1,"name":"Home","item":"https:\/\/awero.ee\/de\/startseite\/"},{"@type":"ListItem","position":2,"name":"Pood","item":"https:\/\/awero.ee\/pood\/"},{"@type":"ListItem","position":3,"name":"Digitales Wasserthermometer f\u00fcr Badef\u00e4sser"}]},{"@type":"WebSite","@id":"https:\/\/awero.ee\/de\/#website","url":"https:\/\/awero.ee\/de\/","name":"Awero - S\u00fcdamega L\u00f5una Eestist","description":"","publisher":{"@id":"https:\/\/awero.ee\/de\/#organization"},"potentialAction":[{"@type":"SearchAction","target":{"@type":"EntryPoint","urlTemplate":"https:\/\/awero.ee\/de\/?s={search_term_string}"},"query-input":{"@type":"PropertyValueSpecification","valueRequired":true,"valueName":"search_term_string"}}],"inLanguage":"de"},{"@type":"Organization","@id":"https:\/\/awero.ee\/de\/#organization","name":"Awero - S\u00fcdamega L\u00f5una Eestist","url":"https:\/\/awero.ee\/de\/","logo":{"@type":"ImageObject","inLanguage":"de","@id":"https:\/\/awero.ee\/de\/#\/schema\/logo\/image\/","url":"https:\/\/awero.ee\/wp-content\/uploads\/2024\/07\/aweroplaceholder.jpg","contentUrl":"https:\/\/awero.ee\/wp-content\/uploads\/2024\/07\/aweroplaceholder.jpg","width":1250,"height":834,"caption":"Awero - S\u00fcdamega L\u00f5una Eestist"},"image":{"@id":"https:\/\/awero.ee\/de\/#\/schema\/logo\/image\/"}}]}},"_links":{"self":[{"href":"https:\/\/awero.ee\/de\/wp-json\/wp\/v2\/product\/13576","targetHints":{"allow":["GET"]}}],"collection":[{"href":"https:\/\/awero.ee\/de\/wp-json\/wp\/v2\/product"}],"about":[{"href":"https:\/\/awero.ee\/de\/wp-json\/wp\/v2\/types\/product"}],"wp:featuredmedia":[{"embeddable":true,"href":"https:\/\/awero.ee\/de\/wp-json\/wp\/v2\/media\/13584"}],"wp:attachment":[{"href":"https:\/\/awero.ee\/de\/wp-json\/wp\/v2\/media?parent=13576"}],"wp:term":[{"taxonomy":"product_brand","embeddable":true,"href":"https:\/\/awero.ee\/de\/wp-json\/wp\/v2\/product_brand?post=13576"},{"taxonomy":"product_cat","embeddable":true,"href":"https:\/\/awero.ee\/de\/wp-json\/wp\/v2\/product_cat?post=13576"},{"taxonomy":"product_tag","embeddable":true,"href":"https:\/\/awero.ee\/de\/wp-json\/wp\/v2\/product_tag?post=13576"}],"curies":[{"name":"wp","href":"https:\/\/api.w.org\/{rel}","templated":true}]}}