{"id":13568,"date":"2024-12-12T12:00:46","date_gmt":"2024-12-12T12:00:46","guid":{"rendered":"https:\/\/awero.ee\/toode\/stereoanlage-von-mariine-fur-badefass-und-sauna\/"},"modified":"2024-12-12T12:00:46","modified_gmt":"2024-12-12T12:00:46","slug":"stereoanlage-von-mariine-fur-badefass-und-sauna","status":"publish","type":"product","link":"https:\/\/awero.ee\/de\/toode\/stereoanlage-von-mariine-fur-badefass-und-sauna\/","title":{"rendered":"Stereoanlage von Mariine f\u00fcr Badefass und Sauna"},"content":{"rendered":"<p>Die Stereoanlage von Mariine verf\u00fcgt \u00fcber vielf\u00e4ltige Funktionen, mit denen Sie Musik genie\u00dfen k\u00f6nnen. Per <em>Bluetooth<\/em> spielen Sie Ihre Lieblingsmusik von Smart-Ger\u00e4ten ab, und das integrierte Radio l\u00e4sst Sie Radiosendungen h\u00f6ren oder neue Musikkan\u00e4le entdecken. \u00dcber den AUX-Eingang k\u00f6nnen Sie zudem externe Audioquellen wie MP3-Player oder andere Audioger\u00e4te anschlie\u00dfen. Das Set umfasst zwei Lautsprecher, eine Antenne, einen AUX-Eingang sowie ein integriertes Radio und <em>Bluetooth<\/em>.   <\/p>\n<p>Die Stereoanlage ist f\u00fcr feuchte Umgebungen geeignet.<\/p>\n","protected":false},"excerpt":{"rendered":"<p><strong>Der Preis enth\u00e4lt die Mehrwertsteuer.<\/strong><br \/>\nDie Stereoanlage von Mariine ist eine ausgezeichnete Wahl f\u00fcr alle, die beim Baden unterhalten werden m\u00f6chten. Sie macht es m\u00f6glich in der entspannenden Atmosph\u00e4re Ihres Badefasses Musik zu h\u00f6ren.<\/p>\n","protected":false},"featured_media":13573,"template":"","meta":{"_acf_changed":false},"product_brand":[],"product_cat":[1681],"product_tag":[],"class_list":{"0":"post-13568","1":"product","2":"type-product","3":"status-publish","4":"has-post-thumbnail","6":"product_cat-zusatzausstattungen","8":"first","9":"instock","10":"shipping-taxable","11":"product-type-variable"},"acf":[],"yoast_head":"<!-- This site is optimized with the Yoast SEO plugin v26.8 - https:\/\/yoast.com\/product\/yoast-seo-wordpress\/ -->\n<title>Stereoanlage von Mariine f\u00fcr Badefass und Sauna - Awero - S\u00fcdamega L\u00f5una-Eestist<\/title>\n<meta name=\"robots\" content=\"index, follow, max-snippet:-1, max-image-preview:large, max-video-preview:-1\" \/>\n<link rel=\"canonical\" href=\"https:\/\/awero.ee\/de\/toode\/stereoanlage-von-mariine-fur-badefass-und-sauna\/\" \/>\n<meta property=\"og:locale\" content=\"de_DE\" \/>\n<meta property=\"og:type\" content=\"article\" \/>\n<meta property=\"og:title\" content=\"Stereoanlage von Mariine f\u00fcr Badefass und Sauna - Awero - S\u00fcdamega L\u00f5una-Eestist\" \/>\n<meta property=\"og:description\" content=\"Der Preis enth\u00e4lt die Mehrwertsteuer. Die Stereoanlage von Mariine ist eine ausgezeichnete Wahl f\u00fcr alle, die beim Baden unterhalten werden m\u00f6chten. Sie macht es m\u00f6glich in der entspannenden Atmosph\u00e4re Ihres Badefasses Musik zu h\u00f6ren.\" \/>\n<meta property=\"og:url\" content=\"https:\/\/awero.ee\/de\/toode\/stereoanlage-von-mariine-fur-badefass-und-sauna\/\" \/>\n<meta property=\"og:site_name\" content=\"Awero - S\u00fcdamega L\u00f5una-Eestist\" \/>\n<meta property=\"og:image\" content=\"https:\/\/awero.ee\/wp-content\/uploads\/2024\/12\/Stereo-vaike-GR304.jpg\" \/>\n\t<meta property=\"og:image:width\" content=\"762\" \/>\n\t<meta property=\"og:image:height\" content=\"762\" \/>\n\t<meta property=\"og:image:type\" content=\"image\/jpeg\" \/>\n<meta name=\"twitter:card\" content=\"summary_large_image\" \/>\n<script type=\"application\/ld+json\" class=\"yoast-schema-graph\">{\"@context\":\"https:\/\/schema.org\",\"@graph\":[{\"@type\":\"WebPage\",\"@id\":\"https:\/\/awero.ee\/de\/toode\/stereoanlage-von-mariine-fur-badefass-und-sauna\/\",\"url\":\"https:\/\/awero.ee\/de\/toode\/stereoanlage-von-mariine-fur-badefass-und-sauna\/\",\"name\":\"Stereoanlage von Mariine f\u00fcr Badefass und Sauna - Awero - S\u00fcdamega L\u00f5una-Eestist\",\"isPartOf\":{\"@id\":\"https:\/\/awero.ee\/de\/#website\"},\"primaryImageOfPage\":{\"@id\":\"https:\/\/awero.ee\/de\/toode\/stereoanlage-von-mariine-fur-badefass-und-sauna\/#primaryimage\"},\"image\":{\"@id\":\"https:\/\/awero.ee\/de\/toode\/stereoanlage-von-mariine-fur-badefass-und-sauna\/#primaryimage\"},\"thumbnailUrl\":\"https:\/\/awero.ee\/wp-content\/uploads\/2024\/12\/Stereo-vaike-GR304.jpg\",\"datePublished\":\"2024-12-12T12:00:46+00:00\",\"breadcrumb\":{\"@id\":\"https:\/\/awero.ee\/de\/toode\/stereoanlage-von-mariine-fur-badefass-und-sauna\/#breadcrumb\"},\"inLanguage\":\"de\",\"potentialAction\":[{\"@type\":\"ReadAction\",\"target\":[\"https:\/\/awero.ee\/de\/toode\/stereoanlage-von-mariine-fur-badefass-und-sauna\/\"]}]},{\"@type\":\"ImageObject\",\"inLanguage\":\"de\",\"@id\":\"https:\/\/awero.ee\/de\/toode\/stereoanlage-von-mariine-fur-badefass-und-sauna\/#primaryimage\",\"url\":\"https:\/\/awero.ee\/wp-content\/uploads\/2024\/12\/Stereo-vaike-GR304.jpg\",\"contentUrl\":\"https:\/\/awero.ee\/wp-content\/uploads\/2024\/12\/Stereo-vaike-GR304.jpg\",\"width\":762,\"height\":762},{\"@type\":\"BreadcrumbList\",\"@id\":\"https:\/\/awero.ee\/de\/toode\/stereoanlage-von-mariine-fur-badefass-und-sauna\/#breadcrumb\",\"itemListElement\":[{\"@type\":\"ListItem\",\"position\":1,\"name\":\"Home\",\"item\":\"https:\/\/awero.ee\/de\/startseite\/\"},{\"@type\":\"ListItem\",\"position\":2,\"name\":\"Pood\",\"item\":\"https:\/\/awero.ee\/pood\/\"},{\"@type\":\"ListItem\",\"position\":3,\"name\":\"Stereoanlage von Mariine f\u00fcr Badefass und Sauna\"}]},{\"@type\":\"WebSite\",\"@id\":\"https:\/\/awero.ee\/de\/#website\",\"url\":\"https:\/\/awero.ee\/de\/\",\"name\":\"Awero - S\u00fcdamega L\u00f5una Eestist\",\"description\":\"\",\"publisher\":{\"@id\":\"https:\/\/awero.ee\/de\/#organization\"},\"potentialAction\":[{\"@type\":\"SearchAction\",\"target\":{\"@type\":\"EntryPoint\",\"urlTemplate\":\"https:\/\/awero.ee\/de\/?s={search_term_string}\"},\"query-input\":{\"@type\":\"PropertyValueSpecification\",\"valueRequired\":true,\"valueName\":\"search_term_string\"}}],\"inLanguage\":\"de\"},{\"@type\":\"Organization\",\"@id\":\"https:\/\/awero.ee\/de\/#organization\",\"name\":\"Awero - S\u00fcdamega L\u00f5una Eestist\",\"url\":\"https:\/\/awero.ee\/de\/\",\"logo\":{\"@type\":\"ImageObject\",\"inLanguage\":\"de\",\"@id\":\"https:\/\/awero.ee\/de\/#\/schema\/logo\/image\/\",\"url\":\"https:\/\/awero.ee\/wp-content\/uploads\/2024\/07\/aweroplaceholder.jpg\",\"contentUrl\":\"https:\/\/awero.ee\/wp-content\/uploads\/2024\/07\/aweroplaceholder.jpg\",\"width\":1250,\"height\":834,\"caption\":\"Awero - S\u00fcdamega L\u00f5una Eestist\"},\"image\":{\"@id\":\"https:\/\/awero.ee\/de\/#\/schema\/logo\/image\/\"}}]}<\/script>\n<!-- \/ Yoast SEO plugin. -->","yoast_head_json":{"title":"Stereoanlage von Mariine f\u00fcr Badefass und Sauna - Awero - S\u00fcdamega L\u00f5una-Eestist","robots":{"index":"index","follow":"follow","max-snippet":"max-snippet:-1","max-image-preview":"max-image-preview:large","max-video-preview":"max-video-preview:-1"},"canonical":"https:\/\/awero.ee\/de\/toode\/stereoanlage-von-mariine-fur-badefass-und-sauna\/","og_locale":"de_DE","og_type":"article","og_title":"Stereoanlage von Mariine f\u00fcr Badefass und Sauna - Awero - S\u00fcdamega L\u00f5una-Eestist","og_description":"Der Preis enth\u00e4lt die Mehrwertsteuer. Die Stereoanlage von Mariine ist eine ausgezeichnete Wahl f\u00fcr alle, die beim Baden unterhalten werden m\u00f6chten. Sie macht es m\u00f6glich in der entspannenden Atmosph\u00e4re Ihres Badefasses Musik zu h\u00f6ren.","og_url":"https:\/\/awero.ee\/de\/toode\/stereoanlage-von-mariine-fur-badefass-und-sauna\/","og_site_name":"Awero - S\u00fcdamega L\u00f5una-Eestist","og_image":[{"width":762,"height":762,"url":"https:\/\/awero.ee\/wp-content\/uploads\/2024\/12\/Stereo-vaike-GR304.jpg","type":"image\/jpeg"}],"twitter_card":"summary_large_image","schema":{"@context":"https:\/\/schema.org","@graph":[{"@type":"WebPage","@id":"https:\/\/awero.ee\/de\/toode\/stereoanlage-von-mariine-fur-badefass-und-sauna\/","url":"https:\/\/awero.ee\/de\/toode\/stereoanlage-von-mariine-fur-badefass-und-sauna\/","name":"Stereoanlage von Mariine f\u00fcr Badefass und Sauna - Awero - S\u00fcdamega L\u00f5una-Eestist","isPartOf":{"@id":"https:\/\/awero.ee\/de\/#website"},"primaryImageOfPage":{"@id":"https:\/\/awero.ee\/de\/toode\/stereoanlage-von-mariine-fur-badefass-und-sauna\/#primaryimage"},"image":{"@id":"https:\/\/awero.ee\/de\/toode\/stereoanlage-von-mariine-fur-badefass-und-sauna\/#primaryimage"},"thumbnailUrl":"https:\/\/awero.ee\/wp-content\/uploads\/2024\/12\/Stereo-vaike-GR304.jpg","datePublished":"2024-12-12T12:00:46+00:00","breadcrumb":{"@id":"https:\/\/awero.ee\/de\/toode\/stereoanlage-von-mariine-fur-badefass-und-sauna\/#breadcrumb"},"inLanguage":"de","potentialAction":[{"@type":"ReadAction","target":["https:\/\/awero.ee\/de\/toode\/stereoanlage-von-mariine-fur-badefass-und-sauna\/"]}]},{"@type":"ImageObject","inLanguage":"de","@id":"https:\/\/awero.ee\/de\/toode\/stereoanlage-von-mariine-fur-badefass-und-sauna\/#primaryimage","url":"https:\/\/awero.ee\/wp-content\/uploads\/2024\/12\/Stereo-vaike-GR304.jpg","contentUrl":"https:\/\/awero.ee\/wp-content\/uploads\/2024\/12\/Stereo-vaike-GR304.jpg","width":762,"height":762},{"@type":"BreadcrumbList","@id":"https:\/\/awero.ee\/de\/toode\/stereoanlage-von-mariine-fur-badefass-und-sauna\/#breadcrumb","itemListElement":[{"@type":"ListItem","position":1,"name":"Home","item":"https:\/\/awero.ee\/de\/startseite\/"},{"@type":"ListItem","position":2,"name":"Pood","item":"https:\/\/awero.ee\/pood\/"},{"@type":"ListItem","position":3,"name":"Stereoanlage von Mariine f\u00fcr Badefass und Sauna"}]},{"@type":"WebSite","@id":"https:\/\/awero.ee\/de\/#website","url":"https:\/\/awero.ee\/de\/","name":"Awero - S\u00fcdamega L\u00f5una Eestist","description":"","publisher":{"@id":"https:\/\/awero.ee\/de\/#organization"},"potentialAction":[{"@type":"SearchAction","target":{"@type":"EntryPoint","urlTemplate":"https:\/\/awero.ee\/de\/?s={search_term_string}"},"query-input":{"@type":"PropertyValueSpecification","valueRequired":true,"valueName":"search_term_string"}}],"inLanguage":"de"},{"@type":"Organization","@id":"https:\/\/awero.ee\/de\/#organization","name":"Awero - S\u00fcdamega L\u00f5una Eestist","url":"https:\/\/awero.ee\/de\/","logo":{"@type":"ImageObject","inLanguage":"de","@id":"https:\/\/awero.ee\/de\/#\/schema\/logo\/image\/","url":"https:\/\/awero.ee\/wp-content\/uploads\/2024\/07\/aweroplaceholder.jpg","contentUrl":"https:\/\/awero.ee\/wp-content\/uploads\/2024\/07\/aweroplaceholder.jpg","width":1250,"height":834,"caption":"Awero - S\u00fcdamega L\u00f5una Eestist"},"image":{"@id":"https:\/\/awero.ee\/de\/#\/schema\/logo\/image\/"}}]}},"_links":{"self":[{"href":"https:\/\/awero.ee\/de\/wp-json\/wp\/v2\/product\/13568","targetHints":{"allow":["GET"]}}],"collection":[{"href":"https:\/\/awero.ee\/de\/wp-json\/wp\/v2\/product"}],"about":[{"href":"https:\/\/awero.ee\/de\/wp-json\/wp\/v2\/types\/product"}],"wp:featuredmedia":[{"embeddable":true,"href":"https:\/\/awero.ee\/de\/wp-json\/wp\/v2\/media\/13573"}],"wp:attachment":[{"href":"https:\/\/awero.ee\/de\/wp-json\/wp\/v2\/media?parent=13568"}],"wp:term":[{"taxonomy":"product_brand","embeddable":true,"href":"https:\/\/awero.ee\/de\/wp-json\/wp\/v2\/product_brand?post=13568"},{"taxonomy":"product_cat","embeddable":true,"href":"https:\/\/awero.ee\/de\/wp-json\/wp\/v2\/product_cat?post=13568"},{"taxonomy":"product_tag","embeddable":true,"href":"https:\/\/awero.ee\/de\/wp-json\/wp\/v2\/product_tag?post=13568"}],"curies":[{"name":"wp","href":"https:\/\/api.w.org\/{rel}","templated":true}]}}