{"id":13550,"date":"2024-12-12T12:00:46","date_gmt":"2024-12-12T12:00:46","guid":{"rendered":"https:\/\/awero.ee\/toode\/schmiedeeiserner-getraenkehalter-fuer-drei-becher\/"},"modified":"2024-12-12T12:00:46","modified_gmt":"2024-12-12T12:00:46","slug":"schmiedeeiserner-getraenkehalter-fuer-drei-becher","status":"publish","type":"product","link":"https:\/\/awero.ee\/de\/toode\/schmiedeeiserner-getraenkehalter-fuer-drei-becher\/","title":{"rendered":"Schmiedeeiserner Getr\u00e4nkehalter f\u00fcr drei Becher"},"content":{"rendered":"<p>Mit dem Getr\u00e4nkehalter aus Schmiedeeisen erh\u00e4lt Ihr Badefass einen Hauch von zeitloser Eleganz. Das stilvoll gestaltete Zubeh\u00f6r mit drei Abstellm\u00f6glichkeiten h\u00e4lt Ihre Getr\u00e4nke bequem griffbereit \u2013 ganz ohne das Badefass verlassen zu m\u00fcssen. Geschmiedetes Eisen ist ein widerstandsf\u00e4higes Material, das eine lange Lebensdauer und hohe Haltbarkeit gew\u00e4hrleistet. Der Innendurchmesser des Getr\u00e4nkehalters betr\u00e4gt 80 mm. Neben Bechern lassen sich darin auch andere Gegenst\u00e4nde aufbewahren.    <\/p>\n","protected":false},"excerpt":{"rendered":"<p>Der Preis beinhaltet die Mehrwertsteuer. Der Getr\u00e4nkehalter mit drei Abstellm\u00f6glichkeiten ist eine hervorragende Erg\u00e4nzung f\u00fcr Badef\u00e4sser. Er sorgt f\u00fcr mehr Funktionalit\u00e4t und Eleganz beim Entspannen. Ob f\u00fcr einen romantischen Abend zu zweit oder einen unterhaltsamen Abend mit Freunden \u2013 dieser Getr\u00e4nkehalter macht das Erlebnis im Badefass noch angenehmer und komfortabler.  <\/p>\n","protected":false},"featured_media":13554,"template":"","meta":{"_acf_changed":false},"product_brand":[],"product_cat":[1681],"product_tag":[],"class_list":{"0":"post-13550","1":"product","2":"type-product","3":"status-publish","4":"has-post-thumbnail","6":"product_cat-zusatzausstattungen","8":"first","9":"instock","10":"shipping-taxable","11":"product-type-variable"},"acf":[],"yoast_head":"<!-- This site is optimized with the Yoast SEO plugin v26.8 - https:\/\/yoast.com\/product\/yoast-seo-wordpress\/ -->\n<title>Schmiedeeiserner Getr\u00e4nkehalter f\u00fcr drei Becher - Awero - S\u00fcdamega L\u00f5una-Eestist<\/title>\n<meta name=\"robots\" content=\"index, follow, max-snippet:-1, max-image-preview:large, max-video-preview:-1\" \/>\n<link rel=\"canonical\" href=\"https:\/\/awero.ee\/de\/toode\/schmiedeeiserner-getraenkehalter-fuer-drei-becher\/\" \/>\n<meta property=\"og:locale\" content=\"de_DE\" \/>\n<meta property=\"og:type\" content=\"article\" \/>\n<meta property=\"og:title\" content=\"Schmiedeeiserner Getr\u00e4nkehalter f\u00fcr drei Becher - Awero - S\u00fcdamega L\u00f5una-Eestist\" \/>\n<meta property=\"og:description\" content=\"Der Preis beinhaltet die Mehrwertsteuer. Der Getr\u00e4nkehalter mit drei Abstellm\u00f6glichkeiten ist eine hervorragende Erg\u00e4nzung f\u00fcr Badef\u00e4sser. Er sorgt f\u00fcr mehr Funktionalit\u00e4t und Eleganz beim Entspannen. Ob f\u00fcr einen romantischen Abend zu zweit oder einen unterhaltsamen Abend mit Freunden \u2013 dieser Getr\u00e4nkehalter macht das Erlebnis im Badefass noch angenehmer und komfortabler.\" \/>\n<meta property=\"og:url\" content=\"https:\/\/awero.ee\/de\/toode\/schmiedeeiserner-getraenkehalter-fuer-drei-becher\/\" \/>\n<meta property=\"og:site_name\" content=\"Awero - S\u00fcdamega L\u00f5una-Eestist\" \/>\n<meta property=\"og:image\" content=\"https:\/\/awero.ee\/wp-content\/uploads\/2024\/12\/3k-topsihoidja.png\" \/>\n\t<meta property=\"og:image:width\" content=\"2500\" \/>\n\t<meta property=\"og:image:height\" content=\"1667\" \/>\n\t<meta property=\"og:image:type\" content=\"image\/png\" \/>\n<meta name=\"twitter:card\" content=\"summary_large_image\" \/>\n<script type=\"application\/ld+json\" class=\"yoast-schema-graph\">{\"@context\":\"https:\/\/schema.org\",\"@graph\":[{\"@type\":\"WebPage\",\"@id\":\"https:\/\/awero.ee\/de\/toode\/schmiedeeiserner-getraenkehalter-fuer-drei-becher\/\",\"url\":\"https:\/\/awero.ee\/de\/toode\/schmiedeeiserner-getraenkehalter-fuer-drei-becher\/\",\"name\":\"Schmiedeeiserner Getr\u00e4nkehalter f\u00fcr drei Becher - Awero - S\u00fcdamega L\u00f5una-Eestist\",\"isPartOf\":{\"@id\":\"https:\/\/awero.ee\/de\/#website\"},\"primaryImageOfPage\":{\"@id\":\"https:\/\/awero.ee\/de\/toode\/schmiedeeiserner-getraenkehalter-fuer-drei-becher\/#primaryimage\"},\"image\":{\"@id\":\"https:\/\/awero.ee\/de\/toode\/schmiedeeiserner-getraenkehalter-fuer-drei-becher\/#primaryimage\"},\"thumbnailUrl\":\"https:\/\/awero.ee\/wp-content\/uploads\/2024\/12\/3k-topsihoidja.png\",\"datePublished\":\"2024-12-12T12:00:46+00:00\",\"breadcrumb\":{\"@id\":\"https:\/\/awero.ee\/de\/toode\/schmiedeeiserner-getraenkehalter-fuer-drei-becher\/#breadcrumb\"},\"inLanguage\":\"de\",\"potentialAction\":[{\"@type\":\"ReadAction\",\"target\":[\"https:\/\/awero.ee\/de\/toode\/schmiedeeiserner-getraenkehalter-fuer-drei-becher\/\"]}]},{\"@type\":\"ImageObject\",\"inLanguage\":\"de\",\"@id\":\"https:\/\/awero.ee\/de\/toode\/schmiedeeiserner-getraenkehalter-fuer-drei-becher\/#primaryimage\",\"url\":\"https:\/\/awero.ee\/wp-content\/uploads\/2024\/12\/3k-topsihoidja.png\",\"contentUrl\":\"https:\/\/awero.ee\/wp-content\/uploads\/2024\/12\/3k-topsihoidja.png\",\"width\":2500,\"height\":1667},{\"@type\":\"BreadcrumbList\",\"@id\":\"https:\/\/awero.ee\/de\/toode\/schmiedeeiserner-getraenkehalter-fuer-drei-becher\/#breadcrumb\",\"itemListElement\":[{\"@type\":\"ListItem\",\"position\":1,\"name\":\"Home\",\"item\":\"https:\/\/awero.ee\/de\/startseite\/\"},{\"@type\":\"ListItem\",\"position\":2,\"name\":\"Pood\",\"item\":\"https:\/\/awero.ee\/pood\/\"},{\"@type\":\"ListItem\",\"position\":3,\"name\":\"Schmiedeeiserner Getr\u00e4nkehalter f\u00fcr drei Becher\"}]},{\"@type\":\"WebSite\",\"@id\":\"https:\/\/awero.ee\/de\/#website\",\"url\":\"https:\/\/awero.ee\/de\/\",\"name\":\"Awero - S\u00fcdamega L\u00f5una Eestist\",\"description\":\"\",\"publisher\":{\"@id\":\"https:\/\/awero.ee\/de\/#organization\"},\"potentialAction\":[{\"@type\":\"SearchAction\",\"target\":{\"@type\":\"EntryPoint\",\"urlTemplate\":\"https:\/\/awero.ee\/de\/?s={search_term_string}\"},\"query-input\":{\"@type\":\"PropertyValueSpecification\",\"valueRequired\":true,\"valueName\":\"search_term_string\"}}],\"inLanguage\":\"de\"},{\"@type\":\"Organization\",\"@id\":\"https:\/\/awero.ee\/de\/#organization\",\"name\":\"Awero - S\u00fcdamega L\u00f5una Eestist\",\"url\":\"https:\/\/awero.ee\/de\/\",\"logo\":{\"@type\":\"ImageObject\",\"inLanguage\":\"de\",\"@id\":\"https:\/\/awero.ee\/de\/#\/schema\/logo\/image\/\",\"url\":\"https:\/\/awero.ee\/wp-content\/uploads\/2024\/07\/aweroplaceholder.jpg\",\"contentUrl\":\"https:\/\/awero.ee\/wp-content\/uploads\/2024\/07\/aweroplaceholder.jpg\",\"width\":1250,\"height\":834,\"caption\":\"Awero - S\u00fcdamega L\u00f5una Eestist\"},\"image\":{\"@id\":\"https:\/\/awero.ee\/de\/#\/schema\/logo\/image\/\"}}]}<\/script>\n<!-- \/ Yoast SEO plugin. -->","yoast_head_json":{"title":"Schmiedeeiserner Getr\u00e4nkehalter f\u00fcr drei Becher - Awero - S\u00fcdamega L\u00f5una-Eestist","robots":{"index":"index","follow":"follow","max-snippet":"max-snippet:-1","max-image-preview":"max-image-preview:large","max-video-preview":"max-video-preview:-1"},"canonical":"https:\/\/awero.ee\/de\/toode\/schmiedeeiserner-getraenkehalter-fuer-drei-becher\/","og_locale":"de_DE","og_type":"article","og_title":"Schmiedeeiserner Getr\u00e4nkehalter f\u00fcr drei Becher - Awero - S\u00fcdamega L\u00f5una-Eestist","og_description":"Der Preis beinhaltet die Mehrwertsteuer. Der Getr\u00e4nkehalter mit drei Abstellm\u00f6glichkeiten ist eine hervorragende Erg\u00e4nzung f\u00fcr Badef\u00e4sser. Er sorgt f\u00fcr mehr Funktionalit\u00e4t und Eleganz beim Entspannen. Ob f\u00fcr einen romantischen Abend zu zweit oder einen unterhaltsamen Abend mit Freunden \u2013 dieser Getr\u00e4nkehalter macht das Erlebnis im Badefass noch angenehmer und komfortabler.","og_url":"https:\/\/awero.ee\/de\/toode\/schmiedeeiserner-getraenkehalter-fuer-drei-becher\/","og_site_name":"Awero - S\u00fcdamega L\u00f5una-Eestist","og_image":[{"width":2500,"height":1667,"url":"https:\/\/awero.ee\/wp-content\/uploads\/2024\/12\/3k-topsihoidja.png","type":"image\/png"}],"twitter_card":"summary_large_image","schema":{"@context":"https:\/\/schema.org","@graph":[{"@type":"WebPage","@id":"https:\/\/awero.ee\/de\/toode\/schmiedeeiserner-getraenkehalter-fuer-drei-becher\/","url":"https:\/\/awero.ee\/de\/toode\/schmiedeeiserner-getraenkehalter-fuer-drei-becher\/","name":"Schmiedeeiserner Getr\u00e4nkehalter f\u00fcr drei Becher - Awero - S\u00fcdamega L\u00f5una-Eestist","isPartOf":{"@id":"https:\/\/awero.ee\/de\/#website"},"primaryImageOfPage":{"@id":"https:\/\/awero.ee\/de\/toode\/schmiedeeiserner-getraenkehalter-fuer-drei-becher\/#primaryimage"},"image":{"@id":"https:\/\/awero.ee\/de\/toode\/schmiedeeiserner-getraenkehalter-fuer-drei-becher\/#primaryimage"},"thumbnailUrl":"https:\/\/awero.ee\/wp-content\/uploads\/2024\/12\/3k-topsihoidja.png","datePublished":"2024-12-12T12:00:46+00:00","breadcrumb":{"@id":"https:\/\/awero.ee\/de\/toode\/schmiedeeiserner-getraenkehalter-fuer-drei-becher\/#breadcrumb"},"inLanguage":"de","potentialAction":[{"@type":"ReadAction","target":["https:\/\/awero.ee\/de\/toode\/schmiedeeiserner-getraenkehalter-fuer-drei-becher\/"]}]},{"@type":"ImageObject","inLanguage":"de","@id":"https:\/\/awero.ee\/de\/toode\/schmiedeeiserner-getraenkehalter-fuer-drei-becher\/#primaryimage","url":"https:\/\/awero.ee\/wp-content\/uploads\/2024\/12\/3k-topsihoidja.png","contentUrl":"https:\/\/awero.ee\/wp-content\/uploads\/2024\/12\/3k-topsihoidja.png","width":2500,"height":1667},{"@type":"BreadcrumbList","@id":"https:\/\/awero.ee\/de\/toode\/schmiedeeiserner-getraenkehalter-fuer-drei-becher\/#breadcrumb","itemListElement":[{"@type":"ListItem","position":1,"name":"Home","item":"https:\/\/awero.ee\/de\/startseite\/"},{"@type":"ListItem","position":2,"name":"Pood","item":"https:\/\/awero.ee\/pood\/"},{"@type":"ListItem","position":3,"name":"Schmiedeeiserner Getr\u00e4nkehalter f\u00fcr drei Becher"}]},{"@type":"WebSite","@id":"https:\/\/awero.ee\/de\/#website","url":"https:\/\/awero.ee\/de\/","name":"Awero - S\u00fcdamega L\u00f5una Eestist","description":"","publisher":{"@id":"https:\/\/awero.ee\/de\/#organization"},"potentialAction":[{"@type":"SearchAction","target":{"@type":"EntryPoint","urlTemplate":"https:\/\/awero.ee\/de\/?s={search_term_string}"},"query-input":{"@type":"PropertyValueSpecification","valueRequired":true,"valueName":"search_term_string"}}],"inLanguage":"de"},{"@type":"Organization","@id":"https:\/\/awero.ee\/de\/#organization","name":"Awero - S\u00fcdamega L\u00f5una Eestist","url":"https:\/\/awero.ee\/de\/","logo":{"@type":"ImageObject","inLanguage":"de","@id":"https:\/\/awero.ee\/de\/#\/schema\/logo\/image\/","url":"https:\/\/awero.ee\/wp-content\/uploads\/2024\/07\/aweroplaceholder.jpg","contentUrl":"https:\/\/awero.ee\/wp-content\/uploads\/2024\/07\/aweroplaceholder.jpg","width":1250,"height":834,"caption":"Awero - S\u00fcdamega L\u00f5una Eestist"},"image":{"@id":"https:\/\/awero.ee\/de\/#\/schema\/logo\/image\/"}}]}},"_links":{"self":[{"href":"https:\/\/awero.ee\/de\/wp-json\/wp\/v2\/product\/13550","targetHints":{"allow":["GET"]}}],"collection":[{"href":"https:\/\/awero.ee\/de\/wp-json\/wp\/v2\/product"}],"about":[{"href":"https:\/\/awero.ee\/de\/wp-json\/wp\/v2\/types\/product"}],"wp:featuredmedia":[{"embeddable":true,"href":"https:\/\/awero.ee\/de\/wp-json\/wp\/v2\/media\/13554"}],"wp:attachment":[{"href":"https:\/\/awero.ee\/de\/wp-json\/wp\/v2\/media?parent=13550"}],"wp:term":[{"taxonomy":"product_brand","embeddable":true,"href":"https:\/\/awero.ee\/de\/wp-json\/wp\/v2\/product_brand?post=13550"},{"taxonomy":"product_cat","embeddable":true,"href":"https:\/\/awero.ee\/de\/wp-json\/wp\/v2\/product_cat?post=13550"},{"taxonomy":"product_tag","embeddable":true,"href":"https:\/\/awero.ee\/de\/wp-json\/wp\/v2\/product_tag?post=13550"}],"curies":[{"name":"wp","href":"https:\/\/api.w.org\/{rel}","templated":true}]}}