{"id":13543,"date":"2024-12-12T12:00:46","date_gmt":"2024-12-12T12:00:46","guid":{"rendered":"https:\/\/awero.ee\/toode\/wasserfiltersystem-mit-papierfilter\/"},"modified":"2024-12-12T12:00:46","modified_gmt":"2024-12-12T12:00:46","slug":"wasserfiltersystem-mit-papierfilter","status":"publish","type":"product","link":"https:\/\/awero.ee\/de\/toode\/wasserfiltersystem-mit-papierfilter\/","title":{"rendered":"Wasserfiltersystem mit Papierfilter"},"content":{"rendered":"<p>Filterdurchsatz: 2000 l\/h.<\/p>\n<p>Leistung: 40 V.<\/p>\n<p>Volt: 12.<\/p>\n<p>Maximale Wassertemperatur: 34 \u00b0C.<\/p>\n<p>Minimale Wassertemperatur: 4 \u00b0C.<\/p>\n<p>Das Set enth\u00e4lt alles Notwendige: Schwimmer, Geh\u00e4use, Sockel, Filterrahmen, Filterkartusche, Haken, St\u00fctzstange, St\u00fctzklammer, St\u00fctzknopf, St\u00fctzmutter, St\u00fctzstangenhaken, Stangenstopper, gerippte Befestigungsschrauben samt Unterlegscheiben, Transformator.<\/p>\n<p>Dieses Filtersystem wird mit Hilfe eines Rahmens am Rand des Badefasses befestigt. Der mit einem Transformator (12 V) ausgestattete Filter kann am Rand des Schwimmbeckens angebracht werden, die elektrischen Anschl\u00fcsse des Transformators m\u00fcssen jedoch mindestens 3,5 m vom Rand des Beckens entfernt sein.  <\/p>\n<p>Die Montage und Installation des Filtersystems ist bequem und schnell. Bitte stellen Sie vor der Verwendung sicher, dass das Ger\u00e4t waagerecht steht. Starten Sie das Filtersystem nicht, wenn sich Personen im Badefass befinden. <\/p>\n<p>F\u00fcr eine l\u00e4ngere Lebensdauer des Filterelements wird empfohlen, dieses w\u00f6chentlich (oder alle 30 Tage) auszuwaschen. Bei Bedarf k\u00f6nnen Sie bei uns einen <a href=\"https:\/\/awero.ee\/toode\/filtrielement\/\">Ersatzfilter <\/a>erwerben. Die Pumpe muss mindestens zweimal pro Jahr gereinigt werden. <\/p>\n","protected":false},"excerpt":{"rendered":"<p data-start=\"76\" data-end=\"162\">Suchen Sie nach der idealen L\u00f6sung, um das Badeerlebnis in Ihrem Badefass noch gem\u00fctlicher zu gestalten?<\/p>\n<p data-start=\"164\" data-end=\"425\"><strong data-start=\"164\" data-end=\"190\">Der SI 4000 CANCIO K-STYLE<\/strong> ist ein benutzerfreundliches<strong data-start=\"211\" data-end=\"233\"> Filtersystem mit Schwimmer<\/strong>. Es macht die Reinigung des Badefasses einfach, schnell und bequem. <\/p>\n","protected":false},"featured_media":13548,"template":"","meta":{"_acf_changed":false},"product_brand":[],"product_cat":[1681],"product_tag":[],"class_list":{"0":"post-13543","1":"product","2":"type-product","3":"status-publish","4":"has-post-thumbnail","6":"product_cat-zusatzausstattungen","8":"first","9":"outofstock","10":"shipping-taxable","11":"product-type-simple"},"acf":[],"yoast_head":"<!-- This site is optimized with the Yoast SEO plugin v26.8 - https:\/\/yoast.com\/product\/yoast-seo-wordpress\/ -->\n<title>Wasserfiltersystem mit Papierfilter - Awero - S\u00fcdamega L\u00f5una-Eestist<\/title>\n<meta name=\"robots\" content=\"index, follow, max-snippet:-1, max-image-preview:large, max-video-preview:-1\" \/>\n<link rel=\"canonical\" href=\"https:\/\/awero.ee\/de\/toode\/wasserfiltersystem-mit-papierfilter\/\" \/>\n<meta property=\"og:locale\" content=\"de_DE\" \/>\n<meta property=\"og:type\" content=\"article\" \/>\n<meta property=\"og:title\" content=\"Wasserfiltersystem mit Papierfilter - Awero - S\u00fcdamega L\u00f5una-Eestist\" \/>\n<meta property=\"og:description\" content=\"Suchen Sie nach der idealen L\u00f6sung, um das Badeerlebnis in Ihrem Badefass noch gem\u00fctlicher zu gestalten? Der SI 4000 CANCIO K-STYLE ist ein benutzerfreundliches Filtersystem mit Schwimmer. Es macht die Reinigung des Badefasses einfach, schnell und bequem.\" \/>\n<meta property=\"og:url\" content=\"https:\/\/awero.ee\/de\/toode\/wasserfiltersystem-mit-papierfilter\/\" \/>\n<meta property=\"og:site_name\" content=\"Awero - S\u00fcdamega L\u00f5una-Eestist\" \/>\n<meta property=\"og:image\" content=\"https:\/\/awero.ee\/wp-content\/uploads\/2024\/12\/Paberfiltriga-vee-filtreerimissusteem.jpg\" \/>\n\t<meta property=\"og:image:width\" content=\"201\" \/>\n\t<meta property=\"og:image:height\" content=\"250\" \/>\n\t<meta property=\"og:image:type\" content=\"image\/jpeg\" \/>\n<meta name=\"twitter:card\" content=\"summary_large_image\" \/>\n<meta name=\"twitter:label1\" content=\"Gesch\u00e4tzte Lesezeit\" \/>\n\t<meta name=\"twitter:data1\" content=\"1\u00a0Minute\" \/>\n<script type=\"application\/ld+json\" class=\"yoast-schema-graph\">{\"@context\":\"https:\/\/schema.org\",\"@graph\":[{\"@type\":\"WebPage\",\"@id\":\"https:\/\/awero.ee\/de\/toode\/wasserfiltersystem-mit-papierfilter\/\",\"url\":\"https:\/\/awero.ee\/de\/toode\/wasserfiltersystem-mit-papierfilter\/\",\"name\":\"Wasserfiltersystem mit Papierfilter - Awero - S\u00fcdamega L\u00f5una-Eestist\",\"isPartOf\":{\"@id\":\"https:\/\/awero.ee\/de\/#website\"},\"primaryImageOfPage\":{\"@id\":\"https:\/\/awero.ee\/de\/toode\/wasserfiltersystem-mit-papierfilter\/#primaryimage\"},\"image\":{\"@id\":\"https:\/\/awero.ee\/de\/toode\/wasserfiltersystem-mit-papierfilter\/#primaryimage\"},\"thumbnailUrl\":\"https:\/\/awero.ee\/wp-content\/uploads\/2024\/12\/Paberfiltriga-vee-filtreerimissusteem.jpg\",\"datePublished\":\"2024-12-12T12:00:46+00:00\",\"breadcrumb\":{\"@id\":\"https:\/\/awero.ee\/de\/toode\/wasserfiltersystem-mit-papierfilter\/#breadcrumb\"},\"inLanguage\":\"de\",\"potentialAction\":[{\"@type\":\"ReadAction\",\"target\":[\"https:\/\/awero.ee\/de\/toode\/wasserfiltersystem-mit-papierfilter\/\"]}]},{\"@type\":\"ImageObject\",\"inLanguage\":\"de\",\"@id\":\"https:\/\/awero.ee\/de\/toode\/wasserfiltersystem-mit-papierfilter\/#primaryimage\",\"url\":\"https:\/\/awero.ee\/wp-content\/uploads\/2024\/12\/Paberfiltriga-vee-filtreerimissusteem.jpg\",\"contentUrl\":\"https:\/\/awero.ee\/wp-content\/uploads\/2024\/12\/Paberfiltriga-vee-filtreerimissusteem.jpg\",\"width\":201,\"height\":250},{\"@type\":\"BreadcrumbList\",\"@id\":\"https:\/\/awero.ee\/de\/toode\/wasserfiltersystem-mit-papierfilter\/#breadcrumb\",\"itemListElement\":[{\"@type\":\"ListItem\",\"position\":1,\"name\":\"Home\",\"item\":\"https:\/\/awero.ee\/de\/startseite\/\"},{\"@type\":\"ListItem\",\"position\":2,\"name\":\"Pood\",\"item\":\"https:\/\/awero.ee\/pood\/\"},{\"@type\":\"ListItem\",\"position\":3,\"name\":\"Wasserfiltersystem mit Papierfilter\"}]},{\"@type\":\"WebSite\",\"@id\":\"https:\/\/awero.ee\/de\/#website\",\"url\":\"https:\/\/awero.ee\/de\/\",\"name\":\"Awero - S\u00fcdamega L\u00f5una Eestist\",\"description\":\"\",\"publisher\":{\"@id\":\"https:\/\/awero.ee\/de\/#organization\"},\"potentialAction\":[{\"@type\":\"SearchAction\",\"target\":{\"@type\":\"EntryPoint\",\"urlTemplate\":\"https:\/\/awero.ee\/de\/?s={search_term_string}\"},\"query-input\":{\"@type\":\"PropertyValueSpecification\",\"valueRequired\":true,\"valueName\":\"search_term_string\"}}],\"inLanguage\":\"de\"},{\"@type\":\"Organization\",\"@id\":\"https:\/\/awero.ee\/de\/#organization\",\"name\":\"Awero - S\u00fcdamega L\u00f5una Eestist\",\"url\":\"https:\/\/awero.ee\/de\/\",\"logo\":{\"@type\":\"ImageObject\",\"inLanguage\":\"de\",\"@id\":\"https:\/\/awero.ee\/de\/#\/schema\/logo\/image\/\",\"url\":\"https:\/\/awero.ee\/wp-content\/uploads\/2024\/07\/aweroplaceholder.jpg\",\"contentUrl\":\"https:\/\/awero.ee\/wp-content\/uploads\/2024\/07\/aweroplaceholder.jpg\",\"width\":1250,\"height\":834,\"caption\":\"Awero - S\u00fcdamega L\u00f5una Eestist\"},\"image\":{\"@id\":\"https:\/\/awero.ee\/de\/#\/schema\/logo\/image\/\"}}]}<\/script>\n<!-- \/ Yoast SEO plugin. -->","yoast_head_json":{"title":"Wasserfiltersystem mit Papierfilter - Awero - S\u00fcdamega L\u00f5una-Eestist","robots":{"index":"index","follow":"follow","max-snippet":"max-snippet:-1","max-image-preview":"max-image-preview:large","max-video-preview":"max-video-preview:-1"},"canonical":"https:\/\/awero.ee\/de\/toode\/wasserfiltersystem-mit-papierfilter\/","og_locale":"de_DE","og_type":"article","og_title":"Wasserfiltersystem mit Papierfilter - Awero - S\u00fcdamega L\u00f5una-Eestist","og_description":"Suchen Sie nach der idealen L\u00f6sung, um das Badeerlebnis in Ihrem Badefass noch gem\u00fctlicher zu gestalten? Der SI 4000 CANCIO K-STYLE ist ein benutzerfreundliches Filtersystem mit Schwimmer. Es macht die Reinigung des Badefasses einfach, schnell und bequem.","og_url":"https:\/\/awero.ee\/de\/toode\/wasserfiltersystem-mit-papierfilter\/","og_site_name":"Awero - S\u00fcdamega L\u00f5una-Eestist","og_image":[{"width":201,"height":250,"url":"https:\/\/awero.ee\/wp-content\/uploads\/2024\/12\/Paberfiltriga-vee-filtreerimissusteem.jpg","type":"image\/jpeg"}],"twitter_card":"summary_large_image","twitter_misc":{"Gesch\u00e4tzte Lesezeit":"1\u00a0Minute"},"schema":{"@context":"https:\/\/schema.org","@graph":[{"@type":"WebPage","@id":"https:\/\/awero.ee\/de\/toode\/wasserfiltersystem-mit-papierfilter\/","url":"https:\/\/awero.ee\/de\/toode\/wasserfiltersystem-mit-papierfilter\/","name":"Wasserfiltersystem mit Papierfilter - Awero - S\u00fcdamega L\u00f5una-Eestist","isPartOf":{"@id":"https:\/\/awero.ee\/de\/#website"},"primaryImageOfPage":{"@id":"https:\/\/awero.ee\/de\/toode\/wasserfiltersystem-mit-papierfilter\/#primaryimage"},"image":{"@id":"https:\/\/awero.ee\/de\/toode\/wasserfiltersystem-mit-papierfilter\/#primaryimage"},"thumbnailUrl":"https:\/\/awero.ee\/wp-content\/uploads\/2024\/12\/Paberfiltriga-vee-filtreerimissusteem.jpg","datePublished":"2024-12-12T12:00:46+00:00","breadcrumb":{"@id":"https:\/\/awero.ee\/de\/toode\/wasserfiltersystem-mit-papierfilter\/#breadcrumb"},"inLanguage":"de","potentialAction":[{"@type":"ReadAction","target":["https:\/\/awero.ee\/de\/toode\/wasserfiltersystem-mit-papierfilter\/"]}]},{"@type":"ImageObject","inLanguage":"de","@id":"https:\/\/awero.ee\/de\/toode\/wasserfiltersystem-mit-papierfilter\/#primaryimage","url":"https:\/\/awero.ee\/wp-content\/uploads\/2024\/12\/Paberfiltriga-vee-filtreerimissusteem.jpg","contentUrl":"https:\/\/awero.ee\/wp-content\/uploads\/2024\/12\/Paberfiltriga-vee-filtreerimissusteem.jpg","width":201,"height":250},{"@type":"BreadcrumbList","@id":"https:\/\/awero.ee\/de\/toode\/wasserfiltersystem-mit-papierfilter\/#breadcrumb","itemListElement":[{"@type":"ListItem","position":1,"name":"Home","item":"https:\/\/awero.ee\/de\/startseite\/"},{"@type":"ListItem","position":2,"name":"Pood","item":"https:\/\/awero.ee\/pood\/"},{"@type":"ListItem","position":3,"name":"Wasserfiltersystem mit Papierfilter"}]},{"@type":"WebSite","@id":"https:\/\/awero.ee\/de\/#website","url":"https:\/\/awero.ee\/de\/","name":"Awero - S\u00fcdamega L\u00f5una Eestist","description":"","publisher":{"@id":"https:\/\/awero.ee\/de\/#organization"},"potentialAction":[{"@type":"SearchAction","target":{"@type":"EntryPoint","urlTemplate":"https:\/\/awero.ee\/de\/?s={search_term_string}"},"query-input":{"@type":"PropertyValueSpecification","valueRequired":true,"valueName":"search_term_string"}}],"inLanguage":"de"},{"@type":"Organization","@id":"https:\/\/awero.ee\/de\/#organization","name":"Awero - S\u00fcdamega L\u00f5una Eestist","url":"https:\/\/awero.ee\/de\/","logo":{"@type":"ImageObject","inLanguage":"de","@id":"https:\/\/awero.ee\/de\/#\/schema\/logo\/image\/","url":"https:\/\/awero.ee\/wp-content\/uploads\/2024\/07\/aweroplaceholder.jpg","contentUrl":"https:\/\/awero.ee\/wp-content\/uploads\/2024\/07\/aweroplaceholder.jpg","width":1250,"height":834,"caption":"Awero - S\u00fcdamega L\u00f5una Eestist"},"image":{"@id":"https:\/\/awero.ee\/de\/#\/schema\/logo\/image\/"}}]}},"_links":{"self":[{"href":"https:\/\/awero.ee\/de\/wp-json\/wp\/v2\/product\/13543","targetHints":{"allow":["GET"]}}],"collection":[{"href":"https:\/\/awero.ee\/de\/wp-json\/wp\/v2\/product"}],"about":[{"href":"https:\/\/awero.ee\/de\/wp-json\/wp\/v2\/types\/product"}],"wp:featuredmedia":[{"embeddable":true,"href":"https:\/\/awero.ee\/de\/wp-json\/wp\/v2\/media\/13548"}],"wp:attachment":[{"href":"https:\/\/awero.ee\/de\/wp-json\/wp\/v2\/media?parent=13543"}],"wp:term":[{"taxonomy":"product_brand","embeddable":true,"href":"https:\/\/awero.ee\/de\/wp-json\/wp\/v2\/product_brand?post=13543"},{"taxonomy":"product_cat","embeddable":true,"href":"https:\/\/awero.ee\/de\/wp-json\/wp\/v2\/product_cat?post=13543"},{"taxonomy":"product_tag","embeddable":true,"href":"https:\/\/awero.ee\/de\/wp-json\/wp\/v2\/product_tag?post=13543"}],"curies":[{"name":"wp","href":"https:\/\/api.w.org\/{rel}","templated":true}]}}