{"id":13493,"date":"2024-12-12T12:00:46","date_gmt":"2024-12-12T12:00:46","guid":{"rendered":"https:\/\/awero.ee\/toode\/pvc-abdeckung-fur-badefasser\/"},"modified":"2024-12-12T12:00:46","modified_gmt":"2024-12-12T12:00:46","slug":"pvc-abdeckung-fur-badefasser","status":"publish","type":"product","link":"https:\/\/awero.ee\/de\/toode\/pvc-abdeckung-fur-badefasser\/","title":{"rendered":"PVC-Abdeckung f\u00fcr Badef\u00e4sser"},"content":{"rendered":"<p>PVC ist ein witterungsbest\u00e4ndiges und kratzfestes Material mit langer Lebensdauer. Die Abdeckung ist leicht zu reinigen und zu pflegen \u2013 in der Regel reicht es aus, sie mit Wasser abzusp\u00fclen oder vorsichtig mit Seifenwasser zu waschen. <\/p>\n<p>PVC-Abdeckungen sind f\u00fcr Badef\u00e4sser mit Innenofen sowie mit Au\u00dfenofen geeignet und in den Durchmessern 160 cm, 180 cm und 200 cm erh\u00e4ltlich. Die Ma\u00dfangaben beziehen sich auf den Badefassdurchmesser; die Abdeckungen sind gr\u00f6\u00dfer dimensioniert, um die Badefassw\u00e4nde umschlagen zu k\u00f6nnen und dadurch eine bessere Abdeckung zu gew\u00e4hrleisten.<\/p>\n<p>Zus\u00e4tzliche Informationen:<\/p>\n<p>Die Abdeckung besteht aus PVC (Polyvinylchlorid). PVC ist ein synthetischer Polymer, also Kunststoff, der zu den weltweit am h\u00e4ufigsten verwendeten Kunststoffarten geh\u00f6rt. <\/p>\n","protected":false},"excerpt":{"rendered":"<p>: Eine PVC-Abdeckung ist eine ausgezeichnete Wahl f\u00fcr alle, die Wert auf Langlebigkeit und einfache Pflege zum Schutz ihres Badefasses legen. Diese Abdeckung sch\u00fctzt das Wasser im Badefass vor Schadstoffen und Verunreinigungen aus der Umgebung und verl\u00e4ngert so die Nutzungsdauer vor der Wartung. <\/p>\n","protected":false},"featured_media":13497,"template":"","meta":{"_acf_changed":false},"product_brand":[],"product_cat":[1681],"product_tag":[],"class_list":{"0":"post-13493","1":"product","2":"type-product","3":"status-publish","4":"has-post-thumbnail","6":"product_cat-zusatzausstattungen","8":"first","9":"instock","10":"shipping-taxable","11":"product-type-variable"},"acf":[],"yoast_head":"<!-- This site is optimized with the Yoast SEO plugin v26.8 - https:\/\/yoast.com\/product\/yoast-seo-wordpress\/ -->\n<title>PVC-Abdeckung f\u00fcr Badef\u00e4sser - Awero - S\u00fcdamega L\u00f5una-Eestist<\/title>\n<meta name=\"robots\" content=\"index, follow, max-snippet:-1, max-image-preview:large, max-video-preview:-1\" \/>\n<link rel=\"canonical\" href=\"https:\/\/awero.ee\/de\/toode\/pvc-abdeckung-fur-badefasser\/\" \/>\n<meta property=\"og:locale\" content=\"de_DE\" \/>\n<meta property=\"og:type\" content=\"article\" \/>\n<meta property=\"og:title\" content=\"PVC-Abdeckung f\u00fcr Badef\u00e4sser - Awero - S\u00fcdamega L\u00f5una-Eestist\" \/>\n<meta property=\"og:description\" content=\": Eine PVC-Abdeckung ist eine ausgezeichnete Wahl f\u00fcr alle, die Wert auf Langlebigkeit und einfache Pflege zum Schutz ihres Badefasses legen. Diese Abdeckung sch\u00fctzt das Wasser im Badefass vor Schadstoffen und Verunreinigungen aus der Umgebung und verl\u00e4ngert so die Nutzungsdauer vor der Wartung.\" \/>\n<meta property=\"og:url\" content=\"https:\/\/awero.ee\/de\/toode\/pvc-abdeckung-fur-badefasser\/\" \/>\n<meta property=\"og:site_name\" content=\"Awero - S\u00fcdamega L\u00f5una-Eestist\" \/>\n<meta property=\"og:image\" content=\"https:\/\/awero.ee\/wp-content\/uploads\/2024\/12\/Kate_pvc.png\" \/>\n\t<meta property=\"og:image:width\" content=\"2500\" \/>\n\t<meta property=\"og:image:height\" content=\"1667\" \/>\n\t<meta property=\"og:image:type\" content=\"image\/png\" \/>\n<meta name=\"twitter:card\" content=\"summary_large_image\" \/>\n<meta name=\"twitter:label1\" content=\"Gesch\u00e4tzte Lesezeit\" \/>\n\t<meta name=\"twitter:data1\" content=\"1\u00a0Minute\" \/>\n<script type=\"application\/ld+json\" class=\"yoast-schema-graph\">{\"@context\":\"https:\/\/schema.org\",\"@graph\":[{\"@type\":\"WebPage\",\"@id\":\"https:\/\/awero.ee\/de\/toode\/pvc-abdeckung-fur-badefasser\/\",\"url\":\"https:\/\/awero.ee\/de\/toode\/pvc-abdeckung-fur-badefasser\/\",\"name\":\"PVC-Abdeckung f\u00fcr Badef\u00e4sser - Awero - S\u00fcdamega L\u00f5una-Eestist\",\"isPartOf\":{\"@id\":\"https:\/\/awero.ee\/de\/#website\"},\"primaryImageOfPage\":{\"@id\":\"https:\/\/awero.ee\/de\/toode\/pvc-abdeckung-fur-badefasser\/#primaryimage\"},\"image\":{\"@id\":\"https:\/\/awero.ee\/de\/toode\/pvc-abdeckung-fur-badefasser\/#primaryimage\"},\"thumbnailUrl\":\"https:\/\/awero.ee\/wp-content\/uploads\/2024\/12\/Kate_pvc.png\",\"datePublished\":\"2024-12-12T12:00:46+00:00\",\"breadcrumb\":{\"@id\":\"https:\/\/awero.ee\/de\/toode\/pvc-abdeckung-fur-badefasser\/#breadcrumb\"},\"inLanguage\":\"de\",\"potentialAction\":[{\"@type\":\"ReadAction\",\"target\":[\"https:\/\/awero.ee\/de\/toode\/pvc-abdeckung-fur-badefasser\/\"]}]},{\"@type\":\"ImageObject\",\"inLanguage\":\"de\",\"@id\":\"https:\/\/awero.ee\/de\/toode\/pvc-abdeckung-fur-badefasser\/#primaryimage\",\"url\":\"https:\/\/awero.ee\/wp-content\/uploads\/2024\/12\/Kate_pvc.png\",\"contentUrl\":\"https:\/\/awero.ee\/wp-content\/uploads\/2024\/12\/Kate_pvc.png\",\"width\":2500,\"height\":1667},{\"@type\":\"BreadcrumbList\",\"@id\":\"https:\/\/awero.ee\/de\/toode\/pvc-abdeckung-fur-badefasser\/#breadcrumb\",\"itemListElement\":[{\"@type\":\"ListItem\",\"position\":1,\"name\":\"Home\",\"item\":\"https:\/\/awero.ee\/de\/startseite\/\"},{\"@type\":\"ListItem\",\"position\":2,\"name\":\"Pood\",\"item\":\"https:\/\/awero.ee\/pood\/\"},{\"@type\":\"ListItem\",\"position\":3,\"name\":\"PVC-Abdeckung f\u00fcr Badef\u00e4sser\"}]},{\"@type\":\"WebSite\",\"@id\":\"https:\/\/awero.ee\/de\/#website\",\"url\":\"https:\/\/awero.ee\/de\/\",\"name\":\"Awero - S\u00fcdamega L\u00f5una Eestist\",\"description\":\"\",\"publisher\":{\"@id\":\"https:\/\/awero.ee\/de\/#organization\"},\"potentialAction\":[{\"@type\":\"SearchAction\",\"target\":{\"@type\":\"EntryPoint\",\"urlTemplate\":\"https:\/\/awero.ee\/de\/?s={search_term_string}\"},\"query-input\":{\"@type\":\"PropertyValueSpecification\",\"valueRequired\":true,\"valueName\":\"search_term_string\"}}],\"inLanguage\":\"de\"},{\"@type\":\"Organization\",\"@id\":\"https:\/\/awero.ee\/de\/#organization\",\"name\":\"Awero - S\u00fcdamega L\u00f5una Eestist\",\"url\":\"https:\/\/awero.ee\/de\/\",\"logo\":{\"@type\":\"ImageObject\",\"inLanguage\":\"de\",\"@id\":\"https:\/\/awero.ee\/de\/#\/schema\/logo\/image\/\",\"url\":\"https:\/\/awero.ee\/wp-content\/uploads\/2024\/07\/aweroplaceholder.jpg\",\"contentUrl\":\"https:\/\/awero.ee\/wp-content\/uploads\/2024\/07\/aweroplaceholder.jpg\",\"width\":1250,\"height\":834,\"caption\":\"Awero - S\u00fcdamega L\u00f5una Eestist\"},\"image\":{\"@id\":\"https:\/\/awero.ee\/de\/#\/schema\/logo\/image\/\"}}]}<\/script>\n<!-- \/ Yoast SEO plugin. -->","yoast_head_json":{"title":"PVC-Abdeckung f\u00fcr Badef\u00e4sser - Awero - S\u00fcdamega L\u00f5una-Eestist","robots":{"index":"index","follow":"follow","max-snippet":"max-snippet:-1","max-image-preview":"max-image-preview:large","max-video-preview":"max-video-preview:-1"},"canonical":"https:\/\/awero.ee\/de\/toode\/pvc-abdeckung-fur-badefasser\/","og_locale":"de_DE","og_type":"article","og_title":"PVC-Abdeckung f\u00fcr Badef\u00e4sser - Awero - S\u00fcdamega L\u00f5una-Eestist","og_description":": Eine PVC-Abdeckung ist eine ausgezeichnete Wahl f\u00fcr alle, die Wert auf Langlebigkeit und einfache Pflege zum Schutz ihres Badefasses legen. Diese Abdeckung sch\u00fctzt das Wasser im Badefass vor Schadstoffen und Verunreinigungen aus der Umgebung und verl\u00e4ngert so die Nutzungsdauer vor der Wartung.","og_url":"https:\/\/awero.ee\/de\/toode\/pvc-abdeckung-fur-badefasser\/","og_site_name":"Awero - S\u00fcdamega L\u00f5una-Eestist","og_image":[{"width":2500,"height":1667,"url":"https:\/\/awero.ee\/wp-content\/uploads\/2024\/12\/Kate_pvc.png","type":"image\/png"}],"twitter_card":"summary_large_image","twitter_misc":{"Gesch\u00e4tzte Lesezeit":"1\u00a0Minute"},"schema":{"@context":"https:\/\/schema.org","@graph":[{"@type":"WebPage","@id":"https:\/\/awero.ee\/de\/toode\/pvc-abdeckung-fur-badefasser\/","url":"https:\/\/awero.ee\/de\/toode\/pvc-abdeckung-fur-badefasser\/","name":"PVC-Abdeckung f\u00fcr Badef\u00e4sser - Awero - S\u00fcdamega L\u00f5una-Eestist","isPartOf":{"@id":"https:\/\/awero.ee\/de\/#website"},"primaryImageOfPage":{"@id":"https:\/\/awero.ee\/de\/toode\/pvc-abdeckung-fur-badefasser\/#primaryimage"},"image":{"@id":"https:\/\/awero.ee\/de\/toode\/pvc-abdeckung-fur-badefasser\/#primaryimage"},"thumbnailUrl":"https:\/\/awero.ee\/wp-content\/uploads\/2024\/12\/Kate_pvc.png","datePublished":"2024-12-12T12:00:46+00:00","breadcrumb":{"@id":"https:\/\/awero.ee\/de\/toode\/pvc-abdeckung-fur-badefasser\/#breadcrumb"},"inLanguage":"de","potentialAction":[{"@type":"ReadAction","target":["https:\/\/awero.ee\/de\/toode\/pvc-abdeckung-fur-badefasser\/"]}]},{"@type":"ImageObject","inLanguage":"de","@id":"https:\/\/awero.ee\/de\/toode\/pvc-abdeckung-fur-badefasser\/#primaryimage","url":"https:\/\/awero.ee\/wp-content\/uploads\/2024\/12\/Kate_pvc.png","contentUrl":"https:\/\/awero.ee\/wp-content\/uploads\/2024\/12\/Kate_pvc.png","width":2500,"height":1667},{"@type":"BreadcrumbList","@id":"https:\/\/awero.ee\/de\/toode\/pvc-abdeckung-fur-badefasser\/#breadcrumb","itemListElement":[{"@type":"ListItem","position":1,"name":"Home","item":"https:\/\/awero.ee\/de\/startseite\/"},{"@type":"ListItem","position":2,"name":"Pood","item":"https:\/\/awero.ee\/pood\/"},{"@type":"ListItem","position":3,"name":"PVC-Abdeckung f\u00fcr Badef\u00e4sser"}]},{"@type":"WebSite","@id":"https:\/\/awero.ee\/de\/#website","url":"https:\/\/awero.ee\/de\/","name":"Awero - S\u00fcdamega L\u00f5una Eestist","description":"","publisher":{"@id":"https:\/\/awero.ee\/de\/#organization"},"potentialAction":[{"@type":"SearchAction","target":{"@type":"EntryPoint","urlTemplate":"https:\/\/awero.ee\/de\/?s={search_term_string}"},"query-input":{"@type":"PropertyValueSpecification","valueRequired":true,"valueName":"search_term_string"}}],"inLanguage":"de"},{"@type":"Organization","@id":"https:\/\/awero.ee\/de\/#organization","name":"Awero - S\u00fcdamega L\u00f5una Eestist","url":"https:\/\/awero.ee\/de\/","logo":{"@type":"ImageObject","inLanguage":"de","@id":"https:\/\/awero.ee\/de\/#\/schema\/logo\/image\/","url":"https:\/\/awero.ee\/wp-content\/uploads\/2024\/07\/aweroplaceholder.jpg","contentUrl":"https:\/\/awero.ee\/wp-content\/uploads\/2024\/07\/aweroplaceholder.jpg","width":1250,"height":834,"caption":"Awero - S\u00fcdamega L\u00f5una Eestist"},"image":{"@id":"https:\/\/awero.ee\/de\/#\/schema\/logo\/image\/"}}]}},"_links":{"self":[{"href":"https:\/\/awero.ee\/de\/wp-json\/wp\/v2\/product\/13493","targetHints":{"allow":["GET"]}}],"collection":[{"href":"https:\/\/awero.ee\/de\/wp-json\/wp\/v2\/product"}],"about":[{"href":"https:\/\/awero.ee\/de\/wp-json\/wp\/v2\/types\/product"}],"wp:featuredmedia":[{"embeddable":true,"href":"https:\/\/awero.ee\/de\/wp-json\/wp\/v2\/media\/13497"}],"wp:attachment":[{"href":"https:\/\/awero.ee\/de\/wp-json\/wp\/v2\/media?parent=13493"}],"wp:term":[{"taxonomy":"product_brand","embeddable":true,"href":"https:\/\/awero.ee\/de\/wp-json\/wp\/v2\/product_brand?post=13493"},{"taxonomy":"product_cat","embeddable":true,"href":"https:\/\/awero.ee\/de\/wp-json\/wp\/v2\/product_cat?post=13493"},{"taxonomy":"product_tag","embeddable":true,"href":"https:\/\/awero.ee\/de\/wp-json\/wp\/v2\/product_tag?post=13493"}],"curies":[{"name":"wp","href":"https:\/\/api.w.org\/{rel}","templated":true}]}}