{"id":13462,"date":"2024-12-12T12:00:45","date_gmt":"2024-12-12T12:00:45","guid":{"rendered":"https:\/\/awero.ee\/toode\/warmeisolierte-abdeckung-fur-badefasser\/"},"modified":"2024-12-12T12:00:45","modified_gmt":"2024-12-12T12:00:45","slug":"warmeisolierte-abdeckung-fur-badefasser","status":"publish","type":"product","link":"https:\/\/awero.ee\/de\/toode\/warmeisolierte-abdeckung-fur-badefasser\/","title":{"rendered":"W\u00e4rmeisolierte Abdeckung f\u00fcr Badef\u00e4sser"},"content":{"rendered":"<div align=\"justify\">\n<p>Die isolierte Thermoabdeckung besteht aus strapazierf\u00e4higem, hochwertigem Material, das den W\u00e4rmeverlust des Badefasses reduziert. Die Abdeckung beschleunigt das Aufheizen des Wassers im Badefass und verlangsamt an k\u00e4lteren Tagen das Abk\u00fchlen. Neben der Isolierung sch\u00fctzt die Thermoabdeckung das Wasser vor Verunreinigungen und vor Schmutz der Umgebung und sorgt so f\u00fcr eine sauberere und ges\u00fcndere Badeumgebung. Die Thermoabdeckung ist mittig in zwei H\u00e4lften faltbar und l\u00e4sst sich dadurch leichter und bequemer anheben.   <\/p>\n<p><strong>Modelle und Gr\u00f6\u00dfen:<\/strong><\/p>\n<p>IceTub 100<\/p>\n<p>IconTub 200<\/p>\n<p>Durchmesser 160 cm<\/p>\n<p>Durchmesser 200 cm<\/p>\n<p>Durchmesser 220 cm<\/p>\n<p>MulliXKing<\/p>\n<p>Ofuro<\/p>\n<p>Sondergr\u00f6\u00dfen \u2013 Preise auf Anfrage.<\/p>\n<p>&nbsp;<\/p>\n<p><strong>Bitte beachten: Aufgrund seiner Gr\u00f6\u00dfe passt das Produkt nicht in Packstationen. <\/strong> Die Auslieferung der Ware erfolgt in unserem Werk (bei Selbstabholung) oder per Kurier. N\u00e4here Informationen erhalten Sie von unseren<a href=\"https:\/\/awero.ee\/ettevotest\/\"> Vertriebsexperten<\/a>. Diese beraten Sie gern zur Eignung und Installation der Thermoabdeckung f\u00fcr Ihr Badefass, damit Sie die ideale L\u00f6sung f\u00fcr ein noch besseres Badeerlebnis finden.  <\/p>\n<p>Bitte installieren Sie die Thermoabdeckung entsprechend den Herstelleranweisungen, um eine optimale W\u00e4rmeisolierung und den Schutz vor Umwelteinfl\u00fcssen sicherzustellen.<\/p>\n<\/div>\n","protected":false},"excerpt":{"rendered":"<div align=\"justify\">\n<p>Der Preis enth\u00e4lt die Mehrwertsteuer.<\/p>\n<p>Ist Ihr Ziel, die Wassertemperatur und Sauberkeit Ihres Badefasses zu erhalten? Entdecken Sie unsere isolierte Thermoabdeckung, die daf\u00fcr entwickelt wurde, Ihnen das ganze Jahr \u00fcber ein angenehmes und genussvolles Badeerlebnis zu erm\u00f6glichen. Sie ist in verschiedenen Modellen und Gr\u00f6\u00dfen erh\u00e4ltlich, abgestimmt auf die Gr\u00f6\u00dfe Ihres Badefasses.  <\/p>\n<\/div>\n","protected":false},"featured_media":13475,"template":"","meta":{"_acf_changed":false},"product_brand":[],"product_cat":[1681],"product_tag":[],"class_list":{"0":"post-13462","1":"product","2":"type-product","3":"status-publish","4":"has-post-thumbnail","6":"product_cat-zusatzausstattungen","8":"first","9":"instock","10":"shipping-taxable","11":"product-type-variable"},"acf":[],"yoast_head":"<!-- This site is optimized with the Yoast SEO plugin v26.8 - https:\/\/yoast.com\/product\/yoast-seo-wordpress\/ -->\n<title>W\u00e4rmeisolierte Abdeckung f\u00fcr Badef\u00e4sser - Awero - S\u00fcdamega L\u00f5una-Eestist<\/title>\n<meta name=\"robots\" content=\"index, follow, max-snippet:-1, max-image-preview:large, max-video-preview:-1\" \/>\n<link rel=\"canonical\" href=\"https:\/\/awero.ee\/de\/toode\/warmeisolierte-abdeckung-fur-badefasser\/\" \/>\n<meta property=\"og:locale\" content=\"de_DE\" \/>\n<meta property=\"og:type\" content=\"article\" \/>\n<meta property=\"og:title\" content=\"W\u00e4rmeisolierte Abdeckung f\u00fcr Badef\u00e4sser - Awero - S\u00fcdamega L\u00f5una-Eestist\" \/>\n<meta property=\"og:description\" content=\"Der Preis enth\u00e4lt die Mehrwertsteuer. Ist Ihr Ziel, die Wassertemperatur und Sauberkeit Ihres Badefasses zu erhalten? Entdecken Sie unsere isolierte Thermoabdeckung, die daf\u00fcr entwickelt wurde, Ihnen das ganze Jahr \u00fcber ein angenehmes und genussvolles Badeerlebnis zu erm\u00f6glichen. Sie ist in verschiedenen Modellen und Gr\u00f6\u00dfen erh\u00e4ltlich, abgestimmt auf die Gr\u00f6\u00dfe Ihres Badefasses.\" \/>\n<meta property=\"og:url\" content=\"https:\/\/awero.ee\/de\/toode\/warmeisolierte-abdeckung-fur-badefasser\/\" \/>\n<meta property=\"og:site_name\" content=\"Awero - S\u00fcdamega L\u00f5una-Eestist\" \/>\n<meta property=\"og:image\" content=\"https:\/\/awero.ee\/wp-content\/uploads\/2024\/12\/Kate_soojustatud.png\" \/>\n\t<meta property=\"og:image:width\" content=\"2500\" \/>\n\t<meta property=\"og:image:height\" content=\"1667\" \/>\n\t<meta property=\"og:image:type\" content=\"image\/png\" \/>\n<meta name=\"twitter:card\" content=\"summary_large_image\" \/>\n<meta name=\"twitter:label1\" content=\"Gesch\u00e4tzte Lesezeit\" \/>\n\t<meta name=\"twitter:data1\" content=\"1\u00a0Minute\" \/>\n<script type=\"application\/ld+json\" class=\"yoast-schema-graph\">{\"@context\":\"https:\/\/schema.org\",\"@graph\":[{\"@type\":\"WebPage\",\"@id\":\"https:\/\/awero.ee\/de\/toode\/warmeisolierte-abdeckung-fur-badefasser\/\",\"url\":\"https:\/\/awero.ee\/de\/toode\/warmeisolierte-abdeckung-fur-badefasser\/\",\"name\":\"W\u00e4rmeisolierte Abdeckung f\u00fcr Badef\u00e4sser - Awero - S\u00fcdamega L\u00f5una-Eestist\",\"isPartOf\":{\"@id\":\"https:\/\/awero.ee\/de\/#website\"},\"primaryImageOfPage\":{\"@id\":\"https:\/\/awero.ee\/de\/toode\/warmeisolierte-abdeckung-fur-badefasser\/#primaryimage\"},\"image\":{\"@id\":\"https:\/\/awero.ee\/de\/toode\/warmeisolierte-abdeckung-fur-badefasser\/#primaryimage\"},\"thumbnailUrl\":\"https:\/\/awero.ee\/wp-content\/uploads\/2024\/12\/Kate_soojustatud.png\",\"datePublished\":\"2024-12-12T12:00:45+00:00\",\"breadcrumb\":{\"@id\":\"https:\/\/awero.ee\/de\/toode\/warmeisolierte-abdeckung-fur-badefasser\/#breadcrumb\"},\"inLanguage\":\"de\",\"potentialAction\":[{\"@type\":\"ReadAction\",\"target\":[\"https:\/\/awero.ee\/de\/toode\/warmeisolierte-abdeckung-fur-badefasser\/\"]}]},{\"@type\":\"ImageObject\",\"inLanguage\":\"de\",\"@id\":\"https:\/\/awero.ee\/de\/toode\/warmeisolierte-abdeckung-fur-badefasser\/#primaryimage\",\"url\":\"https:\/\/awero.ee\/wp-content\/uploads\/2024\/12\/Kate_soojustatud.png\",\"contentUrl\":\"https:\/\/awero.ee\/wp-content\/uploads\/2024\/12\/Kate_soojustatud.png\",\"width\":2500,\"height\":1667},{\"@type\":\"BreadcrumbList\",\"@id\":\"https:\/\/awero.ee\/de\/toode\/warmeisolierte-abdeckung-fur-badefasser\/#breadcrumb\",\"itemListElement\":[{\"@type\":\"ListItem\",\"position\":1,\"name\":\"Home\",\"item\":\"https:\/\/awero.ee\/de\/startseite\/\"},{\"@type\":\"ListItem\",\"position\":2,\"name\":\"Pood\",\"item\":\"https:\/\/awero.ee\/pood\/\"},{\"@type\":\"ListItem\",\"position\":3,\"name\":\"W\u00e4rmeisolierte Abdeckung f\u00fcr Badef\u00e4sser\"}]},{\"@type\":\"WebSite\",\"@id\":\"https:\/\/awero.ee\/de\/#website\",\"url\":\"https:\/\/awero.ee\/de\/\",\"name\":\"Awero - S\u00fcdamega L\u00f5una Eestist\",\"description\":\"\",\"publisher\":{\"@id\":\"https:\/\/awero.ee\/de\/#organization\"},\"potentialAction\":[{\"@type\":\"SearchAction\",\"target\":{\"@type\":\"EntryPoint\",\"urlTemplate\":\"https:\/\/awero.ee\/de\/?s={search_term_string}\"},\"query-input\":{\"@type\":\"PropertyValueSpecification\",\"valueRequired\":true,\"valueName\":\"search_term_string\"}}],\"inLanguage\":\"de\"},{\"@type\":\"Organization\",\"@id\":\"https:\/\/awero.ee\/de\/#organization\",\"name\":\"Awero - S\u00fcdamega L\u00f5una Eestist\",\"url\":\"https:\/\/awero.ee\/de\/\",\"logo\":{\"@type\":\"ImageObject\",\"inLanguage\":\"de\",\"@id\":\"https:\/\/awero.ee\/de\/#\/schema\/logo\/image\/\",\"url\":\"https:\/\/awero.ee\/wp-content\/uploads\/2024\/07\/aweroplaceholder.jpg\",\"contentUrl\":\"https:\/\/awero.ee\/wp-content\/uploads\/2024\/07\/aweroplaceholder.jpg\",\"width\":1250,\"height\":834,\"caption\":\"Awero - S\u00fcdamega L\u00f5una Eestist\"},\"image\":{\"@id\":\"https:\/\/awero.ee\/de\/#\/schema\/logo\/image\/\"}}]}<\/script>\n<!-- \/ Yoast SEO plugin. -->","yoast_head_json":{"title":"W\u00e4rmeisolierte Abdeckung f\u00fcr Badef\u00e4sser - Awero - S\u00fcdamega L\u00f5una-Eestist","robots":{"index":"index","follow":"follow","max-snippet":"max-snippet:-1","max-image-preview":"max-image-preview:large","max-video-preview":"max-video-preview:-1"},"canonical":"https:\/\/awero.ee\/de\/toode\/warmeisolierte-abdeckung-fur-badefasser\/","og_locale":"de_DE","og_type":"article","og_title":"W\u00e4rmeisolierte Abdeckung f\u00fcr Badef\u00e4sser - Awero - S\u00fcdamega L\u00f5una-Eestist","og_description":"Der Preis enth\u00e4lt die Mehrwertsteuer. Ist Ihr Ziel, die Wassertemperatur und Sauberkeit Ihres Badefasses zu erhalten? Entdecken Sie unsere isolierte Thermoabdeckung, die daf\u00fcr entwickelt wurde, Ihnen das ganze Jahr \u00fcber ein angenehmes und genussvolles Badeerlebnis zu erm\u00f6glichen. Sie ist in verschiedenen Modellen und Gr\u00f6\u00dfen erh\u00e4ltlich, abgestimmt auf die Gr\u00f6\u00dfe Ihres Badefasses.","og_url":"https:\/\/awero.ee\/de\/toode\/warmeisolierte-abdeckung-fur-badefasser\/","og_site_name":"Awero - S\u00fcdamega L\u00f5una-Eestist","og_image":[{"width":2500,"height":1667,"url":"https:\/\/awero.ee\/wp-content\/uploads\/2024\/12\/Kate_soojustatud.png","type":"image\/png"}],"twitter_card":"summary_large_image","twitter_misc":{"Gesch\u00e4tzte Lesezeit":"1\u00a0Minute"},"schema":{"@context":"https:\/\/schema.org","@graph":[{"@type":"WebPage","@id":"https:\/\/awero.ee\/de\/toode\/warmeisolierte-abdeckung-fur-badefasser\/","url":"https:\/\/awero.ee\/de\/toode\/warmeisolierte-abdeckung-fur-badefasser\/","name":"W\u00e4rmeisolierte Abdeckung f\u00fcr Badef\u00e4sser - Awero - S\u00fcdamega L\u00f5una-Eestist","isPartOf":{"@id":"https:\/\/awero.ee\/de\/#website"},"primaryImageOfPage":{"@id":"https:\/\/awero.ee\/de\/toode\/warmeisolierte-abdeckung-fur-badefasser\/#primaryimage"},"image":{"@id":"https:\/\/awero.ee\/de\/toode\/warmeisolierte-abdeckung-fur-badefasser\/#primaryimage"},"thumbnailUrl":"https:\/\/awero.ee\/wp-content\/uploads\/2024\/12\/Kate_soojustatud.png","datePublished":"2024-12-12T12:00:45+00:00","breadcrumb":{"@id":"https:\/\/awero.ee\/de\/toode\/warmeisolierte-abdeckung-fur-badefasser\/#breadcrumb"},"inLanguage":"de","potentialAction":[{"@type":"ReadAction","target":["https:\/\/awero.ee\/de\/toode\/warmeisolierte-abdeckung-fur-badefasser\/"]}]},{"@type":"ImageObject","inLanguage":"de","@id":"https:\/\/awero.ee\/de\/toode\/warmeisolierte-abdeckung-fur-badefasser\/#primaryimage","url":"https:\/\/awero.ee\/wp-content\/uploads\/2024\/12\/Kate_soojustatud.png","contentUrl":"https:\/\/awero.ee\/wp-content\/uploads\/2024\/12\/Kate_soojustatud.png","width":2500,"height":1667},{"@type":"BreadcrumbList","@id":"https:\/\/awero.ee\/de\/toode\/warmeisolierte-abdeckung-fur-badefasser\/#breadcrumb","itemListElement":[{"@type":"ListItem","position":1,"name":"Home","item":"https:\/\/awero.ee\/de\/startseite\/"},{"@type":"ListItem","position":2,"name":"Pood","item":"https:\/\/awero.ee\/pood\/"},{"@type":"ListItem","position":3,"name":"W\u00e4rmeisolierte Abdeckung f\u00fcr Badef\u00e4sser"}]},{"@type":"WebSite","@id":"https:\/\/awero.ee\/de\/#website","url":"https:\/\/awero.ee\/de\/","name":"Awero - S\u00fcdamega L\u00f5una Eestist","description":"","publisher":{"@id":"https:\/\/awero.ee\/de\/#organization"},"potentialAction":[{"@type":"SearchAction","target":{"@type":"EntryPoint","urlTemplate":"https:\/\/awero.ee\/de\/?s={search_term_string}"},"query-input":{"@type":"PropertyValueSpecification","valueRequired":true,"valueName":"search_term_string"}}],"inLanguage":"de"},{"@type":"Organization","@id":"https:\/\/awero.ee\/de\/#organization","name":"Awero - S\u00fcdamega L\u00f5una Eestist","url":"https:\/\/awero.ee\/de\/","logo":{"@type":"ImageObject","inLanguage":"de","@id":"https:\/\/awero.ee\/de\/#\/schema\/logo\/image\/","url":"https:\/\/awero.ee\/wp-content\/uploads\/2024\/07\/aweroplaceholder.jpg","contentUrl":"https:\/\/awero.ee\/wp-content\/uploads\/2024\/07\/aweroplaceholder.jpg","width":1250,"height":834,"caption":"Awero - S\u00fcdamega L\u00f5una Eestist"},"image":{"@id":"https:\/\/awero.ee\/de\/#\/schema\/logo\/image\/"}}]}},"_links":{"self":[{"href":"https:\/\/awero.ee\/de\/wp-json\/wp\/v2\/product\/13462","targetHints":{"allow":["GET"]}}],"collection":[{"href":"https:\/\/awero.ee\/de\/wp-json\/wp\/v2\/product"}],"about":[{"href":"https:\/\/awero.ee\/de\/wp-json\/wp\/v2\/types\/product"}],"wp:featuredmedia":[{"embeddable":true,"href":"https:\/\/awero.ee\/de\/wp-json\/wp\/v2\/media\/13475"}],"wp:attachment":[{"href":"https:\/\/awero.ee\/de\/wp-json\/wp\/v2\/media?parent=13462"}],"wp:term":[{"taxonomy":"product_brand","embeddable":true,"href":"https:\/\/awero.ee\/de\/wp-json\/wp\/v2\/product_brand?post=13462"},{"taxonomy":"product_cat","embeddable":true,"href":"https:\/\/awero.ee\/de\/wp-json\/wp\/v2\/product_cat?post=13462"},{"taxonomy":"product_tag","embeddable":true,"href":"https:\/\/awero.ee\/de\/wp-json\/wp\/v2\/product_tag?post=13462"}],"curies":[{"name":"wp","href":"https:\/\/api.w.org\/{rel}","templated":true}]}}