{"id":13438,"date":"2024-12-12T12:00:45","date_gmt":"2024-12-12T12:00:45","guid":{"rendered":"https:\/\/awero.ee\/toode\/glasfaserabdeckung-fur-badefasser\/"},"modified":"2024-12-12T12:00:45","modified_gmt":"2024-12-12T12:00:45","slug":"glasfaserabdeckung-fur-badefasser","status":"publish","type":"product","link":"https:\/\/awero.ee\/de\/toode\/glasfaserabdeckung-fur-badefasser\/","title":{"rendered":"Glasfaserabdeckung f\u00fcr Badef\u00e4sser"},"content":{"rendered":"<p>: Unsere Glasfaserabdeckungen f\u00fcr Badef\u00e4sser sind in drei verschiedenen Durchmessern erh\u00e4ltlich: 160 cm, 200 cm und 220 cm. Die Farbauswahl umfasst graue, schwarze, blaue und wei\u00dfe Abdeckungen. Aufgrund der Gr\u00f6\u00dfe der Abdeckung empfehlen wir, sie zu zweit anheben, um das Badefass nicht zu besch\u00e4digen.  <\/p>\n<p>Glasfaserkunststoff wird aus Glasfasern hergestellt, die mit Harz verbunden werden, um ein starkes und widerstandsf\u00e4higes Material zu erhalten. Glasfaserkunststoff ist bekannt f\u00fcr dessen Leichtigkeit und Widerstandsf\u00e4higkeit und wird in vielen Bereichen eingesetzt. Zu den Eigenschaften dieses Materials geh\u00f6ren Leichtigkeit, Korrosionsbest\u00e4ndigkeit und Widerstandsf\u00e4higkeit.  <\/p>\n<p>Bitte beachten: Aufgrund seiner Gr\u00f6\u00dfe passt das Produkt nicht in Packstationen.  Die Auslieferung der Ware erfolgt in unserem Werk (bei Selbstabholung) oder per Kurier. N\u00e4here Informationen erhalten Sie von unseren<a href=\"https:\/\/awero.ee\/ettevotest\/\"> Vertriebsexperten<\/a>. <\/p>\n","protected":false},"excerpt":{"rendered":"<p><strong>Der Preis enth\u00e4lt die Mehrwertsteuer.<\/strong><\/p>\n<p>Die Glasfaserabdeckung ist die ideale Wahl f\u00fcr alle, die Wert auf Langlebigkeit, Funktionalit\u00e4t und \u00e4sthetisches Design zum Schutz ihres Badefasses legen. Diese Abdeckung verleiht dem Badefass ein stilvolles Designelement, sch\u00fctzt es gleichzeitig vor Verschmutzungen und Verunreinigungen aus der Umgebung und hilft das Wasser sauber zu halten. <\/p>\n","protected":false},"featured_media":13444,"template":"","meta":{"_acf_changed":false},"product_brand":[],"product_cat":[1681],"product_tag":[],"class_list":{"0":"post-13438","1":"product","2":"type-product","3":"status-publish","4":"has-post-thumbnail","6":"product_cat-zusatzausstattungen","8":"first","9":"instock","10":"shipping-taxable","11":"product-type-variable"},"acf":[],"yoast_head":"<!-- This site is optimized with the Yoast SEO plugin v26.8 - https:\/\/yoast.com\/product\/yoast-seo-wordpress\/ -->\n<title>Glasfaserabdeckung f\u00fcr Badef\u00e4sser - Awero - S\u00fcdamega L\u00f5una-Eestist<\/title>\n<meta name=\"robots\" content=\"index, follow, max-snippet:-1, max-image-preview:large, max-video-preview:-1\" \/>\n<link rel=\"canonical\" href=\"https:\/\/awero.ee\/de\/toode\/glasfaserabdeckung-fur-badefasser\/\" \/>\n<meta property=\"og:locale\" content=\"de_DE\" \/>\n<meta property=\"og:type\" content=\"article\" \/>\n<meta property=\"og:title\" content=\"Glasfaserabdeckung f\u00fcr Badef\u00e4sser - Awero - S\u00fcdamega L\u00f5una-Eestist\" \/>\n<meta property=\"og:description\" content=\"Der Preis enth\u00e4lt die Mehrwertsteuer. Die Glasfaserabdeckung ist die ideale Wahl f\u00fcr alle, die Wert auf Langlebigkeit, Funktionalit\u00e4t und \u00e4sthetisches Design zum Schutz ihres Badefasses legen. Diese Abdeckung verleiht dem Badefass ein stilvolles Designelement, sch\u00fctzt es gleichzeitig vor Verschmutzungen und Verunreinigungen aus der Umgebung und hilft das Wasser sauber zu halten.\" \/>\n<meta property=\"og:url\" content=\"https:\/\/awero.ee\/de\/toode\/glasfaserabdeckung-fur-badefasser\/\" \/>\n<meta property=\"og:site_name\" content=\"Awero - S\u00fcdamega L\u00f5una-Eestist\" \/>\n<meta property=\"og:image\" content=\"https:\/\/awero.ee\/wp-content\/uploads\/2024\/12\/Kate_plastik-1.png\" \/>\n\t<meta property=\"og:image:width\" content=\"1476\" \/>\n\t<meta property=\"og:image:height\" content=\"984\" \/>\n\t<meta property=\"og:image:type\" content=\"image\/png\" \/>\n<meta name=\"twitter:card\" content=\"summary_large_image\" \/>\n<meta name=\"twitter:label1\" content=\"Gesch\u00e4tzte Lesezeit\" \/>\n\t<meta name=\"twitter:data1\" content=\"1\u00a0Minute\" \/>\n<script type=\"application\/ld+json\" class=\"yoast-schema-graph\">{\"@context\":\"https:\/\/schema.org\",\"@graph\":[{\"@type\":\"WebPage\",\"@id\":\"https:\/\/awero.ee\/de\/toode\/glasfaserabdeckung-fur-badefasser\/\",\"url\":\"https:\/\/awero.ee\/de\/toode\/glasfaserabdeckung-fur-badefasser\/\",\"name\":\"Glasfaserabdeckung f\u00fcr Badef\u00e4sser - Awero - S\u00fcdamega L\u00f5una-Eestist\",\"isPartOf\":{\"@id\":\"https:\/\/awero.ee\/de\/#website\"},\"primaryImageOfPage\":{\"@id\":\"https:\/\/awero.ee\/de\/toode\/glasfaserabdeckung-fur-badefasser\/#primaryimage\"},\"image\":{\"@id\":\"https:\/\/awero.ee\/de\/toode\/glasfaserabdeckung-fur-badefasser\/#primaryimage\"},\"thumbnailUrl\":\"https:\/\/awero.ee\/wp-content\/uploads\/2024\/12\/Kate_plastik-1.png\",\"datePublished\":\"2024-12-12T12:00:45+00:00\",\"breadcrumb\":{\"@id\":\"https:\/\/awero.ee\/de\/toode\/glasfaserabdeckung-fur-badefasser\/#breadcrumb\"},\"inLanguage\":\"de\",\"potentialAction\":[{\"@type\":\"ReadAction\",\"target\":[\"https:\/\/awero.ee\/de\/toode\/glasfaserabdeckung-fur-badefasser\/\"]}]},{\"@type\":\"ImageObject\",\"inLanguage\":\"de\",\"@id\":\"https:\/\/awero.ee\/de\/toode\/glasfaserabdeckung-fur-badefasser\/#primaryimage\",\"url\":\"https:\/\/awero.ee\/wp-content\/uploads\/2024\/12\/Kate_plastik-1.png\",\"contentUrl\":\"https:\/\/awero.ee\/wp-content\/uploads\/2024\/12\/Kate_plastik-1.png\",\"width\":1476,\"height\":984},{\"@type\":\"BreadcrumbList\",\"@id\":\"https:\/\/awero.ee\/de\/toode\/glasfaserabdeckung-fur-badefasser\/#breadcrumb\",\"itemListElement\":[{\"@type\":\"ListItem\",\"position\":1,\"name\":\"Home\",\"item\":\"https:\/\/awero.ee\/de\/startseite\/\"},{\"@type\":\"ListItem\",\"position\":2,\"name\":\"Pood\",\"item\":\"https:\/\/awero.ee\/pood\/\"},{\"@type\":\"ListItem\",\"position\":3,\"name\":\"Glasfaserabdeckung f\u00fcr Badef\u00e4sser\"}]},{\"@type\":\"WebSite\",\"@id\":\"https:\/\/awero.ee\/de\/#website\",\"url\":\"https:\/\/awero.ee\/de\/\",\"name\":\"Awero - S\u00fcdamega L\u00f5una Eestist\",\"description\":\"\",\"publisher\":{\"@id\":\"https:\/\/awero.ee\/de\/#organization\"},\"potentialAction\":[{\"@type\":\"SearchAction\",\"target\":{\"@type\":\"EntryPoint\",\"urlTemplate\":\"https:\/\/awero.ee\/de\/?s={search_term_string}\"},\"query-input\":{\"@type\":\"PropertyValueSpecification\",\"valueRequired\":true,\"valueName\":\"search_term_string\"}}],\"inLanguage\":\"de\"},{\"@type\":\"Organization\",\"@id\":\"https:\/\/awero.ee\/de\/#organization\",\"name\":\"Awero - S\u00fcdamega L\u00f5una Eestist\",\"url\":\"https:\/\/awero.ee\/de\/\",\"logo\":{\"@type\":\"ImageObject\",\"inLanguage\":\"de\",\"@id\":\"https:\/\/awero.ee\/de\/#\/schema\/logo\/image\/\",\"url\":\"https:\/\/awero.ee\/wp-content\/uploads\/2024\/07\/aweroplaceholder.jpg\",\"contentUrl\":\"https:\/\/awero.ee\/wp-content\/uploads\/2024\/07\/aweroplaceholder.jpg\",\"width\":1250,\"height\":834,\"caption\":\"Awero - S\u00fcdamega L\u00f5una Eestist\"},\"image\":{\"@id\":\"https:\/\/awero.ee\/de\/#\/schema\/logo\/image\/\"}}]}<\/script>\n<!-- \/ Yoast SEO plugin. -->","yoast_head_json":{"title":"Glasfaserabdeckung f\u00fcr Badef\u00e4sser - Awero - S\u00fcdamega L\u00f5una-Eestist","robots":{"index":"index","follow":"follow","max-snippet":"max-snippet:-1","max-image-preview":"max-image-preview:large","max-video-preview":"max-video-preview:-1"},"canonical":"https:\/\/awero.ee\/de\/toode\/glasfaserabdeckung-fur-badefasser\/","og_locale":"de_DE","og_type":"article","og_title":"Glasfaserabdeckung f\u00fcr Badef\u00e4sser - Awero - S\u00fcdamega L\u00f5una-Eestist","og_description":"Der Preis enth\u00e4lt die Mehrwertsteuer. Die Glasfaserabdeckung ist die ideale Wahl f\u00fcr alle, die Wert auf Langlebigkeit, Funktionalit\u00e4t und \u00e4sthetisches Design zum Schutz ihres Badefasses legen. Diese Abdeckung verleiht dem Badefass ein stilvolles Designelement, sch\u00fctzt es gleichzeitig vor Verschmutzungen und Verunreinigungen aus der Umgebung und hilft das Wasser sauber zu halten.","og_url":"https:\/\/awero.ee\/de\/toode\/glasfaserabdeckung-fur-badefasser\/","og_site_name":"Awero - S\u00fcdamega L\u00f5una-Eestist","og_image":[{"width":1476,"height":984,"url":"https:\/\/awero.ee\/wp-content\/uploads\/2024\/12\/Kate_plastik-1.png","type":"image\/png"}],"twitter_card":"summary_large_image","twitter_misc":{"Gesch\u00e4tzte Lesezeit":"1\u00a0Minute"},"schema":{"@context":"https:\/\/schema.org","@graph":[{"@type":"WebPage","@id":"https:\/\/awero.ee\/de\/toode\/glasfaserabdeckung-fur-badefasser\/","url":"https:\/\/awero.ee\/de\/toode\/glasfaserabdeckung-fur-badefasser\/","name":"Glasfaserabdeckung f\u00fcr Badef\u00e4sser - Awero - S\u00fcdamega L\u00f5una-Eestist","isPartOf":{"@id":"https:\/\/awero.ee\/de\/#website"},"primaryImageOfPage":{"@id":"https:\/\/awero.ee\/de\/toode\/glasfaserabdeckung-fur-badefasser\/#primaryimage"},"image":{"@id":"https:\/\/awero.ee\/de\/toode\/glasfaserabdeckung-fur-badefasser\/#primaryimage"},"thumbnailUrl":"https:\/\/awero.ee\/wp-content\/uploads\/2024\/12\/Kate_plastik-1.png","datePublished":"2024-12-12T12:00:45+00:00","breadcrumb":{"@id":"https:\/\/awero.ee\/de\/toode\/glasfaserabdeckung-fur-badefasser\/#breadcrumb"},"inLanguage":"de","potentialAction":[{"@type":"ReadAction","target":["https:\/\/awero.ee\/de\/toode\/glasfaserabdeckung-fur-badefasser\/"]}]},{"@type":"ImageObject","inLanguage":"de","@id":"https:\/\/awero.ee\/de\/toode\/glasfaserabdeckung-fur-badefasser\/#primaryimage","url":"https:\/\/awero.ee\/wp-content\/uploads\/2024\/12\/Kate_plastik-1.png","contentUrl":"https:\/\/awero.ee\/wp-content\/uploads\/2024\/12\/Kate_plastik-1.png","width":1476,"height":984},{"@type":"BreadcrumbList","@id":"https:\/\/awero.ee\/de\/toode\/glasfaserabdeckung-fur-badefasser\/#breadcrumb","itemListElement":[{"@type":"ListItem","position":1,"name":"Home","item":"https:\/\/awero.ee\/de\/startseite\/"},{"@type":"ListItem","position":2,"name":"Pood","item":"https:\/\/awero.ee\/pood\/"},{"@type":"ListItem","position":3,"name":"Glasfaserabdeckung f\u00fcr Badef\u00e4sser"}]},{"@type":"WebSite","@id":"https:\/\/awero.ee\/de\/#website","url":"https:\/\/awero.ee\/de\/","name":"Awero - S\u00fcdamega L\u00f5una Eestist","description":"","publisher":{"@id":"https:\/\/awero.ee\/de\/#organization"},"potentialAction":[{"@type":"SearchAction","target":{"@type":"EntryPoint","urlTemplate":"https:\/\/awero.ee\/de\/?s={search_term_string}"},"query-input":{"@type":"PropertyValueSpecification","valueRequired":true,"valueName":"search_term_string"}}],"inLanguage":"de"},{"@type":"Organization","@id":"https:\/\/awero.ee\/de\/#organization","name":"Awero - S\u00fcdamega L\u00f5una Eestist","url":"https:\/\/awero.ee\/de\/","logo":{"@type":"ImageObject","inLanguage":"de","@id":"https:\/\/awero.ee\/de\/#\/schema\/logo\/image\/","url":"https:\/\/awero.ee\/wp-content\/uploads\/2024\/07\/aweroplaceholder.jpg","contentUrl":"https:\/\/awero.ee\/wp-content\/uploads\/2024\/07\/aweroplaceholder.jpg","width":1250,"height":834,"caption":"Awero - S\u00fcdamega L\u00f5una Eestist"},"image":{"@id":"https:\/\/awero.ee\/de\/#\/schema\/logo\/image\/"}}]}},"_links":{"self":[{"href":"https:\/\/awero.ee\/de\/wp-json\/wp\/v2\/product\/13438","targetHints":{"allow":["GET"]}}],"collection":[{"href":"https:\/\/awero.ee\/de\/wp-json\/wp\/v2\/product"}],"about":[{"href":"https:\/\/awero.ee\/de\/wp-json\/wp\/v2\/types\/product"}],"wp:featuredmedia":[{"embeddable":true,"href":"https:\/\/awero.ee\/de\/wp-json\/wp\/v2\/media\/13444"}],"wp:attachment":[{"href":"https:\/\/awero.ee\/de\/wp-json\/wp\/v2\/media?parent=13438"}],"wp:term":[{"taxonomy":"product_brand","embeddable":true,"href":"https:\/\/awero.ee\/de\/wp-json\/wp\/v2\/product_brand?post=13438"},{"taxonomy":"product_cat","embeddable":true,"href":"https:\/\/awero.ee\/de\/wp-json\/wp\/v2\/product_cat?post=13438"},{"taxonomy":"product_tag","embeddable":true,"href":"https:\/\/awero.ee\/de\/wp-json\/wp\/v2\/product_tag?post=13438"}],"curies":[{"name":"wp","href":"https:\/\/api.w.org\/{rel}","templated":true}]}}