{"id":13434,"date":"2024-12-12T12:00:45","date_gmt":"2024-12-12T12:00:45","guid":{"rendered":"https:\/\/awero.ee\/toode\/aussenofen-fuer-badefaesser\/"},"modified":"2024-12-12T12:00:45","modified_gmt":"2024-12-12T12:00:45","slug":"aussenofen-fuer-badefaesser","status":"publish","type":"product","link":"https:\/\/awero.ee\/de\/toode\/aussenofen-fuer-badefaesser\/","title":{"rendered":"Au\u00dfenofen f\u00fcr Badef\u00e4sser"},"content":{"rendered":"<p>Bitte beachten: Aufgrund seiner Gr\u00f6\u00dfe passt das Produkt nicht in Packstationen.  Die Auslieferung der Ware erfolgt in unserem Werk (bei Selbstabholung) oder per Kurier. N\u00e4here Informationen erhalten Sie von unseren Vertriebsexperten. <\/p>\n","protected":false},"excerpt":{"rendered":"<p>Der Preis enth\u00e4lt die Mehrwertsteuer.<br \/>\nHochwertiger und leistungsstarker Au\u00dfenofen f\u00fcr Badef\u00e4sser aus rostfreiem Metall (AISI304) mit 30 kW.<br \/>\n<strong>Im Lieferumfang enthalten:<\/strong> Ofen, Schornstein, Schornsteinkappe, Durchf\u00fchrungen, Klammern, Schl\u00e4uche.<\/p>\n","protected":false},"featured_media":3150,"template":"","meta":{"_acf_changed":false},"product_brand":[],"product_cat":[1681],"product_tag":[],"class_list":{"0":"post-13434","1":"product","2":"type-product","3":"status-publish","4":"has-post-thumbnail","6":"product_cat-zusatzausstattungen","8":"first","9":"instock","10":"shipping-taxable","11":"product-type-simple"},"acf":[],"yoast_head":"<!-- This site is optimized with the Yoast SEO plugin v27.5 - https:\/\/yoast.com\/product\/yoast-seo-wordpress\/ -->\n<title>Au\u00dfenofen f\u00fcr Badef\u00e4sser - Awero - S\u00fcdamega L\u00f5una-Eestist<\/title>\n<meta name=\"robots\" content=\"index, follow, max-snippet:-1, max-image-preview:large, max-video-preview:-1\" \/>\n<link rel=\"canonical\" href=\"https:\/\/awero.ee\/de\/toode\/aussenofen-fuer-badefaesser\/\" \/>\n<meta property=\"og:locale\" content=\"de_DE\" \/>\n<meta property=\"og:type\" content=\"article\" \/>\n<meta property=\"og:title\" content=\"Au\u00dfenofen f\u00fcr Badef\u00e4sser - Awero - S\u00fcdamega L\u00f5una-Eestist\" \/>\n<meta property=\"og:description\" content=\"Der Preis enth\u00e4lt die Mehrwertsteuer. Hochwertiger und leistungsstarker Au\u00dfenofen f\u00fcr Badef\u00e4sser aus rostfreiem Metall (AISI304) mit 30 kW. Im Lieferumfang enthalten: Ofen, Schornstein, Schornsteinkappe, Durchf\u00fchrungen, Klammern, Schl\u00e4uche.\" \/>\n<meta property=\"og:url\" content=\"https:\/\/awero.ee\/de\/toode\/aussenofen-fuer-badefaesser\/\" \/>\n<meta property=\"og:site_name\" content=\"Awero - S\u00fcdamega L\u00f5una-Eestist\" \/>\n<meta property=\"og:image\" content=\"https:\/\/awero.ee\/wp-content\/uploads\/2024\/12\/valisahi.png\" \/>\n\t<meta property=\"og:image:width\" content=\"1080\" \/>\n\t<meta property=\"og:image:height\" content=\"1080\" \/>\n\t<meta property=\"og:image:type\" content=\"image\/png\" \/>\n<meta name=\"twitter:card\" content=\"summary_large_image\" \/>\n<script type=\"application\/ld+json\" class=\"yoast-schema-graph\">{\"@context\":\"https:\\\/\\\/schema.org\",\"@graph\":[{\"@type\":\"WebPage\",\"@id\":\"https:\\\/\\\/awero.ee\\\/de\\\/toode\\\/aussenofen-fuer-badefaesser\\\/\",\"url\":\"https:\\\/\\\/awero.ee\\\/de\\\/toode\\\/aussenofen-fuer-badefaesser\\\/\",\"name\":\"Au\u00dfenofen f\u00fcr Badef\u00e4sser - Awero - S\u00fcdamega L\u00f5una-Eestist\",\"isPartOf\":{\"@id\":\"https:\\\/\\\/awero.ee\\\/de\\\/#website\"},\"primaryImageOfPage\":{\"@id\":\"https:\\\/\\\/awero.ee\\\/de\\\/toode\\\/aussenofen-fuer-badefaesser\\\/#primaryimage\"},\"image\":{\"@id\":\"https:\\\/\\\/awero.ee\\\/de\\\/toode\\\/aussenofen-fuer-badefaesser\\\/#primaryimage\"},\"thumbnailUrl\":\"https:\\\/\\\/awero.ee\\\/wp-content\\\/uploads\\\/2024\\\/12\\\/valisahi.png\",\"datePublished\":\"2024-12-12T12:00:45+00:00\",\"breadcrumb\":{\"@id\":\"https:\\\/\\\/awero.ee\\\/de\\\/toode\\\/aussenofen-fuer-badefaesser\\\/#breadcrumb\"},\"inLanguage\":\"de\",\"potentialAction\":[{\"@type\":\"ReadAction\",\"target\":[\"https:\\\/\\\/awero.ee\\\/de\\\/toode\\\/aussenofen-fuer-badefaesser\\\/\"]}]},{\"@type\":\"ImageObject\",\"inLanguage\":\"de\",\"@id\":\"https:\\\/\\\/awero.ee\\\/de\\\/toode\\\/aussenofen-fuer-badefaesser\\\/#primaryimage\",\"url\":\"https:\\\/\\\/awero.ee\\\/wp-content\\\/uploads\\\/2024\\\/12\\\/valisahi.png\",\"contentUrl\":\"https:\\\/\\\/awero.ee\\\/wp-content\\\/uploads\\\/2024\\\/12\\\/valisahi.png\",\"width\":1080,\"height\":1080},{\"@type\":\"BreadcrumbList\",\"@id\":\"https:\\\/\\\/awero.ee\\\/de\\\/toode\\\/aussenofen-fuer-badefaesser\\\/#breadcrumb\",\"itemListElement\":[{\"@type\":\"ListItem\",\"position\":1,\"name\":\"Home\",\"item\":\"https:\\\/\\\/awero.ee\\\/de\\\/startseite\\\/\"},{\"@type\":\"ListItem\",\"position\":2,\"name\":\"Pood\",\"item\":\"https:\\\/\\\/awero.ee\\\/pood\\\/\"},{\"@type\":\"ListItem\",\"position\":3,\"name\":\"Au\u00dfenofen f\u00fcr Badef\u00e4sser\"}]},{\"@type\":\"WebSite\",\"@id\":\"https:\\\/\\\/awero.ee\\\/de\\\/#website\",\"url\":\"https:\\\/\\\/awero.ee\\\/de\\\/\",\"name\":\"Awero - S\u00fcdamega L\u00f5una Eestist\",\"description\":\"\",\"publisher\":{\"@id\":\"https:\\\/\\\/awero.ee\\\/de\\\/#organization\"},\"potentialAction\":[{\"@type\":\"SearchAction\",\"target\":{\"@type\":\"EntryPoint\",\"urlTemplate\":\"https:\\\/\\\/awero.ee\\\/de\\\/?s={search_term_string}\"},\"query-input\":{\"@type\":\"PropertyValueSpecification\",\"valueRequired\":true,\"valueName\":\"search_term_string\"}}],\"inLanguage\":\"de\"},{\"@type\":\"Organization\",\"@id\":\"https:\\\/\\\/awero.ee\\\/de\\\/#organization\",\"name\":\"Awero - S\u00fcdamega L\u00f5una Eestist\",\"url\":\"https:\\\/\\\/awero.ee\\\/de\\\/\",\"logo\":{\"@type\":\"ImageObject\",\"inLanguage\":\"de\",\"@id\":\"https:\\\/\\\/awero.ee\\\/de\\\/#\\\/schema\\\/logo\\\/image\\\/\",\"url\":\"https:\\\/\\\/awero.ee\\\/wp-content\\\/uploads\\\/2024\\\/07\\\/aweroplaceholder.jpg\",\"contentUrl\":\"https:\\\/\\\/awero.ee\\\/wp-content\\\/uploads\\\/2024\\\/07\\\/aweroplaceholder.jpg\",\"width\":1250,\"height\":834,\"caption\":\"Awero - S\u00fcdamega L\u00f5una Eestist\"},\"image\":{\"@id\":\"https:\\\/\\\/awero.ee\\\/de\\\/#\\\/schema\\\/logo\\\/image\\\/\"}}]}<\/script>\n<!-- \/ Yoast SEO plugin. -->","yoast_head_json":{"title":"Au\u00dfenofen f\u00fcr Badef\u00e4sser - Awero - S\u00fcdamega L\u00f5una-Eestist","robots":{"index":"index","follow":"follow","max-snippet":"max-snippet:-1","max-image-preview":"max-image-preview:large","max-video-preview":"max-video-preview:-1"},"canonical":"https:\/\/awero.ee\/de\/toode\/aussenofen-fuer-badefaesser\/","og_locale":"de_DE","og_type":"article","og_title":"Au\u00dfenofen f\u00fcr Badef\u00e4sser - Awero - S\u00fcdamega L\u00f5una-Eestist","og_description":"Der Preis enth\u00e4lt die Mehrwertsteuer. Hochwertiger und leistungsstarker Au\u00dfenofen f\u00fcr Badef\u00e4sser aus rostfreiem Metall (AISI304) mit 30 kW. Im Lieferumfang enthalten: Ofen, Schornstein, Schornsteinkappe, Durchf\u00fchrungen, Klammern, Schl\u00e4uche.","og_url":"https:\/\/awero.ee\/de\/toode\/aussenofen-fuer-badefaesser\/","og_site_name":"Awero - S\u00fcdamega L\u00f5una-Eestist","og_image":[{"width":1080,"height":1080,"url":"https:\/\/awero.ee\/wp-content\/uploads\/2024\/12\/valisahi.png","type":"image\/png"}],"twitter_card":"summary_large_image","schema":{"@context":"https:\/\/schema.org","@graph":[{"@type":"WebPage","@id":"https:\/\/awero.ee\/de\/toode\/aussenofen-fuer-badefaesser\/","url":"https:\/\/awero.ee\/de\/toode\/aussenofen-fuer-badefaesser\/","name":"Au\u00dfenofen f\u00fcr Badef\u00e4sser - Awero - S\u00fcdamega L\u00f5una-Eestist","isPartOf":{"@id":"https:\/\/awero.ee\/de\/#website"},"primaryImageOfPage":{"@id":"https:\/\/awero.ee\/de\/toode\/aussenofen-fuer-badefaesser\/#primaryimage"},"image":{"@id":"https:\/\/awero.ee\/de\/toode\/aussenofen-fuer-badefaesser\/#primaryimage"},"thumbnailUrl":"https:\/\/awero.ee\/wp-content\/uploads\/2024\/12\/valisahi.png","datePublished":"2024-12-12T12:00:45+00:00","breadcrumb":{"@id":"https:\/\/awero.ee\/de\/toode\/aussenofen-fuer-badefaesser\/#breadcrumb"},"inLanguage":"de","potentialAction":[{"@type":"ReadAction","target":["https:\/\/awero.ee\/de\/toode\/aussenofen-fuer-badefaesser\/"]}]},{"@type":"ImageObject","inLanguage":"de","@id":"https:\/\/awero.ee\/de\/toode\/aussenofen-fuer-badefaesser\/#primaryimage","url":"https:\/\/awero.ee\/wp-content\/uploads\/2024\/12\/valisahi.png","contentUrl":"https:\/\/awero.ee\/wp-content\/uploads\/2024\/12\/valisahi.png","width":1080,"height":1080},{"@type":"BreadcrumbList","@id":"https:\/\/awero.ee\/de\/toode\/aussenofen-fuer-badefaesser\/#breadcrumb","itemListElement":[{"@type":"ListItem","position":1,"name":"Home","item":"https:\/\/awero.ee\/de\/startseite\/"},{"@type":"ListItem","position":2,"name":"Pood","item":"https:\/\/awero.ee\/pood\/"},{"@type":"ListItem","position":3,"name":"Au\u00dfenofen f\u00fcr Badef\u00e4sser"}]},{"@type":"WebSite","@id":"https:\/\/awero.ee\/de\/#website","url":"https:\/\/awero.ee\/de\/","name":"Awero - S\u00fcdamega L\u00f5una Eestist","description":"","publisher":{"@id":"https:\/\/awero.ee\/de\/#organization"},"potentialAction":[{"@type":"SearchAction","target":{"@type":"EntryPoint","urlTemplate":"https:\/\/awero.ee\/de\/?s={search_term_string}"},"query-input":{"@type":"PropertyValueSpecification","valueRequired":true,"valueName":"search_term_string"}}],"inLanguage":"de"},{"@type":"Organization","@id":"https:\/\/awero.ee\/de\/#organization","name":"Awero - S\u00fcdamega L\u00f5una Eestist","url":"https:\/\/awero.ee\/de\/","logo":{"@type":"ImageObject","inLanguage":"de","@id":"https:\/\/awero.ee\/de\/#\/schema\/logo\/image\/","url":"https:\/\/awero.ee\/wp-content\/uploads\/2024\/07\/aweroplaceholder.jpg","contentUrl":"https:\/\/awero.ee\/wp-content\/uploads\/2024\/07\/aweroplaceholder.jpg","width":1250,"height":834,"caption":"Awero - S\u00fcdamega L\u00f5una Eestist"},"image":{"@id":"https:\/\/awero.ee\/de\/#\/schema\/logo\/image\/"}}]}},"_links":{"self":[{"href":"https:\/\/awero.ee\/de\/wp-json\/wp\/v2\/product\/13434","targetHints":{"allow":["GET"]}}],"collection":[{"href":"https:\/\/awero.ee\/de\/wp-json\/wp\/v2\/product"}],"about":[{"href":"https:\/\/awero.ee\/de\/wp-json\/wp\/v2\/types\/product"}],"wp:featuredmedia":[{"embeddable":true,"href":"https:\/\/awero.ee\/de\/wp-json\/wp\/v2\/media\/3150"}],"wp:attachment":[{"href":"https:\/\/awero.ee\/de\/wp-json\/wp\/v2\/media?parent=13434"}],"wp:term":[{"taxonomy":"product_brand","embeddable":true,"href":"https:\/\/awero.ee\/de\/wp-json\/wp\/v2\/product_brand?post=13434"},{"taxonomy":"product_cat","embeddable":true,"href":"https:\/\/awero.ee\/de\/wp-json\/wp\/v2\/product_cat?post=13434"},{"taxonomy":"product_tag","embeddable":true,"href":"https:\/\/awero.ee\/de\/wp-json\/wp\/v2\/product_tag?post=13434"}],"curies":[{"name":"wp","href":"https:\/\/api.w.org\/{rel}","templated":true}]}}