{"id":12781,"date":"2025-03-01T06:41:20","date_gmt":"2025-03-01T06:41:20","guid":{"rendered":"https:\/\/awero.ee\/toode\/elektroheizelement-3-kw\/"},"modified":"2026-03-10T07:58:56","modified_gmt":"2026-03-10T07:58:56","slug":"elektroheizelement-3-kw","status":"publish","type":"product","link":"https:\/\/awero.ee\/de\/toode\/elektroheizelement-3-kw\/","title":{"rendered":"Elektroheizelement 3 kW"},"content":{"rendered":"<p><strong data-start=\"641\" data-end=\"663\">Haupteigenschaften:<\/strong><\/p>\n<ul>\n<li>Leistung: 3 kW<\/li>\n<li>Stromaufnahme: 12 A<\/li>\n<li>Stromversorgung: einphasig (230 V)<\/li>\n<li>Zum Erw\u00e4rmen des Wassers im Badezuber vorgesehen<\/li>\n<li>Funktioniert nur in Verbindung mit einem Filtersystem<\/li>\n<li>Das Heizelement verf\u00fcgt \u00fcber keine integrierte Umw\u00e4lzung<\/li>\n<li>Effiziente und energiesparende L\u00f6sung<\/li>\n<\/ul>\n","protected":false},"excerpt":{"rendered":"<p data-start=\"143\" data-end=\"417\">Das 3-kW-Elektroheizelement ist eine zuverl\u00e4ssige und effiziente L\u00f6sung zur Erw\u00e4rmung des Wassers im Badezuber. Das Ger\u00e4t ist f\u00fcr den Betrieb in Kombination mit einem <strong data-start=\"280\" data-end=\"309\"><a href=\"https:\/\/awero.ee\/toode\/filtripallidega-vee-filtreerimissusteem\/\">Filtersystem<\/a><\/strong> vorgesehen, da das Heizelement keine eigene Umw\u00e4lzung besitzt \u2013 der Wasserdurchfluss durch das Heizelement erfolgt \u00fcber das Filtersystem. <\/p>\n<p data-start=\"419\" data-end=\"639\">Die Elektroheizung gew\u00e4hrleistet eine stabile und gleichm\u00e4\u00dfige Erw\u00e4rmung und eignet sich sowohl f\u00fcr den saisonalen als auch f\u00fcr den regelm\u00e4\u00dfigen Gebrauch. Dank des einphasigen Anschlusses ist die Installation einfach und f\u00fcr ein herk\u00f6mmliches Haushaltsstromnetz geeignet. <\/p>\n","protected":false},"featured_media":12782,"template":"","meta":{"_acf_changed":false},"product_brand":[],"product_cat":[15],"product_tag":[],"class_list":{"0":"post-12781","1":"product","2":"type-product","3":"status-publish","4":"has-post-thumbnail","6":"product_cat-maaramata","8":"first","9":"instock","10":"shipping-taxable","11":"product-type-simple"},"acf":[],"yoast_head":"<!-- This site is optimized with the Yoast SEO plugin v26.8 - https:\/\/yoast.com\/product\/yoast-seo-wordpress\/ -->\n<title>Elektroheizelement 3 kW - Awero - S\u00fcdamega L\u00f5una-Eestist<\/title>\n<meta name=\"robots\" content=\"index, follow, max-snippet:-1, max-image-preview:large, max-video-preview:-1\" \/>\n<link rel=\"canonical\" href=\"https:\/\/awero.ee\/de\/toode\/elektroheizelement-3-kw\/\" \/>\n<meta property=\"og:locale\" content=\"de_DE\" \/>\n<meta property=\"og:type\" content=\"article\" \/>\n<meta property=\"og:title\" content=\"Elektroheizelement 3 kW - Awero - S\u00fcdamega L\u00f5una-Eestist\" \/>\n<meta property=\"og:description\" content=\"Das 3-kW-Elektroheizelement ist eine zuverl\u00e4ssige und effiziente L\u00f6sung zur Erw\u00e4rmung des Wassers im Badezuber. Das Ger\u00e4t ist f\u00fcr den Betrieb in Kombination mit einem Filtersystem vorgesehen, da das Heizelement keine eigene Umw\u00e4lzung besitzt \u2013 der Wasserdurchfluss durch das Heizelement erfolgt \u00fcber das Filtersystem. Die Elektroheizung gew\u00e4hrleistet eine stabile und gleichm\u00e4\u00dfige Erw\u00e4rmung und eignet sich sowohl f\u00fcr den saisonalen als auch f\u00fcr den regelm\u00e4\u00dfigen Gebrauch. Dank des einphasigen Anschlusses ist die Installation einfach und f\u00fcr ein herk\u00f6mmliches Haushaltsstromnetz geeignet.\" \/>\n<meta property=\"og:url\" content=\"https:\/\/awero.ee\/de\/toode\/elektroheizelement-3-kw\/\" \/>\n<meta property=\"og:site_name\" content=\"Awero - S\u00fcdamega L\u00f5una-Eestist\" \/>\n<meta property=\"article:modified_time\" content=\"2026-03-10T07:58:56+00:00\" \/>\n<meta property=\"og:image\" content=\"https:\/\/awero.ee\/wp-content\/uploads\/2025\/03\/Elektrikutte-element-3kW.png\" \/>\n\t<meta property=\"og:image:width\" content=\"700\" \/>\n\t<meta property=\"og:image:height\" content=\"700\" \/>\n\t<meta property=\"og:image:type\" content=\"image\/png\" \/>\n<meta name=\"twitter:card\" content=\"summary_large_image\" \/>\n<script type=\"application\/ld+json\" class=\"yoast-schema-graph\">{\"@context\":\"https:\/\/schema.org\",\"@graph\":[{\"@type\":\"WebPage\",\"@id\":\"https:\/\/awero.ee\/de\/toode\/elektroheizelement-3-kw\/\",\"url\":\"https:\/\/awero.ee\/de\/toode\/elektroheizelement-3-kw\/\",\"name\":\"Elektroheizelement 3 kW - Awero - S\u00fcdamega L\u00f5una-Eestist\",\"isPartOf\":{\"@id\":\"https:\/\/awero.ee\/de\/#website\"},\"primaryImageOfPage\":{\"@id\":\"https:\/\/awero.ee\/de\/toode\/elektroheizelement-3-kw\/#primaryimage\"},\"image\":{\"@id\":\"https:\/\/awero.ee\/de\/toode\/elektroheizelement-3-kw\/#primaryimage\"},\"thumbnailUrl\":\"https:\/\/awero.ee\/wp-content\/uploads\/2025\/03\/Elektrikutte-element-3kW.png\",\"datePublished\":\"2025-03-01T06:41:20+00:00\",\"dateModified\":\"2026-03-10T07:58:56+00:00\",\"breadcrumb\":{\"@id\":\"https:\/\/awero.ee\/de\/toode\/elektroheizelement-3-kw\/#breadcrumb\"},\"inLanguage\":\"de\",\"potentialAction\":[{\"@type\":\"ReadAction\",\"target\":[\"https:\/\/awero.ee\/de\/toode\/elektroheizelement-3-kw\/\"]}]},{\"@type\":\"ImageObject\",\"inLanguage\":\"de\",\"@id\":\"https:\/\/awero.ee\/de\/toode\/elektroheizelement-3-kw\/#primaryimage\",\"url\":\"https:\/\/awero.ee\/wp-content\/uploads\/2025\/03\/Elektrikutte-element-3kW.png\",\"contentUrl\":\"https:\/\/awero.ee\/wp-content\/uploads\/2025\/03\/Elektrikutte-element-3kW.png\",\"width\":700,\"height\":700},{\"@type\":\"BreadcrumbList\",\"@id\":\"https:\/\/awero.ee\/de\/toode\/elektroheizelement-3-kw\/#breadcrumb\",\"itemListElement\":[{\"@type\":\"ListItem\",\"position\":1,\"name\":\"Home\",\"item\":\"https:\/\/awero.ee\/de\/startseite\/\"},{\"@type\":\"ListItem\",\"position\":2,\"name\":\"Pood\",\"item\":\"https:\/\/awero.ee\/pood\/\"},{\"@type\":\"ListItem\",\"position\":3,\"name\":\"Elektroheizelement 3 kW\"}]},{\"@type\":\"WebSite\",\"@id\":\"https:\/\/awero.ee\/de\/#website\",\"url\":\"https:\/\/awero.ee\/de\/\",\"name\":\"Awero - S\u00fcdamega L\u00f5una Eestist\",\"description\":\"\",\"publisher\":{\"@id\":\"https:\/\/awero.ee\/de\/#organization\"},\"potentialAction\":[{\"@type\":\"SearchAction\",\"target\":{\"@type\":\"EntryPoint\",\"urlTemplate\":\"https:\/\/awero.ee\/de\/?s={search_term_string}\"},\"query-input\":{\"@type\":\"PropertyValueSpecification\",\"valueRequired\":true,\"valueName\":\"search_term_string\"}}],\"inLanguage\":\"de\"},{\"@type\":\"Organization\",\"@id\":\"https:\/\/awero.ee\/de\/#organization\",\"name\":\"Awero - S\u00fcdamega L\u00f5una Eestist\",\"url\":\"https:\/\/awero.ee\/de\/\",\"logo\":{\"@type\":\"ImageObject\",\"inLanguage\":\"de\",\"@id\":\"https:\/\/awero.ee\/de\/#\/schema\/logo\/image\/\",\"url\":\"https:\/\/awero.ee\/wp-content\/uploads\/2024\/07\/aweroplaceholder.jpg\",\"contentUrl\":\"https:\/\/awero.ee\/wp-content\/uploads\/2024\/07\/aweroplaceholder.jpg\",\"width\":1250,\"height\":834,\"caption\":\"Awero - S\u00fcdamega L\u00f5una Eestist\"},\"image\":{\"@id\":\"https:\/\/awero.ee\/de\/#\/schema\/logo\/image\/\"}}]}<\/script>\n<!-- \/ Yoast SEO plugin. -->","yoast_head_json":{"title":"Elektroheizelement 3 kW - Awero - S\u00fcdamega L\u00f5una-Eestist","robots":{"index":"index","follow":"follow","max-snippet":"max-snippet:-1","max-image-preview":"max-image-preview:large","max-video-preview":"max-video-preview:-1"},"canonical":"https:\/\/awero.ee\/de\/toode\/elektroheizelement-3-kw\/","og_locale":"de_DE","og_type":"article","og_title":"Elektroheizelement 3 kW - Awero - S\u00fcdamega L\u00f5una-Eestist","og_description":"Das 3-kW-Elektroheizelement ist eine zuverl\u00e4ssige und effiziente L\u00f6sung zur Erw\u00e4rmung des Wassers im Badezuber. Das Ger\u00e4t ist f\u00fcr den Betrieb in Kombination mit einem Filtersystem vorgesehen, da das Heizelement keine eigene Umw\u00e4lzung besitzt \u2013 der Wasserdurchfluss durch das Heizelement erfolgt \u00fcber das Filtersystem. Die Elektroheizung gew\u00e4hrleistet eine stabile und gleichm\u00e4\u00dfige Erw\u00e4rmung und eignet sich sowohl f\u00fcr den saisonalen als auch f\u00fcr den regelm\u00e4\u00dfigen Gebrauch. Dank des einphasigen Anschlusses ist die Installation einfach und f\u00fcr ein herk\u00f6mmliches Haushaltsstromnetz geeignet.","og_url":"https:\/\/awero.ee\/de\/toode\/elektroheizelement-3-kw\/","og_site_name":"Awero - S\u00fcdamega L\u00f5una-Eestist","article_modified_time":"2026-03-10T07:58:56+00:00","og_image":[{"width":700,"height":700,"url":"https:\/\/awero.ee\/wp-content\/uploads\/2025\/03\/Elektrikutte-element-3kW.png","type":"image\/png"}],"twitter_card":"summary_large_image","schema":{"@context":"https:\/\/schema.org","@graph":[{"@type":"WebPage","@id":"https:\/\/awero.ee\/de\/toode\/elektroheizelement-3-kw\/","url":"https:\/\/awero.ee\/de\/toode\/elektroheizelement-3-kw\/","name":"Elektroheizelement 3 kW - Awero - S\u00fcdamega L\u00f5una-Eestist","isPartOf":{"@id":"https:\/\/awero.ee\/de\/#website"},"primaryImageOfPage":{"@id":"https:\/\/awero.ee\/de\/toode\/elektroheizelement-3-kw\/#primaryimage"},"image":{"@id":"https:\/\/awero.ee\/de\/toode\/elektroheizelement-3-kw\/#primaryimage"},"thumbnailUrl":"https:\/\/awero.ee\/wp-content\/uploads\/2025\/03\/Elektrikutte-element-3kW.png","datePublished":"2025-03-01T06:41:20+00:00","dateModified":"2026-03-10T07:58:56+00:00","breadcrumb":{"@id":"https:\/\/awero.ee\/de\/toode\/elektroheizelement-3-kw\/#breadcrumb"},"inLanguage":"de","potentialAction":[{"@type":"ReadAction","target":["https:\/\/awero.ee\/de\/toode\/elektroheizelement-3-kw\/"]}]},{"@type":"ImageObject","inLanguage":"de","@id":"https:\/\/awero.ee\/de\/toode\/elektroheizelement-3-kw\/#primaryimage","url":"https:\/\/awero.ee\/wp-content\/uploads\/2025\/03\/Elektrikutte-element-3kW.png","contentUrl":"https:\/\/awero.ee\/wp-content\/uploads\/2025\/03\/Elektrikutte-element-3kW.png","width":700,"height":700},{"@type":"BreadcrumbList","@id":"https:\/\/awero.ee\/de\/toode\/elektroheizelement-3-kw\/#breadcrumb","itemListElement":[{"@type":"ListItem","position":1,"name":"Home","item":"https:\/\/awero.ee\/de\/startseite\/"},{"@type":"ListItem","position":2,"name":"Pood","item":"https:\/\/awero.ee\/pood\/"},{"@type":"ListItem","position":3,"name":"Elektroheizelement 3 kW"}]},{"@type":"WebSite","@id":"https:\/\/awero.ee\/de\/#website","url":"https:\/\/awero.ee\/de\/","name":"Awero - S\u00fcdamega L\u00f5una Eestist","description":"","publisher":{"@id":"https:\/\/awero.ee\/de\/#organization"},"potentialAction":[{"@type":"SearchAction","target":{"@type":"EntryPoint","urlTemplate":"https:\/\/awero.ee\/de\/?s={search_term_string}"},"query-input":{"@type":"PropertyValueSpecification","valueRequired":true,"valueName":"search_term_string"}}],"inLanguage":"de"},{"@type":"Organization","@id":"https:\/\/awero.ee\/de\/#organization","name":"Awero - S\u00fcdamega L\u00f5una Eestist","url":"https:\/\/awero.ee\/de\/","logo":{"@type":"ImageObject","inLanguage":"de","@id":"https:\/\/awero.ee\/de\/#\/schema\/logo\/image\/","url":"https:\/\/awero.ee\/wp-content\/uploads\/2024\/07\/aweroplaceholder.jpg","contentUrl":"https:\/\/awero.ee\/wp-content\/uploads\/2024\/07\/aweroplaceholder.jpg","width":1250,"height":834,"caption":"Awero - S\u00fcdamega L\u00f5una Eestist"},"image":{"@id":"https:\/\/awero.ee\/de\/#\/schema\/logo\/image\/"}}]}},"_links":{"self":[{"href":"https:\/\/awero.ee\/de\/wp-json\/wp\/v2\/product\/12781","targetHints":{"allow":["GET"]}}],"collection":[{"href":"https:\/\/awero.ee\/de\/wp-json\/wp\/v2\/product"}],"about":[{"href":"https:\/\/awero.ee\/de\/wp-json\/wp\/v2\/types\/product"}],"wp:featuredmedia":[{"embeddable":true,"href":"https:\/\/awero.ee\/de\/wp-json\/wp\/v2\/media\/12782"}],"wp:attachment":[{"href":"https:\/\/awero.ee\/de\/wp-json\/wp\/v2\/media?parent=12781"}],"wp:term":[{"taxonomy":"product_brand","embeddable":true,"href":"https:\/\/awero.ee\/de\/wp-json\/wp\/v2\/product_brand?post=12781"},{"taxonomy":"product_cat","embeddable":true,"href":"https:\/\/awero.ee\/de\/wp-json\/wp\/v2\/product_cat?post=12781"},{"taxonomy":"product_tag","embeddable":true,"href":"https:\/\/awero.ee\/de\/wp-json\/wp\/v2\/product_tag?post=12781"}],"curies":[{"name":"wp","href":"https:\/\/api.w.org\/{rel}","templated":true}]}}