{"id":12718,"date":"2026-02-13T08:06:24","date_gmt":"2026-02-13T08:06:24","guid":{"rendered":"https:\/\/awero.ee\/toode\/balboa-elektroheizungs-set-3-kw\/"},"modified":"2026-04-01T12:31:35","modified_gmt":"2026-04-01T12:31:35","slug":"balboa-elektroheizungs-set-3-kw","status":"publish","type":"product","link":"https:\/\/awero.ee\/de\/toode\/balboa-elektroheizungs-set-3-kw\/","title":{"rendered":"Balboa Elektroheizungs-Set 3 kW<br><br>"},"content":{"rendered":"<h4 data-start=\"128\" data-end=\"186\"><\/h4>\n<h4 data-start=\"128\" data-end=\"186\"><strong data-start=\"128\" data-end=\"184\">Elektrischer Heizk\u00f6rper (Balboa BP200):<br \/><\/strong><\/h4>\n<ul data-start=\"187\" data-end=\"511\">\n<li data-start=\"187\" data-end=\"223\">\n<p data-start=\"189\" data-end=\"223\">Versorgungsspannung: 230 V AC \/ 50 Hz<\/p>\n<\/li>\n<li data-start=\"224\" data-end=\"252\">\n<p data-start=\"226\" data-end=\"252\">Heizleistung: 3,0 kW<\/p>\n<\/li>\n<li data-start=\"253\" data-end=\"283\">\n<p data-start=\"255\" data-end=\"283\">Betriebsstrom: ca. 11\u201313 A<\/p>\n<\/li>\n<li data-start=\"284\" data-end=\"357\">\n<p data-start=\"286\" data-end=\"357\">Material des Heizelements: Incoloy (rostfrei und korrosionsbest\u00e4ndig)<\/p>\n<\/li>\n<li data-start=\"358\" data-end=\"452\">\n<p data-start=\"360\" data-end=\"452\">Temperatursensoren: patentierte M7-Sensoren (sichere und pr\u00e4zise Temperaturregelung)<\/p>\n<\/li>\n<li data-start=\"453\" data-end=\"511\">\n<p data-start=\"455\" data-end=\"511\">Anschluss: 2-Zoll-Rohrleitung<\/p>\n<\/li>\n<\/ul>\n<h4 data-start=\"125\" data-end=\"195\"><strong data-start=\"125\" data-end=\"193\">Umw\u00e4lzpumpe (Balboa Koller 0,27 HP):<br \/><\/strong><\/h4>\n<ul data-start=\"196\" data-end=\"305\">\n<li data-start=\"196\" data-end=\"228\">\n<p data-start=\"198\" data-end=\"228\">Leistung: 200 W (0,27 HP)<\/p>\n<\/li>\n<li data-start=\"229\" data-end=\"264\">\n<p data-start=\"231\" data-end=\"264\">Drehzahl: 2800 U\/min<\/p>\n<\/li>\n<li data-start=\"265\" data-end=\"305\">\n<p data-start=\"267\" data-end=\"305\">Maximaler Wasserdurchfluss: 114 L\/min<\/p>\n<\/li>\n<\/ul>\n","protected":false},"excerpt":{"rendered":"<p data-start=\"240\" data-end=\"428\">Machen Sie die Nutzung Ihres Badezubers noch komfortabler und moderner! Das Elektroheizungs-Set erm\u00f6glicht das automatische und bequeme Erw\u00e4rmen des Wassers sowie das Halten der Temperatur \u2013 auch aus der Ferne. <\/p>\n<p data-start=\"430\" data-end=\"571\">Das Set eignet sich ideal als Zusatzausstattung oder als Hauptheizquelle f\u00fcr Badezuber und bietet eine stabile sowie energieeffiziente L\u00f6sung zur Regulierung der Wassertemperatur.<\/p>\n<h4 data-start=\"573\" data-end=\"595\">Das Set beinhaltet:<\/h4>\n<ul data-start=\"596\" data-end=\"883\">\n<li data-start=\"596\" data-end=\"682\">\n<p data-start=\"598\" data-end=\"682\">Umw\u00e4lzpumpe \u2013 sorgt f\u00fcr eine kontinuierliche Wasserzirkulation durch den Elektroheizer, da der Heizer selbst keine integrierte Zirkulation besitzt. Dies gew\u00e4hrleistet eine gleichm\u00e4\u00dfige W\u00e4rmeverteilung und eine effiziente Wassererw\u00e4rmung. <\/p>\n<\/li>\n<li data-start=\"683\" data-end=\"750\">\n<p data-start=\"685\" data-end=\"750\">3 kW Elektroheizer \u2013 sorgt f\u00fcr eine gleichm\u00e4\u00dfige und kontrollierte Erw\u00e4rmung des Wassers und h\u00e4lt die gew\u00fcnschte Temperatur konstant.<\/p>\n<\/li>\n<li data-start=\"751\" data-end=\"813\">\n<p data-start=\"753\" data-end=\"813\">WiFi-Modul \u2013 erm\u00f6glicht die Steuerung \u00fcber ein Smartger\u00e4t.<\/p>\n<\/li>\n<li data-start=\"814\" data-end=\"883\">\n<p data-start=\"816\" data-end=\"883\">Bedienfeld \u2013 Steuerungsl\u00f6sung, \u00fcber die die Temperatur eingestellt sowie das Sprudelsystem und die LED-Beleuchtung gesteuert werden k\u00f6nnen.<\/p>\n<\/li>\n<\/ul>\n<p>&nbsp;<\/p>\n","protected":false},"featured_media":12719,"template":"","meta":{"_acf_changed":false},"product_brand":[],"product_cat":[1681,15],"product_tag":[],"class_list":{"0":"post-12718","1":"product","2":"type-product","3":"status-publish","4":"has-post-thumbnail","6":"product_cat-zusatzausstattungen","7":"product_cat-maaramata","9":"first","10":"instock","11":"shipping-taxable","12":"product-type-simple"},"acf":[],"yoast_head":"<!-- This site is optimized with the Yoast SEO plugin v26.8 - https:\/\/yoast.com\/product\/yoast-seo-wordpress\/ -->\n<title>Balboa Elektroheizungs-Set 3 kW - Awero - S\u00fcdamega L\u00f5una-Eestist<\/title>\n<meta name=\"robots\" content=\"index, follow, max-snippet:-1, max-image-preview:large, max-video-preview:-1\" \/>\n<link rel=\"canonical\" href=\"https:\/\/awero.ee\/de\/toode\/balboa-elektroheizungs-set-3-kw\/\" \/>\n<meta property=\"og:locale\" content=\"de_DE\" \/>\n<meta property=\"og:type\" content=\"article\" \/>\n<meta property=\"og:title\" content=\"Balboa Elektroheizungs-Set 3 kW - Awero - S\u00fcdamega L\u00f5una-Eestist\" \/>\n<meta property=\"og:description\" content=\"Machen Sie die Nutzung Ihres Badezubers noch komfortabler und moderner! Das Elektroheizungs-Set erm\u00f6glicht das automatische und bequeme Erw\u00e4rmen des Wassers sowie das Halten der Temperatur \u2013 auch aus der Ferne. Das Set eignet sich ideal als Zusatzausstattung oder als Hauptheizquelle f\u00fcr Badezuber und bietet eine stabile sowie energieeffiziente L\u00f6sung zur Regulierung der Wassertemperatur. Das Set beinhaltet:   Umw\u00e4lzpumpe \u2013 sorgt f\u00fcr eine kontinuierliche Wasserzirkulation durch den Elektroheizer, da der Heizer selbst keine integrierte Zirkulation besitzt. Dies gew\u00e4hrleistet eine gleichm\u00e4\u00dfige W\u00e4rmeverteilung und eine effiziente Wassererw\u00e4rmung.   3 kW Elektroheizer \u2013 sorgt f\u00fcr eine gleichm\u00e4\u00dfige und kontrollierte Erw\u00e4rmung des Wassers und h\u00e4lt die gew\u00fcnschte Temperatur konstant.   WiFi-Modul \u2013 erm\u00f6glicht die Steuerung \u00fcber ein Smartger\u00e4t.   Bedienfeld \u2013 Steuerungsl\u00f6sung, \u00fcber die die Temperatur eingestellt sowie das Sprudelsystem und die LED-Beleuchtung gesteuert werden k\u00f6nnen.  &nbsp;\" \/>\n<meta property=\"og:url\" content=\"https:\/\/awero.ee\/de\/toode\/balboa-elektroheizungs-set-3-kw\/\" \/>\n<meta property=\"og:site_name\" content=\"Awero - S\u00fcdamega L\u00f5una-Eestist\" \/>\n<meta property=\"article:modified_time\" content=\"2026-04-01T12:31:35+00:00\" \/>\n<meta property=\"og:image\" content=\"https:\/\/awero.ee\/wp-content\/uploads\/2026\/02\/Elektrikute-Balboa-canva.png\" \/>\n\t<meta property=\"og:image:width\" content=\"971\" \/>\n\t<meta property=\"og:image:height\" content=\"582\" \/>\n\t<meta property=\"og:image:type\" content=\"image\/png\" \/>\n<meta name=\"twitter:card\" content=\"summary_large_image\" \/>\n<script type=\"application\/ld+json\" class=\"yoast-schema-graph\">{\"@context\":\"https:\/\/schema.org\",\"@graph\":[{\"@type\":\"WebPage\",\"@id\":\"https:\/\/awero.ee\/de\/toode\/balboa-elektroheizungs-set-3-kw\/\",\"url\":\"https:\/\/awero.ee\/de\/toode\/balboa-elektroheizungs-set-3-kw\/\",\"name\":\"Balboa Elektroheizungs-Set 3 kW - Awero - S\u00fcdamega L\u00f5una-Eestist\",\"isPartOf\":{\"@id\":\"https:\/\/awero.ee\/de\/#website\"},\"primaryImageOfPage\":{\"@id\":\"https:\/\/awero.ee\/de\/toode\/balboa-elektroheizungs-set-3-kw\/#primaryimage\"},\"image\":{\"@id\":\"https:\/\/awero.ee\/de\/toode\/balboa-elektroheizungs-set-3-kw\/#primaryimage\"},\"thumbnailUrl\":\"https:\/\/awero.ee\/wp-content\/uploads\/2026\/02\/Elektrikute-Balboa-canva.png\",\"datePublished\":\"2026-02-13T08:06:24+00:00\",\"dateModified\":\"2026-04-01T12:31:35+00:00\",\"breadcrumb\":{\"@id\":\"https:\/\/awero.ee\/de\/toode\/balboa-elektroheizungs-set-3-kw\/#breadcrumb\"},\"inLanguage\":\"de\",\"potentialAction\":[{\"@type\":\"ReadAction\",\"target\":[\"https:\/\/awero.ee\/de\/toode\/balboa-elektroheizungs-set-3-kw\/\"]}]},{\"@type\":\"ImageObject\",\"inLanguage\":\"de\",\"@id\":\"https:\/\/awero.ee\/de\/toode\/balboa-elektroheizungs-set-3-kw\/#primaryimage\",\"url\":\"https:\/\/awero.ee\/wp-content\/uploads\/2026\/02\/Elektrikute-Balboa-canva.png\",\"contentUrl\":\"https:\/\/awero.ee\/wp-content\/uploads\/2026\/02\/Elektrikute-Balboa-canva.png\",\"width\":971,\"height\":582},{\"@type\":\"BreadcrumbList\",\"@id\":\"https:\/\/awero.ee\/de\/toode\/balboa-elektroheizungs-set-3-kw\/#breadcrumb\",\"itemListElement\":[{\"@type\":\"ListItem\",\"position\":1,\"name\":\"Home\",\"item\":\"https:\/\/awero.ee\/de\/startseite\/\"},{\"@type\":\"ListItem\",\"position\":2,\"name\":\"Pood\",\"item\":\"https:\/\/awero.ee\/pood\/\"},{\"@type\":\"ListItem\",\"position\":3,\"name\":\"Balboa Elektroheizungs-Set 3 kW\"}]},{\"@type\":\"WebSite\",\"@id\":\"https:\/\/awero.ee\/de\/#website\",\"url\":\"https:\/\/awero.ee\/de\/\",\"name\":\"Awero - S\u00fcdamega L\u00f5una Eestist\",\"description\":\"\",\"publisher\":{\"@id\":\"https:\/\/awero.ee\/de\/#organization\"},\"potentialAction\":[{\"@type\":\"SearchAction\",\"target\":{\"@type\":\"EntryPoint\",\"urlTemplate\":\"https:\/\/awero.ee\/de\/?s={search_term_string}\"},\"query-input\":{\"@type\":\"PropertyValueSpecification\",\"valueRequired\":true,\"valueName\":\"search_term_string\"}}],\"inLanguage\":\"de\"},{\"@type\":\"Organization\",\"@id\":\"https:\/\/awero.ee\/de\/#organization\",\"name\":\"Awero - S\u00fcdamega L\u00f5una Eestist\",\"url\":\"https:\/\/awero.ee\/de\/\",\"logo\":{\"@type\":\"ImageObject\",\"inLanguage\":\"de\",\"@id\":\"https:\/\/awero.ee\/de\/#\/schema\/logo\/image\/\",\"url\":\"https:\/\/awero.ee\/wp-content\/uploads\/2024\/07\/aweroplaceholder.jpg\",\"contentUrl\":\"https:\/\/awero.ee\/wp-content\/uploads\/2024\/07\/aweroplaceholder.jpg\",\"width\":1250,\"height\":834,\"caption\":\"Awero - S\u00fcdamega L\u00f5una Eestist\"},\"image\":{\"@id\":\"https:\/\/awero.ee\/de\/#\/schema\/logo\/image\/\"}}]}<\/script>\n<!-- \/ Yoast SEO plugin. -->","yoast_head_json":{"title":"Balboa Elektroheizungs-Set 3 kW - Awero - S\u00fcdamega L\u00f5una-Eestist","robots":{"index":"index","follow":"follow","max-snippet":"max-snippet:-1","max-image-preview":"max-image-preview:large","max-video-preview":"max-video-preview:-1"},"canonical":"https:\/\/awero.ee\/de\/toode\/balboa-elektroheizungs-set-3-kw\/","og_locale":"de_DE","og_type":"article","og_title":"Balboa Elektroheizungs-Set 3 kW - Awero - S\u00fcdamega L\u00f5una-Eestist","og_description":"Machen Sie die Nutzung Ihres Badezubers noch komfortabler und moderner! Das Elektroheizungs-Set erm\u00f6glicht das automatische und bequeme Erw\u00e4rmen des Wassers sowie das Halten der Temperatur \u2013 auch aus der Ferne. Das Set eignet sich ideal als Zusatzausstattung oder als Hauptheizquelle f\u00fcr Badezuber und bietet eine stabile sowie energieeffiziente L\u00f6sung zur Regulierung der Wassertemperatur. Das Set beinhaltet:   Umw\u00e4lzpumpe \u2013 sorgt f\u00fcr eine kontinuierliche Wasserzirkulation durch den Elektroheizer, da der Heizer selbst keine integrierte Zirkulation besitzt. Dies gew\u00e4hrleistet eine gleichm\u00e4\u00dfige W\u00e4rmeverteilung und eine effiziente Wassererw\u00e4rmung.   3 kW Elektroheizer \u2013 sorgt f\u00fcr eine gleichm\u00e4\u00dfige und kontrollierte Erw\u00e4rmung des Wassers und h\u00e4lt die gew\u00fcnschte Temperatur konstant.   WiFi-Modul \u2013 erm\u00f6glicht die Steuerung \u00fcber ein Smartger\u00e4t.   Bedienfeld \u2013 Steuerungsl\u00f6sung, \u00fcber die die Temperatur eingestellt sowie das Sprudelsystem und die LED-Beleuchtung gesteuert werden k\u00f6nnen.  &nbsp;","og_url":"https:\/\/awero.ee\/de\/toode\/balboa-elektroheizungs-set-3-kw\/","og_site_name":"Awero - S\u00fcdamega L\u00f5una-Eestist","article_modified_time":"2026-04-01T12:31:35+00:00","og_image":[{"width":971,"height":582,"url":"https:\/\/awero.ee\/wp-content\/uploads\/2026\/02\/Elektrikute-Balboa-canva.png","type":"image\/png"}],"twitter_card":"summary_large_image","schema":{"@context":"https:\/\/schema.org","@graph":[{"@type":"WebPage","@id":"https:\/\/awero.ee\/de\/toode\/balboa-elektroheizungs-set-3-kw\/","url":"https:\/\/awero.ee\/de\/toode\/balboa-elektroheizungs-set-3-kw\/","name":"Balboa Elektroheizungs-Set 3 kW - Awero - S\u00fcdamega L\u00f5una-Eestist","isPartOf":{"@id":"https:\/\/awero.ee\/de\/#website"},"primaryImageOfPage":{"@id":"https:\/\/awero.ee\/de\/toode\/balboa-elektroheizungs-set-3-kw\/#primaryimage"},"image":{"@id":"https:\/\/awero.ee\/de\/toode\/balboa-elektroheizungs-set-3-kw\/#primaryimage"},"thumbnailUrl":"https:\/\/awero.ee\/wp-content\/uploads\/2026\/02\/Elektrikute-Balboa-canva.png","datePublished":"2026-02-13T08:06:24+00:00","dateModified":"2026-04-01T12:31:35+00:00","breadcrumb":{"@id":"https:\/\/awero.ee\/de\/toode\/balboa-elektroheizungs-set-3-kw\/#breadcrumb"},"inLanguage":"de","potentialAction":[{"@type":"ReadAction","target":["https:\/\/awero.ee\/de\/toode\/balboa-elektroheizungs-set-3-kw\/"]}]},{"@type":"ImageObject","inLanguage":"de","@id":"https:\/\/awero.ee\/de\/toode\/balboa-elektroheizungs-set-3-kw\/#primaryimage","url":"https:\/\/awero.ee\/wp-content\/uploads\/2026\/02\/Elektrikute-Balboa-canva.png","contentUrl":"https:\/\/awero.ee\/wp-content\/uploads\/2026\/02\/Elektrikute-Balboa-canva.png","width":971,"height":582},{"@type":"BreadcrumbList","@id":"https:\/\/awero.ee\/de\/toode\/balboa-elektroheizungs-set-3-kw\/#breadcrumb","itemListElement":[{"@type":"ListItem","position":1,"name":"Home","item":"https:\/\/awero.ee\/de\/startseite\/"},{"@type":"ListItem","position":2,"name":"Pood","item":"https:\/\/awero.ee\/pood\/"},{"@type":"ListItem","position":3,"name":"Balboa Elektroheizungs-Set 3 kW"}]},{"@type":"WebSite","@id":"https:\/\/awero.ee\/de\/#website","url":"https:\/\/awero.ee\/de\/","name":"Awero - S\u00fcdamega L\u00f5una Eestist","description":"","publisher":{"@id":"https:\/\/awero.ee\/de\/#organization"},"potentialAction":[{"@type":"SearchAction","target":{"@type":"EntryPoint","urlTemplate":"https:\/\/awero.ee\/de\/?s={search_term_string}"},"query-input":{"@type":"PropertyValueSpecification","valueRequired":true,"valueName":"search_term_string"}}],"inLanguage":"de"},{"@type":"Organization","@id":"https:\/\/awero.ee\/de\/#organization","name":"Awero - S\u00fcdamega L\u00f5una Eestist","url":"https:\/\/awero.ee\/de\/","logo":{"@type":"ImageObject","inLanguage":"de","@id":"https:\/\/awero.ee\/de\/#\/schema\/logo\/image\/","url":"https:\/\/awero.ee\/wp-content\/uploads\/2024\/07\/aweroplaceholder.jpg","contentUrl":"https:\/\/awero.ee\/wp-content\/uploads\/2024\/07\/aweroplaceholder.jpg","width":1250,"height":834,"caption":"Awero - S\u00fcdamega L\u00f5una Eestist"},"image":{"@id":"https:\/\/awero.ee\/de\/#\/schema\/logo\/image\/"}}]}},"_links":{"self":[{"href":"https:\/\/awero.ee\/de\/wp-json\/wp\/v2\/product\/12718","targetHints":{"allow":["GET"]}}],"collection":[{"href":"https:\/\/awero.ee\/de\/wp-json\/wp\/v2\/product"}],"about":[{"href":"https:\/\/awero.ee\/de\/wp-json\/wp\/v2\/types\/product"}],"wp:featuredmedia":[{"embeddable":true,"href":"https:\/\/awero.ee\/de\/wp-json\/wp\/v2\/media\/12719"}],"wp:attachment":[{"href":"https:\/\/awero.ee\/de\/wp-json\/wp\/v2\/media?parent=12718"}],"wp:term":[{"taxonomy":"product_brand","embeddable":true,"href":"https:\/\/awero.ee\/de\/wp-json\/wp\/v2\/product_brand?post=12718"},{"taxonomy":"product_cat","embeddable":true,"href":"https:\/\/awero.ee\/de\/wp-json\/wp\/v2\/product_cat?post=12718"},{"taxonomy":"product_tag","embeddable":true,"href":"https:\/\/awero.ee\/de\/wp-json\/wp\/v2\/product_tag?post=12718"}],"curies":[{"name":"wp","href":"https:\/\/api.w.org\/{rel}","templated":true}]}}