{"id":13403,"date":"2025-03-18T11:25:01","date_gmt":"2025-03-18T11:25:01","guid":{"rendered":"https:\/\/awero.ee\/blog\/"},"modified":"2025-03-18T11:25:01","modified_gmt":"2025-03-18T11:25:01","slug":"blog","status":"publish","type":"page","link":"https:\/\/awero.ee\/de\/blog\/","title":{"rendered":"Blog"},"content":{"rendered":"","protected":false},"excerpt":{"rendered":"","protected":false},"author":1,"featured_media":13402,"parent":0,"menu_order":0,"comment_status":"closed","ping_status":"closed","template":"page-blog.php","meta":{"_acf_changed":false,"footnotes":""},"class_list":["post-13403","page","type-page","status-publish","has-post-thumbnail","hentry"],"acf":[],"yoast_head":"<!-- This site is optimized with the Yoast SEO plugin v26.8 - https:\/\/yoast.com\/product\/yoast-seo-wordpress\/ -->\n<title>Awero \u2013 Mit Herz aus S\u00fcdestland \u2013 Blog<\/title>\n<meta name=\"description\" content=\"N\u00fctzliche Tipps, wie Sie Ihr Badefass immer angenehm warm und Ihre Eiswanne sch\u00f6n kalt halten. Genau so, wie es f\u00fcr das Vergn\u00fcgen n\u00f6tig ist!\" \/>\n<meta name=\"robots\" content=\"index, follow, max-snippet:-1, max-image-preview:large, max-video-preview:-1\" \/>\n<link rel=\"canonical\" href=\"https:\/\/awero.ee\/de\/blog\/\" \/>\n<meta property=\"og:locale\" content=\"de_DE\" \/>\n<meta property=\"og:type\" content=\"article\" \/>\n<meta property=\"og:title\" content=\"Awero \u2013 Mit Herz aus S\u00fcdestland \u2013 Blog\" \/>\n<meta property=\"og:description\" content=\"N\u00fctzliche Tipps, wie Sie Ihr Badefass immer angenehm warm und Ihre Eiswanne sch\u00f6n kalt halten. Genau so, wie es f\u00fcr das Vergn\u00fcgen n\u00f6tig ist!\" \/>\n<meta property=\"og:url\" content=\"https:\/\/awero.ee\/de\/blog\/\" \/>\n<meta property=\"og:site_name\" content=\"Awero - S\u00fcdamega L\u00f5una-Eestist\" \/>\n<meta property=\"og:image\" content=\"https:\/\/awero.ee\/wp-content\/uploads\/2025\/06\/square.png\" \/>\n\t<meta property=\"og:image:width\" content=\"1000\" \/>\n\t<meta property=\"og:image:height\" content=\"1000\" \/>\n\t<meta property=\"og:image:type\" content=\"image\/png\" \/>\n<meta name=\"twitter:card\" content=\"summary_large_image\" \/>\n<script type=\"application\/ld+json\" class=\"yoast-schema-graph\">{\"@context\":\"https:\/\/schema.org\",\"@graph\":[{\"@type\":\"WebPage\",\"@id\":\"https:\/\/awero.ee\/de\/blog\/\",\"url\":\"https:\/\/awero.ee\/de\/blog\/\",\"name\":\"Awero \u2013 Mit Herz aus S\u00fcdestland \u2013 Blog\",\"isPartOf\":{\"@id\":\"https:\/\/awero.ee\/de\/#website\"},\"primaryImageOfPage\":{\"@id\":\"https:\/\/awero.ee\/de\/blog\/#primaryimage\"},\"image\":{\"@id\":\"https:\/\/awero.ee\/de\/blog\/#primaryimage\"},\"thumbnailUrl\":\"https:\/\/awero.ee\/wp-content\/uploads\/2025\/06\/square.png\",\"datePublished\":\"2025-03-18T11:25:01+00:00\",\"description\":\"N\u00fctzliche Tipps, wie Sie Ihr Badefass immer angenehm warm und Ihre Eiswanne sch\u00f6n kalt halten. Genau so, wie es f\u00fcr das Vergn\u00fcgen n\u00f6tig ist!\",\"breadcrumb\":{\"@id\":\"https:\/\/awero.ee\/de\/blog\/#breadcrumb\"},\"inLanguage\":\"de\",\"potentialAction\":[{\"@type\":\"ReadAction\",\"target\":[\"https:\/\/awero.ee\/de\/blog\/\"]}]},{\"@type\":\"ImageObject\",\"inLanguage\":\"de\",\"@id\":\"https:\/\/awero.ee\/de\/blog\/#primaryimage\",\"url\":\"https:\/\/awero.ee\/wp-content\/uploads\/2025\/06\/square.png\",\"contentUrl\":\"https:\/\/awero.ee\/wp-content\/uploads\/2025\/06\/square.png\",\"width\":1000,\"height\":1000},{\"@type\":\"BreadcrumbList\",\"@id\":\"https:\/\/awero.ee\/de\/blog\/#breadcrumb\",\"itemListElement\":[{\"@type\":\"ListItem\",\"position\":1,\"name\":\"Home\",\"item\":\"https:\/\/awero.ee\/de\/startseite\/\"},{\"@type\":\"ListItem\",\"position\":2,\"name\":\"Blog\"}]},{\"@type\":\"WebSite\",\"@id\":\"https:\/\/awero.ee\/de\/#website\",\"url\":\"https:\/\/awero.ee\/de\/\",\"name\":\"Awero - S\u00fcdamega L\u00f5una Eestist\",\"description\":\"\",\"publisher\":{\"@id\":\"https:\/\/awero.ee\/de\/#organization\"},\"potentialAction\":[{\"@type\":\"SearchAction\",\"target\":{\"@type\":\"EntryPoint\",\"urlTemplate\":\"https:\/\/awero.ee\/de\/?s={search_term_string}\"},\"query-input\":{\"@type\":\"PropertyValueSpecification\",\"valueRequired\":true,\"valueName\":\"search_term_string\"}}],\"inLanguage\":\"de\"},{\"@type\":\"Organization\",\"@id\":\"https:\/\/awero.ee\/de\/#organization\",\"name\":\"Awero - S\u00fcdamega L\u00f5una Eestist\",\"url\":\"https:\/\/awero.ee\/de\/\",\"logo\":{\"@type\":\"ImageObject\",\"inLanguage\":\"de\",\"@id\":\"https:\/\/awero.ee\/de\/#\/schema\/logo\/image\/\",\"url\":\"https:\/\/awero.ee\/wp-content\/uploads\/2024\/07\/aweroplaceholder.jpg\",\"contentUrl\":\"https:\/\/awero.ee\/wp-content\/uploads\/2024\/07\/aweroplaceholder.jpg\",\"width\":1250,\"height\":834,\"caption\":\"Awero - S\u00fcdamega L\u00f5una Eestist\"},\"image\":{\"@id\":\"https:\/\/awero.ee\/de\/#\/schema\/logo\/image\/\"}}]}<\/script>\n<!-- \/ Yoast SEO plugin. -->","yoast_head_json":{"title":"Awero \u2013 Mit Herz aus S\u00fcdestland \u2013 Blog","description":"N\u00fctzliche Tipps, wie Sie Ihr Badefass immer angenehm warm und Ihre Eiswanne sch\u00f6n kalt halten. Genau so, wie es f\u00fcr das Vergn\u00fcgen n\u00f6tig ist!","robots":{"index":"index","follow":"follow","max-snippet":"max-snippet:-1","max-image-preview":"max-image-preview:large","max-video-preview":"max-video-preview:-1"},"canonical":"https:\/\/awero.ee\/de\/blog\/","og_locale":"de_DE","og_type":"article","og_title":"Awero \u2013 Mit Herz aus S\u00fcdestland \u2013 Blog","og_description":"N\u00fctzliche Tipps, wie Sie Ihr Badefass immer angenehm warm und Ihre Eiswanne sch\u00f6n kalt halten. Genau so, wie es f\u00fcr das Vergn\u00fcgen n\u00f6tig ist!","og_url":"https:\/\/awero.ee\/de\/blog\/","og_site_name":"Awero - S\u00fcdamega L\u00f5una-Eestist","og_image":[{"width":1000,"height":1000,"url":"https:\/\/awero.ee\/wp-content\/uploads\/2025\/06\/square.png","type":"image\/png"}],"twitter_card":"summary_large_image","schema":{"@context":"https:\/\/schema.org","@graph":[{"@type":"WebPage","@id":"https:\/\/awero.ee\/de\/blog\/","url":"https:\/\/awero.ee\/de\/blog\/","name":"Awero \u2013 Mit Herz aus S\u00fcdestland \u2013 Blog","isPartOf":{"@id":"https:\/\/awero.ee\/de\/#website"},"primaryImageOfPage":{"@id":"https:\/\/awero.ee\/de\/blog\/#primaryimage"},"image":{"@id":"https:\/\/awero.ee\/de\/blog\/#primaryimage"},"thumbnailUrl":"https:\/\/awero.ee\/wp-content\/uploads\/2025\/06\/square.png","datePublished":"2025-03-18T11:25:01+00:00","description":"N\u00fctzliche Tipps, wie Sie Ihr Badefass immer angenehm warm und Ihre Eiswanne sch\u00f6n kalt halten. Genau so, wie es f\u00fcr das Vergn\u00fcgen n\u00f6tig ist!","breadcrumb":{"@id":"https:\/\/awero.ee\/de\/blog\/#breadcrumb"},"inLanguage":"de","potentialAction":[{"@type":"ReadAction","target":["https:\/\/awero.ee\/de\/blog\/"]}]},{"@type":"ImageObject","inLanguage":"de","@id":"https:\/\/awero.ee\/de\/blog\/#primaryimage","url":"https:\/\/awero.ee\/wp-content\/uploads\/2025\/06\/square.png","contentUrl":"https:\/\/awero.ee\/wp-content\/uploads\/2025\/06\/square.png","width":1000,"height":1000},{"@type":"BreadcrumbList","@id":"https:\/\/awero.ee\/de\/blog\/#breadcrumb","itemListElement":[{"@type":"ListItem","position":1,"name":"Home","item":"https:\/\/awero.ee\/de\/startseite\/"},{"@type":"ListItem","position":2,"name":"Blog"}]},{"@type":"WebSite","@id":"https:\/\/awero.ee\/de\/#website","url":"https:\/\/awero.ee\/de\/","name":"Awero - S\u00fcdamega L\u00f5una Eestist","description":"","publisher":{"@id":"https:\/\/awero.ee\/de\/#organization"},"potentialAction":[{"@type":"SearchAction","target":{"@type":"EntryPoint","urlTemplate":"https:\/\/awero.ee\/de\/?s={search_term_string}"},"query-input":{"@type":"PropertyValueSpecification","valueRequired":true,"valueName":"search_term_string"}}],"inLanguage":"de"},{"@type":"Organization","@id":"https:\/\/awero.ee\/de\/#organization","name":"Awero - S\u00fcdamega L\u00f5una Eestist","url":"https:\/\/awero.ee\/de\/","logo":{"@type":"ImageObject","inLanguage":"de","@id":"https:\/\/awero.ee\/de\/#\/schema\/logo\/image\/","url":"https:\/\/awero.ee\/wp-content\/uploads\/2024\/07\/aweroplaceholder.jpg","contentUrl":"https:\/\/awero.ee\/wp-content\/uploads\/2024\/07\/aweroplaceholder.jpg","width":1250,"height":834,"caption":"Awero - S\u00fcdamega L\u00f5una Eestist"},"image":{"@id":"https:\/\/awero.ee\/de\/#\/schema\/logo\/image\/"}}]}},"_links":{"self":[{"href":"https:\/\/awero.ee\/de\/wp-json\/wp\/v2\/pages\/13403","targetHints":{"allow":["GET"]}}],"collection":[{"href":"https:\/\/awero.ee\/de\/wp-json\/wp\/v2\/pages"}],"about":[{"href":"https:\/\/awero.ee\/de\/wp-json\/wp\/v2\/types\/page"}],"author":[{"embeddable":true,"href":"https:\/\/awero.ee\/de\/wp-json\/wp\/v2\/users\/1"}],"replies":[{"embeddable":true,"href":"https:\/\/awero.ee\/de\/wp-json\/wp\/v2\/comments?post=13403"}],"version-history":[{"count":0,"href":"https:\/\/awero.ee\/de\/wp-json\/wp\/v2\/pages\/13403\/revisions"}],"wp:featuredmedia":[{"embeddable":true,"href":"https:\/\/awero.ee\/de\/wp-json\/wp\/v2\/media\/13402"}],"wp:attachment":[{"href":"https:\/\/awero.ee\/de\/wp-json\/wp\/v2\/media?parent=13403"}],"curies":[{"name":"wp","href":"https:\/\/api.w.org\/{rel}","templated":true}]}}